{"id":11,"date":"2019-06-28T08:59:05","date_gmt":"2019-06-28T05:59:05","guid":{"rendered":"https:\/\/blogi.savonia.fi\/sotetie\/?page_id=11"},"modified":"2021-10-07T07:54:21","modified_gmt":"2021-10-07T04:54:21","slug":"tuotokset-ja-tyopaketit","status":"publish","type":"page","link":"https:\/\/blogi.savonia.fi\/sotetie\/tuotokset-ja-tyopaketit\/","title":{"rendered":"Tuotokset ja ty\u00f6paketit"},"content":{"rendered":"<p><span style=\"background-color: transparent;color: #333333;float: none;quot;quot;quot;quot;,times,serif;font-size: 16px;font-style: normal;font-variant: normal;font-weight: 400;letter-spacing: normal;line-height: 24px;text-align: left;text-decoration: none;text-indent: 0px;text-transform: none\"><strong>SOTETIE -hanke<\/strong> (<\/span><a style=\"background-color: transparent;color: #0066cc;quot;quot;quot;quot;,times,serif;font-size: 16px;font-style: normal;font-variant: normal;font-weight: 400;letter-spacing: normal;line-height: 24px;max-width: none;min-height: 0px;overflow: visible;text-align: left;text-decoration: underline;text-indent: 0px;text-transform: none;padding: 0px;margin: 0px\" href=\"https:\/\/blogi.savonia.fi\/sotetie\/wp-content\/uploads\/sites\/6826\/2019\/09\/SOTETIE_juliste.pdf\" target=\"_blank\" rel=\"noopener noreferrer\">juliste<\/a><span style=\"background-color: transparent;color: #333333;float: none;quot;quot;quot;quot;,times,serif;font-size: 16px;font-style: normal;font-variant: normal;font-weight: 400;letter-spacing: normal;line-height: 24px;text-align: left;text-decoration: none;text-indent: 0px;text-transform: none\">) etenee ty\u00f6paketteina (TP), joiden tuloksia julkaistaan t\u00e4lle sivulle sit\u00e4 mukaa kun ne valmistuvat.<\/span><\/p>\n<p><img loading=\"lazy\" decoding=\"async\" class=\"aligncenter wp-image-115 size-full\" src=\"https:\/\/blogi.savonia.fi\/sotetie\/wp-content\/uploads\/sites\/6826\/2020\/02\/SOTETIE_hanke_kuvio.jpg\" alt=\"\" width=\"1280\" height=\"720\" srcset=\"https:\/\/blogi.savonia.fi\/sotetie\/wp-content\/uploads\/sites\/6826\/2020\/02\/SOTETIE_hanke_kuvio.jpg 1280w, https:\/\/blogi.savonia.fi\/sotetie\/wp-content\/uploads\/sites\/6826\/2020\/02\/SOTETIE_hanke_kuvio-300x169.jpg 300w, https:\/\/blogi.savonia.fi\/sotetie\/wp-content\/uploads\/sites\/6826\/2020\/02\/SOTETIE_hanke_kuvio-1024x576.jpg 1024w, https:\/\/blogi.savonia.fi\/sotetie\/wp-content\/uploads\/sites\/6826\/2020\/02\/SOTETIE_hanke_kuvio-768x432.jpg 768w\" sizes=\"auto, (max-width: 1280px) 100vw, 1280px\" \/><\/p>\n<p>SOTETIE-hanke p\u00e4\u00e4ttyy pian. <a href=\"https:\/\/www.savonia.fi\/uncategorized\/sotetie-tekee-sote-alan-osaamisen-nakyvaksi\/\">Lue<\/a>, mit\u00e4 olemme saaneet aikaan!<\/p>\n<p>\u00a0<\/p>\n<p>TERVETULOA hankkeen loppuseminaariin 10.11.2021 klo: 8.30 &#8211; 15.00<\/p>\n<p>Paikka: Laurea-ammattikorkeakoulu, Tikkurilan kampus (Ratatie 22, Vantaa) tai et\u00e4yhteydell\u00e4<\/p>\n<p><a href=\"https:\/\/events.savonia.fi\/sotetie\">Ilmoittaudu 2<\/a>0.10.2021 menness\u00e4\u00a0<\/p>\n<p>Katso ohjelma <a href=\"https:\/\/blogi.savonia.fi\/sotetie\/wp-content\/uploads\/sites\/6826\/2021\/08\/Sotetie-loppuseminaari-kutsu-MAKSUTON.pdf\">t\u00e4st\u00e4<\/a><\/p>\n<p>Lue hankkeesta kiteytys <a href=\"https:\/\/yritma.fi\/uutiset\/sosiaali-ja-kuntatalous\/sotetie-nayttaa-reitin-jatkuvan-oppimisen-maailmaan\">t\u00e4\u00e4lt\u00e4<\/a>!<\/p>\n<p>\u00a0<\/p>\n<p><strong>Hankkeen tulokset ja julkaisut<\/strong><\/p>\n<p>Ty\u00f6ntekijyysosaaminen avaimena ty\u00f6n muutokseen. Lue Metropolia amk:n blogikirjoitus asiasta <a href=\"https:\/\/blogit.metropolia.fi\/tikissa\/2019\/12\/17\/tyontekijyysosaaminen-avaimena-tyon-muutokseen\/\">https:\/\/blogit.metropolia.fi\/tikissa\/2019\/12\/17\/tyontekijyysosaaminen-avaimena-tyon-muutokseen\/<\/a><\/p>\n<p>Hankkeesta tietoa my\u00f6s <a href=\"http:\/\/sjtt.fi\/\">Sosiaali &amp; Terveysala t\u00e4n\u00e4\u00e4n -lehdess\u00e4 5\/19<\/a> &#8221;Tiekartta sote-ammattilaisen jatkuvaan oppimiseen&#8221;.<\/p>\n<p>&#8221;<a href=\"http:\/\/urn.fi\/URN:ISBN::978-952-344-253-5\">Sosiaali- ja terveysalan ammattilaisten geneerinen osaaminen<\/a>. Kirjallisuuskatsaus.&#8221; on SOTETIE-hankkeen alkuvaiheen julkaisu, johon on koottu sosiaali- ja terveysalan yhteist\u00e4 osaamista k\u00e4sittelev\u00e4n kirjallisuuskatsauksen tulokset. Katsauksen tulosten avulla tuotetaan sosiaali- ja terveysalan yhteisiin osaamisiin arviointimenetelm\u00e4, jota k\u00e4ytet\u00e4\u00e4n ammattilaisen ja ty\u00f6yhteis\u00f6n osaamisen arvioinnissa. Julkaisu nostaa esiin lukuisia t\u00e4rkeit\u00e4 osaamisalueita, jotka kaipaavat vahvistamista. N\u00e4it\u00e4 ovat mm. kest\u00e4v\u00e4n kehityksen osaaminen, ty\u00f6ntekijyysosaaminen sek\u00e4 vaikuttavuusosaaminen.<\/p>\n<p>Laurea Journalissa on julkaistu kaksi artikkelia jatkuvan oppimisen vaikuttavuuden n\u00e4k\u00f6kulmasta. Ensimm\u00e4isess\u00e4 <a href=\"https:\/\/journal.laurea.fi\/ideointia-koulutuksen-vaikutuksen-ja-vaikuttavuuden-arvioinnin-kehittamiseksi\/\">artikkeli<\/a>ssa tarkastellaan koulutuksen vaikutuksen ja vaikuttavuuden arvioinnin kehitt\u00e4mist\u00e4 monitoimijaisesti sosiaali- ja terveysalan erikoistumiskoulutuksen kontekstissa. <span style=\"float: none;background-color: transparent;color: #666666;cursor: text;font-family: 'Lato',sans-serif;font-size: 16px;font-style: normal;font-variant: normal;font-weight: 400;letter-spacing: normal;text-align: left;text-decoration: none;text-indent: 0px;text-transform: none\">SOTETIE -hankkeessa Laurea koordinoi ty\u00f6pajoja, jotka toteutettiin kahden hankkeen yhteisty\u00f6n\u00e4.<\/span> Toisessa <a href=\"https:\/\/journal.laurea.fi\/mita-koulutuksen-vaikutus-ja-vaikuttavuus-ovat-erikoistumiskoulutusten-opettajien-opiskelijoiden-ja-tyoelaman-kokemuksia\/\">artikkelissa<\/a> puolestaan kuvataan <span style=\"float: none;background-color: transparent;color: #666666;cursor: text;font-family: 'Lato',sans-serif;font-size: 16px;font-style: normal;font-variant: normal;font-weight: 400;letter-spacing: normal;text-align: left;text-decoration: none;text-indent: 0px;text-transform: none\">erikoistumiskoulutusten opettajien, opiskelijoiden ja ty\u00f6el\u00e4m\u00e4n kokemuksia<\/span> siit\u00e4, mit\u00e4 koulutuksen vaikutus ja vaikuttavuus ovat.<\/p>\n<p>Savonia Ammattikorkeakoulun Hyvinvointikoordinaattori YAMK-opiskelija Miia Juntunen toteutti opinn\u00e4ytety\u00f6ns\u00e4 <strong>&#8221;Palveluohjaus sosiaalialan terveytt\u00e4 ja hyvinvointia edist\u00e4v\u00e4ss\u00e4 ohjaus- ja neuvontaty\u00f6ss\u00e4&#8221;<\/strong> blogi-muotoisena. Opinn\u00e4ytety\u00f6n tilaajana ja yhteisty\u00f6kumppanina toimi SOTETIE \u2013hanke. K\u00e4y tutustumassa opinn\u00e4ytety\u00f6h\u00f6n\u00a0 <a href=\"https:\/\/miiajblog.blogspot.com\/\">blogisivuilla<\/a><\/p>\n\n\n<p>Ty\u00f6ntekij\u00f6iden n\u00e4k\u00f6kulmia tulevaisuuden sosiaali- ja terveysalan osaamiseen. K\u00e4y lukemassa Metropolian blogi: <a href=\"https:\/\/blogit.metropolia.fi\/tikissa\/2020\/12\/08\/tyontekijoiden-nakokulmia-tulevaisuuden-sosiaali-ja-terveysalan-osaamiseen\/\" data-id=\"https:\/\/blogit.metropolia.fi\/tikissa\/2020\/12\/08\/tyontekijoiden-nakokulmia-tulevaisuuden-sosiaali-ja-terveysalan-osaamiseen\/\" data-type=\"URL\">https:\/\/blogit.metropolia.fi\/tikissa\/2020\/12\/08\/tyontekijoiden-nakokulmia-tulevaisuuden-sosiaali-ja-terveysalan-osaamiseen\/<\/a><\/p>\n\n\n\n<p>Sote-alan\u202fty\u00f6el\u00e4m\u00e4tieto hy\u00f6tyk\u00e4ytt\u00f6\u00f6n SOTETIE-hankkeessa. K\u00e4y lukemassa uusin AMK-lehti \/\/ UAS Journal: <a href=\"https:\/\/uasjournal.fi\/4-2020\/tyoelamatieto-hyotykayttoon\/\" data-id=\"https:\/\/uasjournal.fi\/4-2020\/tyoelamatieto-hyotykayttoon\/\" data-type=\"URL\">https:\/\/uasjournal.fi\/4-2020\/tyoelamatieto-hyotykayttoon\/<\/a><\/p>\n\n\n\n<p>Erikoistumiskoulutukset sosiaali- ja terveysalan osaamisen kehitt\u00e4misen keinona. <a href=\"https:\/\/journal.fi\/sla\/issue\/view\/6956\" data-id=\"https:\/\/journal.fi\/sla\/issue\/view\/6956\" data-type=\"URL\">Julkaisu <\/a>Sosiaalil\u00e4\u00e4ketieteellisess\u00e4 aikakausilehdess\u00e4 2020:57;382-386.<\/p>\n\n\n\n<p>Diakonia-ammattikorkeakoulussa on julkaistu artikkeli sosiaali- ja terveysalan osaamisen kehitt\u00e4mistarpeista ja niihin vastaamisesta koulutuspalveluilla. K\u00e4y lukemassa <a href=\"http:\/\/urn.fi\/URN:NBN:fi:amk-202103223669\" data-id=\"http:\/\/urn.fi\/URN:NBN:fi:amk-202103223669\" data-type=\"URL\">julkaisu <\/a>Helminen, J., (2021). Ty\u00f6el\u00e4m\u00e4l\u00e4ht\u00f6isi\u00e4 koulutuspalveluja jatkuvaan osaamisen kehitt\u00e4miseen. Helminen, J. (toim.), Strategia siivitt\u00e4m\u00e4ss\u00e4 tutkimus-, kehitt\u00e4mis- ja innovaatiotoimintaa \u2013 Diakonia-ammattikorkeakoulun TKI-toiminnan vuosikirja 6. (Diak Ty\u00f6el\u00e4m\u00e4 21). Diakonia-ammattikorkeakoulu.<\/p>\n\n\n\n<p>HAMK:ssa on julkaistu ty\u00f6paketti 3:n liittyv\u00e4 artikkeli palveluohjauksesta. K\u00e4yh\u00e4n lukemassa <a href=\"https:\/\/unlimited.hamk.fi\/hyvinvointi-ja-sote-ala\/palveluohjaus-vaatii-laaja-alaista-osaamista-sosiaali-ja-terveysalalla\/\" data-type=\"URL\" data-id=\"https:\/\/unlimited.hamk.fi\/hyvinvointi-ja-sote-ala\/palveluohjaus-vaatii-laaja-alaista-osaamista-sosiaali-ja-terveysalalla\/\">julkaisu<\/a>! Palveluohjaus edellytt\u00e4\u00e4 moniulotteista ja laaja-alaista osaamista. Sosiaali- ja terveysalan tutkintoihin sis\u00e4ltyv\u00e4n palveluohjausosaamisen sek\u00e4 erikoistumiskoulutuksen lis\u00e4ksi tarvitaan uusia ja joustavia koulutusmuotoja. T\u00e4m\u00e4n hankkeen yhten\u00e4 tavoitteena on kehitt\u00e4\u00e4 monialaista asiakas- ja palveluohjausosaamista ja t\u00e4sment\u00e4\u00e4 palveluohjauksen m\u00e4\u00e4rittely\u00e4 .<\/p>\n\n\n\n<p>UAS Journalissa on ilmestynyt artikkeli <a href=\"http:\/\/urn.fi\/URN:NBN:fi-fe202103127254\">Hurudant kunnande beh\u00f6vs inom social- och h\u00e4lsov\u00e5rden i framtiden? <\/a>K\u00e4yh\u00e4n lukemassa!<br><\/p>\n\n\n\n<p>Avoin TKI-integroitu oppiminen (TKIO) on jo t\u00e4n\u00e4\u00e4n arkip\u00e4iv\u00e4\u00e4 ammattikorkeakouluissa. Mutta mit\u00e4 ovat avoimen TKI-integroidun oppimisen (TKIO) hyv\u00e4t k\u00e4yt\u00e4nteet? Miten TKIOta toteutetaan muissa korkeakouluissa? Lue  <a href=\"http:\/\/urn.fi\/URN:ISBN:978-951-799-611-2\" data-type=\"URL\" data-id=\"http:\/\/urn.fi\/URN:ISBN:978-951-799-611-2\">Avoimen TKI-integroidun oppimisen toimintamalleista ja hyvist\u00e4 k\u00e4yt\u00e4nteist\u00e4 sek\u00e4 avoimen TKI-integroidun oppimisen toteuttamistavoista ja oppimisymp\u00e4rist\u00f6ist\u00e4<\/a>. SOTETIE-hankkeen n\u00e4k\u00f6kulmaa sivulta 22 alkaen; Sosiaali- ja terveysalan hankkeet avoimen oppimisen ja yhteiskehittelyn alustana.<\/p>\n\n\n\n<p>Vuoropuhelua yhdess\u00e4 kehitt\u00e4misest\u00e4 \u2013 miten ty\u00f6el\u00e4m\u00e4n kehitt\u00e4minen, hankety\u00f6n ja opintojen yhdist\u00e4minen n\u00e4ytt\u00e4ytyy eri toimijoille. Lue Laurea Journalista <a href=\"https:\/\/journal.laurea.fi\/vuoropuhelua-yhdessa-kehittamisesta-miten-tyoelaman-kehittaminen-hanketyon-ja-opintojen-yhdistaminen-nayttaytyy-eri-toimijoille\/#74d84862\" data-type=\"URL\" data-id=\"https:\/\/journal.laurea.fi\/vuoropuhelua-yhdessa-kehittamisesta-miten-tyoelaman-kehittaminen-hanketyon-ja-opintojen-yhdistaminen-nayttaytyy-eri-toimijoille\/#74d84862\">artikkeli<\/a>!<\/p>\n\n\n\n<p> <\/p>\n","protected":false},"excerpt":{"rendered":"<p>SOTETIE -hanke (juliste) etenee ty\u00f6paketteina (TP), joiden tuloksia julkaistaan t\u00e4lle sivulle sit\u00e4 mukaa kun ne valmistuvat. SOTETIE-hanke p\u00e4\u00e4ttyy pian. Lue, mit\u00e4 olemme saaneet aikaan! \u00a0 TERVETULOA hankkeen loppuseminaariin 10.11.2021 klo: 8.30 &#8211; 15.00 Paikka: Laurea-ammattikorkeakoulu, Tikkurilan kampus (Ratatie 22, Vantaa)<\/p>\n","protected":false},"author":476,"featured_media":0,"parent":0,"menu_order":0,"comment_status":"closed","ping_status":"closed","template":"","meta":{"footnotes":""},"class_list":["post-11","page","type-page","status-publish","hentry"],"_links":{"self":[{"href":"https:\/\/blogi.savonia.fi\/sotetie\/wp-json\/wp\/v2\/pages\/11","targetHints":{"allow":["GET"]}}],"collection":[{"href":"https:\/\/blogi.savonia.fi\/sotetie\/wp-json\/wp\/v2\/pages"}],"about":[{"href":"https:\/\/blogi.savonia.fi\/sotetie\/wp-json\/wp\/v2\/types\/page"}],"author":[{"embeddable":true,"href":"https:\/\/blogi.savonia.fi\/sotetie\/wp-json\/wp\/v2\/users\/476"}],"replies":[{"embeddable":true,"href":"https:\/\/blogi.savonia.fi\/sotetie\/wp-json\/wp\/v2\/comments?post=11"}],"version-history":[{"count":28,"href":"https:\/\/blogi.savonia.fi\/sotetie\/wp-json\/wp\/v2\/pages\/11\/revisions"}],"predecessor-version":[{"id":735,"href":"https:\/\/blogi.savonia.fi\/sotetie\/wp-json\/wp\/v2\/pages\/11\/revisions\/735"}],"wp:attachment":[{"href":"https:\/\/blogi.savonia.fi\/sotetie\/wp-json\/wp\/v2\/media?parent=11"}],"curies":[{"name":"wp","href":"https:\/\/api.w.org\/{rel}","templated":true}]}}