{"id":2,"date":"2019-06-28T08:46:56","date_gmt":"2019-06-28T05:46:56","guid":{"rendered":"https:\/\/blogi.savonia.fi\/sotetie\/?page_id=2"},"modified":"2021-04-12T08:22:11","modified_gmt":"2021-04-12T05:22:11","slug":"tietoa","status":"publish","type":"page","link":"https:\/\/blogi.savonia.fi\/sotetie\/tietoa\/","title":{"rendered":"Tietoa blogista"},"content":{"rendered":"<p><img loading=\"lazy\" decoding=\"async\" width=\"1187\" height=\"436\" class=\"alignnone wp-image-58 size-full\" alt=\"\" src=\"https:\/\/blogi.savonia.fi\/sotetie\/wp-content\/uploads\/sites\/6826\/2019\/10\/Dia1-2.jpg\" srcset=\"https:\/\/blogi.savonia.fi\/sotetie\/wp-content\/uploads\/sites\/6826\/2019\/10\/Dia1-2.jpg 1187w, https:\/\/blogi.savonia.fi\/sotetie\/wp-content\/uploads\/sites\/6826\/2019\/10\/Dia1-2-300x110.jpg 300w, https:\/\/blogi.savonia.fi\/sotetie\/wp-content\/uploads\/sites\/6826\/2019\/10\/Dia1-2-768x282.jpg 768w, https:\/\/blogi.savonia.fi\/sotetie\/wp-content\/uploads\/sites\/6826\/2019\/10\/Dia1-2-1024x376.jpg 1024w\" sizes=\"auto, (max-width: 1187px) 100vw, 1187px\" \/><\/p>\n<p>SOTETIE on Euroopan sosiaalirahaston ja Pohjois-Pohjanmaan ely:n rahoittama hanke<\/p>\n<p><\/p>\n\n\n<p>T\u00e4m\u00e4n blogin toimituskuntana toimivat:<\/p>\n\n\n\n<p>Petteri J\u00e4\u00e4skel\u00e4inen<br>Tutkimus- ja kehitysp\u00e4\u00e4llikk\u00f6 (TKI-palvelut)<br>Savonia-ammattikorkeakoulu<\/p>\n\n\n\n<p>Anne Heikkinen<br>Viestint\u00e4p\u00e4\u00e4llikk\u00f6<br>Savonia-ammattikorkeakoulu<\/p>\n","protected":false},"excerpt":{"rendered":"<p>SOTETIE on Euroopan sosiaalirahaston ja Pohjois-Pohjanmaan ely:n rahoittama hanke T\u00e4m\u00e4n blogin toimituskuntana toimivat: Petteri J\u00e4\u00e4skel\u00e4inenTutkimus- ja kehitysp\u00e4\u00e4llikk\u00f6 (TKI-palvelut)Savonia-ammattikorkeakoulu Anne HeikkinenViestint\u00e4p\u00e4\u00e4llikk\u00f6Savonia-ammattikorkeakoulu<\/p>\n","protected":false},"author":476,"featured_media":0,"parent":0,"menu_order":0,"comment_status":"closed","ping_status":"open","template":"","meta":{"footnotes":""},"class_list":["post-2","page","type-page","status-publish","hentry"],"_links":{"self":[{"href":"https:\/\/blogi.savonia.fi\/sotetie\/wp-json\/wp\/v2\/pages\/2","targetHints":{"allow":["GET"]}}],"collection":[{"href":"https:\/\/blogi.savonia.fi\/sotetie\/wp-json\/wp\/v2\/pages"}],"about":[{"href":"https:\/\/blogi.savonia.fi\/sotetie\/wp-json\/wp\/v2\/types\/page"}],"author":[{"embeddable":true,"href":"https:\/\/blogi.savonia.fi\/sotetie\/wp-json\/wp\/v2\/users\/476"}],"replies":[{"embeddable":true,"href":"https:\/\/blogi.savonia.fi\/sotetie\/wp-json\/wp\/v2\/comments?post=2"}],"version-history":[{"count":10,"href":"https:\/\/blogi.savonia.fi\/sotetie\/wp-json\/wp\/v2\/pages\/2\/revisions"}],"predecessor-version":[{"id":575,"href":"https:\/\/blogi.savonia.fi\/sotetie\/wp-json\/wp\/v2\/pages\/2\/revisions\/575"}],"wp:attachment":[{"href":"https:\/\/blogi.savonia.fi\/sotetie\/wp-json\/wp\/v2\/media?parent=2"}],"curies":[{"name":"wp","href":"https:\/\/api.w.org\/{rel}","templated":true}]}}