{"id":12,"date":"2021-02-12T14:06:19","date_gmt":"2021-02-12T12:06:19","guid":{"rendered":"https:\/\/blogi.savonia.fi\/tarjaduka\/?page_id=12"},"modified":"2023-10-17T14:30:50","modified_gmt":"2023-10-17T11:30:50","slug":"loppuarviointi","status":"publish","type":"page","link":"https:\/\/blogi.savonia.fi\/tarjaduka\/loppuarviointi\/","title":{"rendered":"Loppuarviointi"},"content":{"rendered":"\n<p>Aloitin harjoittelun asettelemalla potilaan Thoraxin ja pikkunivelten kuvauksiin.  Syvent\u00e4v\u00e4n harjoittelun alussa kertasin ohjeista hyv\u00e4n kuvan kriteerit, esim. polven kuvauksissa p\u00e4\u00e4sin toteuttamaan koko radiografiaty\u00f6nprosessia ja toki muissakin kuvauksissa. T\u00e4ll\u00e4 jaksolla keskityin enemm\u00e4n vaativimpiin potilaisiin, esim. maaten Thorax, ortopediset kuvaukset, lasten kuvaukset, vieraskieliset potilaat jne. Puhun sujuvasti englantia joka on t\u00e4rke\u00e4\u00e4 ohjatessa vieraskielisi\u00e4 potilaita.<\/p>\n\n\n\n<p>Parhaiten opin esim. traumakuvaukset, kun ensin katoin, kun r\u00f6ntgenhoitaja asetteli ptilaan kuvaukseen, olin mukana avustamassa asettelussa harjoittelun alussa. V\u00e4hitellen minulta onnistui esim. traumanilkan kuvaaminen.  Traumapotilaan kontrollikuvauksissa joutuu k\u00e4ytt\u00e4m\u00e4\u00e4n luovuutta, ett\u00e4 osaa arvioida oikean kuvausasennon, koska kipsin l\u00e4pi ei voi tunnustella anatomisia kohteita niin hyvin.<\/p>\n\n\n\n<p><\/p>\n","protected":false},"excerpt":{"rendered":"<p>Aloitin harjoittelun asettelemalla potilaan Thoraxin ja pikkunivelten kuvauksiin. Syvent\u00e4v\u00e4n harjoittelun alussa kertasin ohjeista hyv\u00e4n kuvan kriteerit, esim. polven kuvauksissa p\u00e4\u00e4sin toteuttamaan koko radiografiaty\u00f6nprosessia ja toki muissakin kuvauksissa. T\u00e4ll\u00e4 jaksolla keskityin enemm\u00e4n vaativimpiin potilaisiin, esim. maaten Thorax, ortopediset kuvaukset, lasten kuvaukset, vieraskieliset potilaat jne. Puhun sujuvasti englantia joka on t\u00e4rke\u00e4\u00e4 ohjatessa vieraskielisi\u00e4 potilaita. Parhaiten opin esim. &hellip; <a href=\"https:\/\/blogi.savonia.fi\/tarjaduka\/loppuarviointi\/\" class=\"more-link\">Jatka lukemista <span class=\"screen-reader-text\">Loppuarviointi<\/span> <span class=\"meta-nav\">&rarr;<\/span><\/a><\/p>\n","protected":false},"author":7962,"featured_media":0,"parent":0,"menu_order":0,"comment_status":"closed","ping_status":"closed","template":"","meta":{"footnotes":""},"class_list":["post-12","page","type-page","status-publish","hentry"],"_links":{"self":[{"href":"https:\/\/blogi.savonia.fi\/tarjaduka\/wp-json\/wp\/v2\/pages\/12","targetHints":{"allow":["GET"]}}],"collection":[{"href":"https:\/\/blogi.savonia.fi\/tarjaduka\/wp-json\/wp\/v2\/pages"}],"about":[{"href":"https:\/\/blogi.savonia.fi\/tarjaduka\/wp-json\/wp\/v2\/types\/page"}],"author":[{"embeddable":true,"href":"https:\/\/blogi.savonia.fi\/tarjaduka\/wp-json\/wp\/v2\/users\/7962"}],"replies":[{"embeddable":true,"href":"https:\/\/blogi.savonia.fi\/tarjaduka\/wp-json\/wp\/v2\/comments?post=12"}],"version-history":[{"count":3,"href":"https:\/\/blogi.savonia.fi\/tarjaduka\/wp-json\/wp\/v2\/pages\/12\/revisions"}],"predecessor-version":[{"id":465,"href":"https:\/\/blogi.savonia.fi\/tarjaduka\/wp-json\/wp\/v2\/pages\/12\/revisions\/465"}],"wp:attachment":[{"href":"https:\/\/blogi.savonia.fi\/tarjaduka\/wp-json\/wp\/v2\/media?parent=12"}],"curies":[{"name":"wp","href":"https:\/\/api.w.org\/{rel}","templated":true}]}}