{"id":106,"date":"2023-11-01T09:48:38","date_gmt":"2023-11-01T07:48:38","guid":{"rendered":"https:\/\/blogi.savonia.fi\/thomascoelho\/?page_id=106"},"modified":"2023-11-22T20:35:40","modified_gmt":"2023-11-22T18:35:40","slug":"visit-finalnd","status":"publish","type":"page","link":"https:\/\/blogi.savonia.fi\/thomascoelho\/matkailu-ja-majoituspalvelut-tutuksi-e-portfolio-oppimistehtava\/visit-finalnd\/","title":{"rendered":"Vastuullinen matkailu ja sen edist\u00e4minen"},"content":{"rendered":"\n<p>Vastuullinen matkailu nykyhetkess\u00e4, sek\u00e4 tulevaisuudessa on yksi ehdottomasti alamme ajankohtaisimmista asioista, ja juuri t\u00e4m\u00e4n vuoksi aihe kiinnostaa ja koskettaa minua eritt\u00e4in vahvasti matkailu-, majoitus-, ravintolapalvelualan tulevana ammattilaisena.<\/p>\n\n\n\n<p>T\u00e4ss\u00e4 julkaisussani tulen k\u00e4sittelem\u00e4\u00e4n hieman perusasiaa mit\u00e4 olen l\u00f6yt\u00e4nyt aiheesta Visit Finlandin puolelta, sek\u00e4 kerron lyhyesti Sustainable Travel Finland -ohjelmasta, mink\u00e4 j\u00e4lkeen siirryn konkreettisiin neuvoihin ja tekoihin, joita l\u00f6ytyi Virolaisen Bolt yrityksen eritt\u00e4in uudenkarheasta blogijulkaisusta, sek\u00e4 yleisesti Kuluttajaliiton sivuilta.<\/p>\n\n\n\n<figure class=\"wp-block-image size-large\"><img loading=\"lazy\" decoding=\"async\" width=\"1024\" height=\"683\" src=\"https:\/\/blogi.savonia.fi\/thomascoelho\/wp-content\/uploads\/sites\/12672\/2023\/11\/environmental-protection-4366503_1920-1024x683.jpg\" alt=\"\" class=\"wp-image-135\" srcset=\"https:\/\/blogi.savonia.fi\/thomascoelho\/wp-content\/uploads\/sites\/12672\/2023\/11\/environmental-protection-4366503_1920-1024x683.jpg 1024w, https:\/\/blogi.savonia.fi\/thomascoelho\/wp-content\/uploads\/sites\/12672\/2023\/11\/environmental-protection-4366503_1920-300x200.jpg 300w, https:\/\/blogi.savonia.fi\/thomascoelho\/wp-content\/uploads\/sites\/12672\/2023\/11\/environmental-protection-4366503_1920-768x512.jpg 768w, https:\/\/blogi.savonia.fi\/thomascoelho\/wp-content\/uploads\/sites\/12672\/2023\/11\/environmental-protection-4366503_1920-1536x1024.jpg 1536w, https:\/\/blogi.savonia.fi\/thomascoelho\/wp-content\/uploads\/sites\/12672\/2023\/11\/environmental-protection-4366503_1920-624x416.jpg 624w, https:\/\/blogi.savonia.fi\/thomascoelho\/wp-content\/uploads\/sites\/12672\/2023\/11\/environmental-protection-4366503_1920.jpg 1920w\" sizes=\"auto, (max-width: 1024px) 100vw, 1024px\" \/><\/figure>\n\n\n\n<p>Kuva 1. Ymp\u00e4rist\u00f6nsuojelu (Alexas_Fotos Julkaisuaika tuntematon)<\/p>\n\n\n\n<p><strong>Vastuullinen matkailu &#8211; Visit Finland<\/strong><\/p>\n\n\n\n<p>Linkki Visit Finlandin verkkosivuille vastuullisen matkailun osioon: <br>VAS\u00adTUUL\u00adLI\u00adNEN MATKAILU (Visit Finland Julkaisuaika tuntematon) <a href=\"https:\/\/www.visitfinland.fi\/liiketoiminnan-kehittaminen\/vastuullinen-matkailu\">https:\/\/<\/a><a rel=\"noreferrer noopener\" href=\"https:\/\/www.visitfinland.fi\/liiketoiminnan-kehittaminen\/vastuullinen-matkailu\" target=\"_blank\">www.visitfinland.fi<\/a><a href=\"https:\/\/www.visitfinland.fi\/liiketoiminnan-kehittaminen\/vastuullinen-matkailu\">\/liiketoiminnan-kehittaminen\/vastuullinen-matkailu<\/a><\/p>\n\n\n\n<p>Visit Finlandin verkkosivuilta l\u00f6ytyy informaatiota eritt\u00e4in kattavasti ja laajasti vastuullisesta matkailusta. Jos olet esimerkiksi yritt\u00e4j\u00e4 tai vastuullisuudesta kiinnostunut matkailija, joka on kiinnostunut  saavuttamaan vastuullisia valintoja, on paikka juuri sinulle tehty.<\/p>\n\n\n\n<p>Visit Finlandin eri vastuullisuusosioissa k\u00e4sitell\u00e4\u00e4n  matkailua aina eritt\u00e4in  vastuullisesta n\u00e4k\u00f6kulmasta, sivu neuvoo yritt\u00e4ji\u00e4 ja matkailijoita sek\u00e4 eri konserneja vastuullisiin valintoihin  ja antaa tietoa tavoitteista ja tavoista, miten saavutamme vastuullisen matkailun halutun m\u00e4\u00e4r\u00e4np\u00e4\u00e4n.<\/p>\n\n\n\n<p>Minulle Visit Finland on avannut vastuullista matkailua eritt\u00e4in laajasti laajoilla tutkimuksillaan, artikkeleillaan ja uutisillaan. Sivu on jokaisen tulevan matkailualan ammattilaisen t\u00e4rke\u00e4 yst\u00e4v\u00e4 ja tiedottaja, jota tulee seurata tarkasti nyt ja tulevaisuudessa.<\/p>\n\n\n\n<p><strong>Sustainable Travel Finland<\/strong><\/p>\n\n\n\n<p>Vastuullisille yrityksille on olemassa Visit Finlandin kehittelem\u00e4 Sustainable Travel Finland -ohjelma, jonka kautta voi saavuttaa Sustainable Travel Finland -merkin. <\/p>\n\n\n\n<p>Merkki\u00e4 hakeva yritys sitoutuu askel askeleelta siis Sustainable Travel Finland -ohjelmaan, joka tarjoaa yrityksille ja matkailudestinaatioille apua ja neuvoja vastuullisempien valintojen tekemiseen, ohjelman p\u00e4\u00e4tteeksi osallistunut yritys tai matkailudestinaatio hakee merkki\u00e4 ja kriteerit t\u00e4ytt\u00e4ess\u00e4\u00e4n saa kyseisen merkin omasta vastuullisuudestaan.<\/p>\n\n\n\n<p>Jos haluaa toimia vastuullisesti kotimaan matkailussa, kannattaa siis olla silm\u00e4 tarkkana t\u00e4m\u00e4n merkin kanssa.<\/p>\n\n\n\n<p>Sustainable Travel Finland merkki:<\/p>\n\n\n\n<figure class=\"wp-block-image size-full is-resized\"><img loading=\"lazy\" decoding=\"async\" width=\"401\" height=\"176\" src=\"https:\/\/blogi.savonia.fi\/thomascoelho\/wp-content\/uploads\/sites\/12672\/2023\/11\/Nayttokuva-2023-11-09-114436.png\" alt=\"\" class=\"wp-image-134\" style=\"aspect-ratio:2.278409090909091;width:285px;height:auto\" srcset=\"https:\/\/blogi.savonia.fi\/thomascoelho\/wp-content\/uploads\/sites\/12672\/2023\/11\/Nayttokuva-2023-11-09-114436.png 401w, https:\/\/blogi.savonia.fi\/thomascoelho\/wp-content\/uploads\/sites\/12672\/2023\/11\/Nayttokuva-2023-11-09-114436-300x132.png 300w\" sizes=\"auto, (max-width: 401px) 100vw, 401px\" \/><\/figure>\n\n\n\n<p>Kuvaleike&nbsp;Visit Finlandin verkkosivuilta Sustainable Travel Finland merkist\u00e4 (Visit Finland Julkaisuaika tuntematon)<\/p>\n\n\n\n<p>Lis\u00e4\u00e4 aiheesta Visit Finlandin verkkosivuilta: KEST\u00c4V\u00c4N MATKAILUN PUOLESTA (Visit Finland Julkaisuaika tuntematon) <a rel=\"noreferrer noopener\" href=\"https:\/\/www.visitfinland.fi\/liiketoiminnan-kehittaminen\/vastuullinen-matkailu\/sustainable-travel-finland\" target=\"_blank\">https:\/\/www.visitfinland.fi\/liiketoiminnan-kehittaminen\/vastuullinen-matkailu\/sustainable-travel-finland<\/a><\/p>\n\n\n\n<p><strong>Konkreettisia keinoja vastuullisen matkailun edist\u00e4miseen<\/strong><\/p>\n\n\n\n<p>Itsekin matkalla joskus unohdan ihan niit\u00e4 perusasioita vastuullisuudesta matkan humussa. Helposti kierr\u00e4tett\u00e4v\u00e4t muovipullot saattavat esim. painua tavalliseen roskikseen ja helposti k\u00e4vellen taitettavat matkat menev\u00e4t taksilla tai muulla ep\u00e4ekologisella menetelm\u00e4ll\u00e4. <\/p>\n\n\n\n<p>En usko, ett\u00e4 olen ainut ihminen, jolle n\u00e4in k\u00e4y matkoilla, t\u00e4m\u00e4n vuoksi halusin tuoda esiin, tuoreen blogikirjoituksen virolaisen Bolt yrityksen blogialustalta ja my\u00f6s Kuluttajaliiton helposti seurattavat ohjeet vastuullisesta matkailusta.<\/p>\n\n\n\n<p><strong>Boltin vinkit<\/strong><\/p>\n\n\n\n<p>Kyseess\u00e4 on siis eritt\u00e4in laaja katsaus vastuulliseen matkailuun, joka on julkaistu Bolt yrityksen blogialustalla. Tekstiss\u00e4 k\u00e4yd\u00e4\u00e4n l\u00e4pi vastuullisuuden perusasioita, vastuullisesta maakohdittain ja vastuullisista yrityksist\u00e4, sek\u00e4 miten niit\u00e4 l\u00f6ydet\u00e4\u00e4n. <\/p>\n\n\n\n<p>Lopussa toki Bolt tuo esiin itsens\u00e4 vastuullisena yrityksen\u00e4, mik\u00e4 tekee t\u00e4st\u00e4 julkaisusta hieman mainosmaisen, toisaalta taas Bolt on yrityksen\u00e4 matkailun  ja vastuullisuuden edell\u00e4k\u00e4vij\u00f6it\u00e4 ja varmasti yksi tulevaisuuden Euroopan ja miksi ei maailmankin isoimmista vastuullisen\/ekologisen matkailun ja liikkumisen vaikuttajista.<\/p>\n\n\n\n<p>Responsible travel: your guide to ethical adventures (Bolt Blog 2023) <a href=\"https:\/\/bolt.eu\/en\/blog\/responsible-travel\/\">https:\/\/bolt.eu\/en\/blog\/responsible-travel\/<\/a> <\/p>\n\n\n\n<p><strong>Kuluttajaliiton vinkit vastuulliseen matkailuun<\/strong><\/p>\n\n\n\n<p>Halusin my\u00f6s n\u00e4iden Bolt-yrityksen tuomien vastuullisen matkailun keinojen rinnalle tuoda ihan supisuomalaisen kuluttajaliiton yksinkertaiset ja helpot neuvot vastuulliseen matkailuun.<\/p>\n\n\n\n<p>Kuluttajaliiton lista sis\u00e4lt\u00e4\u00e4 12 ydinseikkaa vastuullisen matkailun noudattamiseen, listalle p\u00e4\u00e4set t\u00e4st\u00e4 linkist\u00e4: Vastuullinen kuluttaminen: Matkustaminen (Kuluttajaliitto Julkaisuaika tuntematon) <a href=\"https:\/\/www.kuluttajaliitto.fi\/materiaalit\/vastuullinen-kuluttaminen-matkustaminen\/\">https:\/\/www.kuluttajaliitto.fi\/materiaalit\/vastuullinen-kuluttaminen-matkustaminen\/<\/a><\/p>\n\n\n\n<p><strong>Me pystymme siihen yhdess\u00e4<\/strong><\/p>\n\n\n\n<p>T\u00e4h\u00e4n loppuun haluan viel\u00e4 muistuttaa, ett\u00e4 on eritt\u00e4in t\u00e4rke\u00e4\u00e4, ett\u00e4 nyt ja tulevaisuudessa pid\u00e4mme huolta luonnosta, vastuullisista valinnoistamme ja ekologisuudesta, jotta maailma s\u00e4ilyy turvallisena ja hyv\u00e4n\u00e4 paikkana tuleville uusille sukupolville. <\/p>\n\n\n\n<figure class=\"wp-block-image size-large\"><img loading=\"lazy\" decoding=\"async\" width=\"1024\" height=\"743\" src=\"https:\/\/blogi.savonia.fi\/thomascoelho\/wp-content\/uploads\/sites\/12672\/2023\/11\/hands-105455_1920-1024x743.jpg\" alt=\"\" class=\"wp-image-133\" srcset=\"https:\/\/blogi.savonia.fi\/thomascoelho\/wp-content\/uploads\/sites\/12672\/2023\/11\/hands-105455_1920-1024x743.jpg 1024w, https:\/\/blogi.savonia.fi\/thomascoelho\/wp-content\/uploads\/sites\/12672\/2023\/11\/hands-105455_1920-300x218.jpg 300w, https:\/\/blogi.savonia.fi\/thomascoelho\/wp-content\/uploads\/sites\/12672\/2023\/11\/hands-105455_1920-768x557.jpg 768w, https:\/\/blogi.savonia.fi\/thomascoelho\/wp-content\/uploads\/sites\/12672\/2023\/11\/hands-105455_1920-1536x1114.jpg 1536w, https:\/\/blogi.savonia.fi\/thomascoelho\/wp-content\/uploads\/sites\/12672\/2023\/11\/hands-105455_1920-624x453.jpg 624w, https:\/\/blogi.savonia.fi\/thomascoelho\/wp-content\/uploads\/sites\/12672\/2023\/11\/hands-105455_1920.jpg 1920w\" sizes=\"auto, (max-width: 1024px) 100vw, 1024px\" \/><\/figure>\n\n\n\n<p>Kuva 2. K\u00e4det (28703 Julkaisuaika tuntematon)<\/p>\n\n\n\n<p>9.11.2023<\/p>\n\n\n\n<p>L\u00e4hteet:<\/p>\n\n\n\n<ul class=\"wp-block-list\">\n<li>Alexas_photos Julkaisuaika tuntematon. Ymp\u00e4rist\u00f6nsuojelu. Valokuva. Pixabay. <a rel=\"noreferrer noopener\" href=\"https:\/\/pixabay.com\/fi\/photos\/ymp%C3%A4rist%C3%B6nsuojelu-luonto-hehkulamppu-4366503\/\" target=\"_blank\">https:\/\/pixabay.com\/fi\/photos\/ymp%C3%A4rist%C3%B6nsuojelu-luonto-hehkulamppu-4366503\/<\/a><\/li>\n\n\n\n<li>Visit Finland Julkaisuaika tuntematon. Vastuullinen matkailu. Verkkojulkaisu. visitfinland.fi verkkopalvelu Suomen matkailun kehitykseen <a rel=\"noreferrer noopener\" href=\"https:\/\/www.visitfinland.fi\/liiketoiminnan-kehittaminen\/vastuullinen-matkailu\" target=\"_blank\">https:\/\/www.visitfinland.fi\/liiketoiminnan-kehittaminen\/vastuullinen-matkailu<\/a> Viitattu 9.11.2023<\/li>\n\n\n\n<li>Visit Finland Julkaisuaika Tuntematon. KEST\u00c4V\u00c4N MATKAILUN PUOLESTA. Verkkojulkaisu. visitfinland.fi verkkopalvelu Suomen matkailun kehitykseen <a rel=\"noreferrer noopener\" href=\"https:\/\/www.visitfinland.fi\/liiketoiminnan-kehittaminen\/vastuullinen-matkailu\/sustainable-travel-finland\" target=\"_blank\">https:\/\/www.visitfinland.fi\/liiketoiminnan-kehittaminen\/vastuullinen-matkailu\/sustainable-travel-finland<\/a> Viitattu 9.11.2023<\/li>\n\n\n\n<li>Kuvaleike STF -merkist\u00e4 Visit Finlandin verkkosivuilta Julkaisuaika tuntematon. <a rel=\"noreferrer noopener\" href=\"https:\/\/www.visitfinland.fi\/liiketoiminnan-kehittaminen\/vastuullinen-matkailu\/sustainable-travel-finland\" target=\"_blank\">https:\/\/www.visitfinland.fi\/liiketoiminnan-kehittaminen\/vastuullinen-matkailu\/sustainable-travel-finland<\/a> Viitattu 9.11.2023<\/li>\n\n\n\n<li>Bolt Blog 8.11.2023. Responsible travel: your guide to ethical adventures&nbsp;<a rel=\"noreferrer noopener\" href=\"https:\/\/bolt.eu\/en\/blog\/responsible-travel\/\" target=\"_blank\">https:\/\/bolt.eu\/en\/blog\/responsible-travel\/<\/a> Viitattu 9.11.2023<\/li>\n\n\n\n<li>Tommola, Marja Vastuullinen kuluttaminen: Matkustaminen Verkkojulkaisu. Kuluttajaliitto.fi Vastuullinen kuluttaminen <a rel=\"noreferrer noopener\" href=\"https:\/\/www.kuluttajaliitto.fi\/materiaalit\/vastuullinen-kuluttaminen-matkustaminen\/\" target=\"_blank\">https:\/\/www.kuluttajaliitto.fi\/materiaalit\/vastuullinen-kuluttaminen-matkustaminen\/<\/a> Viitattu 9.11.2023<\/li>\n\n\n\n<li>28703 Julkaisuaika tuntematon. K\u00e4det. Valokuva. Pixabay. <a rel=\"noreferrer noopener\" href=\"https:\/\/pixabay.com\/fi\/photos\/k%C3%A4det-rakkaus-k%C3%A4si-ikuisuus-rauhaa-105455\/\" target=\"_blank\">https:\/\/pixabay.com\/fi\/photos\/k%C3%A4det-rakkaus-k%C3%A4si-ikuisuus-rauhaa-105455\/<\/a><\/li>\n<\/ul>\n","protected":false},"excerpt":{"rendered":"<p>Vastuullinen matkailu nykyhetkess\u00e4, sek\u00e4 tulevaisuudessa on yksi ehdottomasti alamme ajankohtaisimmista asioista, ja juuri t\u00e4m\u00e4n vuoksi aihe kiinnostaa ja koskettaa minua eritt\u00e4in vahvasti matkailu-, majoitus-, ravintolapalvelualan tulevana ammattilaisena. T\u00e4ss\u00e4 julkaisussani tulen k\u00e4sittelem\u00e4\u00e4n hieman perusasiaa mit\u00e4 olen l\u00f6yt\u00e4nyt aiheesta Visit Finlandin puolelta, sek\u00e4 kerron lyhyesti Sustainable Travel Finland -ohjelmasta, mink\u00e4 j\u00e4lkeen siirryn konkreettisiin neuvoihin ja tekoihin, joita [&hellip;]<\/p>\n","protected":false},"author":10470,"featured_media":0,"parent":8,"menu_order":6,"comment_status":"closed","ping_status":"closed","template":"","meta":{"footnotes":""},"class_list":["post-106","page","type-page","status-publish","hentry"],"_links":{"self":[{"href":"https:\/\/blogi.savonia.fi\/thomascoelho\/wp-json\/wp\/v2\/pages\/106","targetHints":{"allow":["GET"]}}],"collection":[{"href":"https:\/\/blogi.savonia.fi\/thomascoelho\/wp-json\/wp\/v2\/pages"}],"about":[{"href":"https:\/\/blogi.savonia.fi\/thomascoelho\/wp-json\/wp\/v2\/types\/page"}],"author":[{"embeddable":true,"href":"https:\/\/blogi.savonia.fi\/thomascoelho\/wp-json\/wp\/v2\/users\/10470"}],"replies":[{"embeddable":true,"href":"https:\/\/blogi.savonia.fi\/thomascoelho\/wp-json\/wp\/v2\/comments?post=106"}],"version-history":[{"count":9,"href":"https:\/\/blogi.savonia.fi\/thomascoelho\/wp-json\/wp\/v2\/pages\/106\/revisions"}],"predecessor-version":[{"id":203,"href":"https:\/\/blogi.savonia.fi\/thomascoelho\/wp-json\/wp\/v2\/pages\/106\/revisions\/203"}],"up":[{"embeddable":true,"href":"https:\/\/blogi.savonia.fi\/thomascoelho\/wp-json\/wp\/v2\/pages\/8"}],"wp:attachment":[{"href":"https:\/\/blogi.savonia.fi\/thomascoelho\/wp-json\/wp\/v2\/media?parent=106"}],"curies":[{"name":"wp","href":"https:\/\/api.w.org\/{rel}","templated":true}]}}