{"id":128,"date":"2023-11-07T20:58:26","date_gmt":"2023-11-07T18:58:26","guid":{"rendered":"https:\/\/blogi.savonia.fi\/thomascoelho\/?page_id=128"},"modified":"2023-11-22T20:28:30","modified_gmt":"2023-11-22T18:28:30","slug":"suomen-unesco-global-geoparkit","status":"publish","type":"page","link":"https:\/\/blogi.savonia.fi\/thomascoelho\/matkailu-ja-majoituspalvelut-tutuksi-e-portfolio-oppimistehtava\/suomen-unesco-global-geoparkit\/","title":{"rendered":"Suomen UNESCO Global Geoparkit"},"content":{"rendered":"\n<p><em>Mit\u00e4 on UNESCO Global Geoparkit?<\/em><\/p>\n\n\n\n<p>UNESCO Global Geoparkit ovat upeita luontokohteita, jotka kertovat meille maapallomme kehityshistoriasta.  (Matka-Suomi 2023)<\/p>\n\n\n\n<p>Geoparkkien suurin m\u00e4\u00e4r\u00e4np\u00e4\u00e4 on edist\u00e4\u00e4 kest\u00e4v\u00e4\u00e4 kehityst\u00e4, tutkimusta, oppimista ja kulttuuriperinn\u00f6n s\u00e4ilytt\u00e4mist\u00e4 nyt ja tulevaisuudessa upeiden luontokohteiden v\u00e4lityksell\u00e4 ja avulla. (Matka-Suomi 2023)<\/p>\n\n\n\n<p>Maailmanlaajuisesti Geoparkkeja on olemassa 177, joista Suomessa sijaitsee nelj\u00e4 (Rokua Geopark, Lauhanvuori-H\u00e4meenkangas Geopark, Saimaa Geopark ja Salpausselk\u00e4 Geopark).  (Matka-Suomi 2023)<\/p>\n\n\n\n<p>Geoparkit her\u00e4tti minulle mieleen Matka-Suomen tuore julkaisu, joka esittelee Suomen Geoparkkeja. Linkki julkaisuun: <a rel=\"noreferrer noopener\" href=\"https:\/\/matkasuomi.fi\/nae-ja-koe\/tunnetko-naita-huikeita-paikkoja-esittelyssa-suomen-unesco-global-geoparkit\" target=\"_blank\">https:\/\/matkasuomi.fi\/nae-ja-koe\/tunnetko-naita-huikeita-paikkoja-esittelyssa-suomen-unesco-global-geoparkit<\/a><\/p>\n\n\n\n<p><em>T\u00e4ss\u00e4 blogijulkaisua kirjoittaessa on hauska huomata, miten t\u00f6rm\u00e4\u00e4 jatkuvasti uusiin ja kiinnostaviin aiheisiin! <\/em><\/p>\n\n\n\n<p>T\u00e4ss\u00e4 upea kuva harjuiselta Saimaalta.<\/p>\n\n\n\n<figure class=\"wp-block-gallery has-nested-images columns-default is-cropped wp-block-gallery-1 is-layout-flex wp-block-gallery-is-layout-flex\">\n<figure class=\"wp-block-image size-large\"><img loading=\"lazy\" decoding=\"async\" width=\"1024\" height=\"683\" data-id=\"162\" src=\"https:\/\/blogi.savonia.fi\/thomascoelho\/wp-content\/uploads\/sites\/12672\/2023\/11\/lake-7415109_1920-1024x683.jpg\" alt=\"\" class=\"wp-image-162\" srcset=\"https:\/\/blogi.savonia.fi\/thomascoelho\/wp-content\/uploads\/sites\/12672\/2023\/11\/lake-7415109_1920-1024x683.jpg 1024w, https:\/\/blogi.savonia.fi\/thomascoelho\/wp-content\/uploads\/sites\/12672\/2023\/11\/lake-7415109_1920-300x200.jpg 300w, https:\/\/blogi.savonia.fi\/thomascoelho\/wp-content\/uploads\/sites\/12672\/2023\/11\/lake-7415109_1920-768x512.jpg 768w, https:\/\/blogi.savonia.fi\/thomascoelho\/wp-content\/uploads\/sites\/12672\/2023\/11\/lake-7415109_1920-1536x1024.jpg 1536w, https:\/\/blogi.savonia.fi\/thomascoelho\/wp-content\/uploads\/sites\/12672\/2023\/11\/lake-7415109_1920-624x416.jpg 624w, https:\/\/blogi.savonia.fi\/thomascoelho\/wp-content\/uploads\/sites\/12672\/2023\/11\/lake-7415109_1920.jpg 1920w\" sizes=\"auto, (max-width: 1024px) 100vw, 1024px\" \/><\/figure>\n<\/figure>\n\n\n\n<p>Kuva 1. J\u00e4rvi &nbsp;(Reijo Telaranta Julkaisuaika tuntematon)<\/p>\n\n\n\n<p>Lis\u00e4\u00e4 tietoa Geoparkeista Luontoon.fi sivuston Geopark osiosta:<a rel=\"noreferrer noopener\" href=\"https:\/\/www.luontoon.fi\/geoparkit\" target=\"_blank\">https:\/\/www.luontoon.fi\/geoparkit<\/a><\/p>\n\n\n\n<p>N\u00e4m\u00e4 kohteet ovat upea osa meid\u00e4n luontoamme ja kulttuuriamme, ja on mahtavaa huomata, ett\u00e4 niit\u00e4 on syntynyt my\u00f6s nelj\u00e4 kappaletta t\u00e4nne meille Suomeen. Toivotaan, ett\u00e4 n\u00e4it\u00e4 upeita matkakohteita on viel\u00e4 monta tulossa ja, ett\u00e4 saamme varjeltua jo tunnustusta saaneita kohteita nyt ja tulevaisuudessa.<\/p>\n\n\n\n<p>Itse en ole kerennyt viel\u00e4 monessakaan n\u00e4ist\u00e4 upeista kohteista k\u00e4ym\u00e4\u00e4n, ja t\u00e4ll\u00e4 hetkell\u00e4 ainut Geopark jossa olen piipahtanut, jopa useita kertoja on kotiseudullani sijaitseva Saimaa Geopark. <\/p>\n\n\n\n<p>Toivon todella suuresti, ett\u00e4 joku p\u00e4iv\u00e4 saan mahdollisuuden k\u00e4yd\u00e4 kaikki n\u00e4m\u00e4 eritt\u00e4in t\u00e4rke\u00e4t ja upeat luontokohteet l\u00e4pi yksi kerrallaan ihaillen niiden ajatonta ja pys\u00e4ytt\u00e4v\u00e4\u00e4 kauneutta.<\/p>\n\n\n\n<p>8.11.2023<\/p>\n\n\n\n<p>L\u00e4hteet: <\/p>\n\n\n\n<ul class=\"wp-block-list\">\n<li>Matka-Suomi 07.11.2023. Tunnetko n\u00e4it\u00e4 huikeita paikkoja? Esittelyss\u00e4 Suomen UNESCO Global Geoparkit Verkkojulkaisu. matkasuomi.fi <a rel=\"noreferrer noopener\" href=\"https:\/\/matkasuomi.fi\/nae-ja-koe\/tunnetko-naita-huikeita-paikkoja-esittelyssa-suomen-unesco-global-geoparkit\" target=\"_blank\">https:\/\/matkasuomi.fi\/nae-ja-koe\/tunnetko-naita-huikeita-paikkoja-esittelyssa-suomen-unesco-global-geoparkit<\/a> Viitattu 8.11.2023<\/li>\n\n\n\n<li>Reijo Telaranta Julkaisuaika tuntematon. J\u00e4rvi. Valokuva. Pixabay. <a rel=\"noreferrer noopener\" href=\"https:\/\/pixabay.com\/fi\/photos\/j%C3%A4rvi-harjun-punkaharju-suomi-tie-7415109\/\" target=\"_blank\">https:\/\/pixabay.com\/fi\/photos\/j%C3%A4rvi-harjun-punkaharju-suomi-tie-7415109\/<\/a> Viitattu 8.11.2023<\/li>\n\n\n\n<li>Luontoon Julkaisuaika tuntematon. UNESCO Global Geoparks Verkkojulkaisu. Luontoon.fi <a rel=\"noreferrer noopener\" href=\"https:\/\/www.luontoon.fi\/geoparkit\" target=\"_blank\">https:\/\/www.luontoon.fi\/geoparkit<\/a> Viitattu 8.11.2023<\/li>\n<\/ul>\n","protected":false},"excerpt":{"rendered":"<p>Mit\u00e4 on UNESCO Global Geoparkit? UNESCO Global Geoparkit ovat upeita luontokohteita, jotka kertovat meille maapallomme kehityshistoriasta. (Matka-Suomi 2023) Geoparkkien suurin m\u00e4\u00e4r\u00e4np\u00e4\u00e4 on edist\u00e4\u00e4 kest\u00e4v\u00e4\u00e4 kehityst\u00e4, tutkimusta, oppimista ja kulttuuriperinn\u00f6n s\u00e4ilytt\u00e4mist\u00e4 nyt ja tulevaisuudessa upeiden luontokohteiden v\u00e4lityksell\u00e4 ja avulla. (Matka-Suomi 2023) Maailmanlaajuisesti Geoparkkeja on olemassa 177, joista Suomessa sijaitsee nelj\u00e4 (Rokua Geopark, Lauhanvuori-H\u00e4meenkangas Geopark, Saimaa Geopark [&hellip;]<\/p>\n","protected":false},"author":10470,"featured_media":0,"parent":8,"menu_order":5,"comment_status":"closed","ping_status":"closed","template":"","meta":{"footnotes":""},"class_list":["post-128","page","type-page","status-publish","hentry"],"_links":{"self":[{"href":"https:\/\/blogi.savonia.fi\/thomascoelho\/wp-json\/wp\/v2\/pages\/128","targetHints":{"allow":["GET"]}}],"collection":[{"href":"https:\/\/blogi.savonia.fi\/thomascoelho\/wp-json\/wp\/v2\/pages"}],"about":[{"href":"https:\/\/blogi.savonia.fi\/thomascoelho\/wp-json\/wp\/v2\/types\/page"}],"author":[{"embeddable":true,"href":"https:\/\/blogi.savonia.fi\/thomascoelho\/wp-json\/wp\/v2\/users\/10470"}],"replies":[{"embeddable":true,"href":"https:\/\/blogi.savonia.fi\/thomascoelho\/wp-json\/wp\/v2\/comments?post=128"}],"version-history":[{"count":4,"href":"https:\/\/blogi.savonia.fi\/thomascoelho\/wp-json\/wp\/v2\/pages\/128\/revisions"}],"predecessor-version":[{"id":201,"href":"https:\/\/blogi.savonia.fi\/thomascoelho\/wp-json\/wp\/v2\/pages\/128\/revisions\/201"}],"up":[{"embeddable":true,"href":"https:\/\/blogi.savonia.fi\/thomascoelho\/wp-json\/wp\/v2\/pages\/8"}],"wp:attachment":[{"href":"https:\/\/blogi.savonia.fi\/thomascoelho\/wp-json\/wp\/v2\/media?parent=128"}],"curies":[{"name":"wp","href":"https:\/\/api.w.org\/{rel}","templated":true}]}}