{"id":159,"date":"2023-11-20T23:00:44","date_gmt":"2023-11-20T21:00:44","guid":{"rendered":"https:\/\/blogi.savonia.fi\/thomascoelho\/?page_id=159"},"modified":"2023-11-22T20:40:22","modified_gmt":"2023-11-22T18:40:22","slug":"ruma-ulkokuori","status":"publish","type":"page","link":"https:\/\/blogi.savonia.fi\/thomascoelho\/matkailu-ja-majoituspalvelut-tutuksi-e-portfolio-oppimistehtava\/ruma-ulkokuori\/","title":{"rendered":"Ruma ulkokuori"},"content":{"rendered":"\n<p>Kaupunkeja ja matkakohteita on monenlaisia. On eri tapahtumia, n\u00e4ht\u00e4vyyksi\u00e4 ja keskuksia, jotka vet\u00e4v\u00e4t matkailevia massoja tiettyihin suuntiin. Joskus kannattaa kuitenkin katsoa hieman sen perinteikk\u00e4\u00e4n kuplan ulkopuolelle, milt\u00e4 esimerkiksi kuulostaisi viikonloppumatka luotaan poisty\u00f6nt\u00e4v\u00e4\u00e4n ikirumaksi siunattuun Varkauteen?<\/p>\n\n\n\n<p>T\u00e4n\u00e4\u00e4n k\u00e4sittelyss\u00e4ni nimitt\u00e4in on Matka-Suomen julkaisu koskien Varkautta ja sen sis\u00e4ll\u00e4 piilossa olevaa mahdollista matkailuvetovoimaisuutta.<\/p>\n\n\n\n<p>Mit\u00e4 tehd\u00e4 Varkaudessa? Saatat viihty\u00e4 paremmin kuin kuvitteletkaan! (Krenn 2023) Linkki uutiseen: <a href=\"https:\/\/matkasuomi.fi\/nae-ja-koe\/mita-tehda-varkaudessa-saatat-viihtya-paremmin-kuin-kuvitteletkaan\" target=\"_blank\" rel=\"noreferrer noopener\">https:\/\/matkasuomi.fi\/nae-ja-koe\/mita-tehda-varkaudessa-saatat-viihtya-paremmin-kuin-kuvitteletkaan<\/a><\/p>\n\n\n\n<p>Uutisesta k\u00e4y ilmi, ett\u00e4 Varkaus pit\u00e4\u00e4 sis\u00e4ll\u00e4\u00e4n esimerkiksi ainutlaatuisia ja hienoja museoita, kuten mielenkiintoisen mekaanisen musiikin museon. Kulttuurikohteet ei j\u00e4\u00e4 siihen, sill\u00e4 Varkaudessa on my\u00f6s upea ja yksi Suomen vanhimmista teattereista nimitt\u00e4in Varkauden teatteri.  (&nbsp;Krenn 2023)<\/p>\n\n\n\n<p>Varkaudessa on my\u00f6s kulttuurin\u00e4ht\u00e4vyyksien lis\u00e4ksi mahdollista kokea upeita makunautintoja esimerkiksi ravintola Mortonissa ja Hotel Oscarissa. Perheen pienimmillekin l\u00f6ytyy puuhaa Vekara-Varkaus-tapahtumista, joita j\u00e4rjestet\u00e4\u00e4n kaupungissa aina kes\u00e4isin, syksyisin ja talvisin painottuen kuitenkin kes\u00e4\u00e4n. (&nbsp;Krenn 2023)<\/p>\n\n\n\n<p><em>Monelle ensimm\u00e4inen mielikuva Varkaudesta on varmasti sellun haju ja hieman r\u00e4nsistynyt tehdasinfrastruktuuri.<\/em><\/p>\n\n\n\n<figure class=\"wp-block-image size-large\"><img loading=\"lazy\" decoding=\"async\" width=\"1024\" height=\"739\" src=\"https:\/\/blogi.savonia.fi\/thomascoelho\/wp-content\/uploads\/sites\/12672\/2023\/11\/factory-1639990_1280-1024x739.jpg\" alt=\"\" class=\"wp-image-189\" srcset=\"https:\/\/blogi.savonia.fi\/thomascoelho\/wp-content\/uploads\/sites\/12672\/2023\/11\/factory-1639990_1280-1024x739.jpg 1024w, https:\/\/blogi.savonia.fi\/thomascoelho\/wp-content\/uploads\/sites\/12672\/2023\/11\/factory-1639990_1280-300x217.jpg 300w, https:\/\/blogi.savonia.fi\/thomascoelho\/wp-content\/uploads\/sites\/12672\/2023\/11\/factory-1639990_1280-768x554.jpg 768w, https:\/\/blogi.savonia.fi\/thomascoelho\/wp-content\/uploads\/sites\/12672\/2023\/11\/factory-1639990_1280-624x450.jpg 624w, https:\/\/blogi.savonia.fi\/thomascoelho\/wp-content\/uploads\/sites\/12672\/2023\/11\/factory-1639990_1280.jpg 1280w\" sizes=\"auto, (max-width: 1024px) 100vw, 1024px\" \/><\/figure>\n\n\n\n<p>Kuva 1. Tehdas Ala Hyl\u00e4tty (652234 Julkaisuaika tuntematon)<\/p>\n\n\n\n<p><strong>Omaa pohdintaa<\/strong><\/p>\n\n\n\n<p>On eritt\u00e4in hienoa, ett\u00e4 Matka-Suomi tuo esiin n\u00e4it\u00e4 hieman unohdetumpia matkakohteita. Varkaus kaupunkina ei tule varmasti&nbsp;kenellek\u00e4\u00e4n edes et\u00e4isesti mieleen jos puhutaan kotimaisista matkakohteista, joten t\u00e4m\u00e4n julkaisun kaltaiset infol\u00e4j\u00e4ykset ovat elint\u00e4rkeit\u00e4 nostamaan n\u00e4iden sivuun heitettyjen piskuisten pikkukaupunkien vetovoimaisuutta ja n\u00e4kyvyytt\u00e4.<\/p>\n\n\n\n<p>Itse Savonlinna &#8211; Kuopio v\u00e4li\u00e4 ajavana viilet\u00e4n Varkauden ohi melkein kuukausittain, eik\u00e4 minulle ole tullut pieneen mieleenk\u00e4\u00e4n pys\u00e4hty\u00e4 &#8221;ihailemaan&#8221; Varkautta. Tehdas keskell\u00e4 kaupunkia, r\u00e4nsistyv\u00e4 milj\u00f6\u00f6 ja jopa rumaksi kokemani rakennukset ovat eritt\u00e4in luotaan pois ty\u00f6nt\u00e4vi\u00e4. Toisaalta, miksi ei antaa mahdollisuutta t\u00e4lle pikkukaupungille? Jos vaikka ensi kerralla, kun suuntaan kauniiseen Savonlinnaan lomille, voisinkin pys\u00e4hty\u00e4 k\u00e4ym\u00e4\u00e4n kahvilla Varkauden kyl\u00e4n raitilla tai menn\u00e4 k\u00e4ym\u00e4\u00e4n kierroksella mekaanisen musiikin museossa.<\/p>\n\n\n\n<p>13.11.2023<\/p>\n\n\n\n<p>L\u00e4hteet:<\/p>\n\n\n\n<ul class=\"wp-block-list\">\n<li>Krenn, Riikka 2023. Mit\u00e4 tehd\u00e4 Varkaudessa? Saatat viihty\u00e4 paremmin kuin kuvitteletkaan! (Matka-Suomi 12.11.2023) <a rel=\"noreferrer noopener\" href=\"https:\/\/matkasuomi.fi\/nae-ja-koe\/mita-tehda-varkaudessa-saatat-viihtya-paremmin-kuin-kuvitteletkaan\" target=\"_blank\">https:\/\/matkasuomi.fi\/nae-ja-koe\/mita-tehda-varkaudessa-saatat-viihtya-paremmin-kuin-kuvitteletkaan<\/a> Viitattu 13.11.2023<\/li>\n\n\n\n<li>652234 Julkaisuaika tuntematon. Tehdas Ala Hyl\u00e4tty. Valokuva. Pixabay. <a rel=\"noreferrer noopener\" href=\"https:\/\/pixabay.com\/fi\/photos\/tehdas-ala-hyl%C3%A4tty-arkkitehtuuri-1639990\/\" target=\"_blank\">https:\/\/pixabay.com\/fi\/photos\/tehdas-ala-hyl%C3%A4tty-arkkitehtuuri-1639990\/<\/a><\/li>\n<\/ul>\n","protected":false},"excerpt":{"rendered":"<p>Kaupunkeja ja matkakohteita on monenlaisia. On eri tapahtumia, n\u00e4ht\u00e4vyyksi\u00e4 ja keskuksia, jotka vet\u00e4v\u00e4t matkailevia massoja tiettyihin suuntiin. Joskus kannattaa kuitenkin katsoa hieman sen perinteikk\u00e4\u00e4n kuplan ulkopuolelle, milt\u00e4 esimerkiksi kuulostaisi viikonloppumatka luotaan poisty\u00f6nt\u00e4v\u00e4\u00e4n ikirumaksi siunattuun Varkauteen? T\u00e4n\u00e4\u00e4n k\u00e4sittelyss\u00e4ni nimitt\u00e4in on Matka-Suomen julkaisu koskien Varkautta ja sen sis\u00e4ll\u00e4 piilossa olevaa mahdollista matkailuvetovoimaisuutta. Mit\u00e4 tehd\u00e4 Varkaudessa? Saatat viihty\u00e4 [&hellip;]<\/p>\n","protected":false},"author":10470,"featured_media":0,"parent":8,"menu_order":7,"comment_status":"closed","ping_status":"closed","template":"","meta":{"footnotes":""},"class_list":["post-159","page","type-page","status-publish","hentry"],"_links":{"self":[{"href":"https:\/\/blogi.savonia.fi\/thomascoelho\/wp-json\/wp\/v2\/pages\/159","targetHints":{"allow":["GET"]}}],"collection":[{"href":"https:\/\/blogi.savonia.fi\/thomascoelho\/wp-json\/wp\/v2\/pages"}],"about":[{"href":"https:\/\/blogi.savonia.fi\/thomascoelho\/wp-json\/wp\/v2\/types\/page"}],"author":[{"embeddable":true,"href":"https:\/\/blogi.savonia.fi\/thomascoelho\/wp-json\/wp\/v2\/users\/10470"}],"replies":[{"embeddable":true,"href":"https:\/\/blogi.savonia.fi\/thomascoelho\/wp-json\/wp\/v2\/comments?post=159"}],"version-history":[{"count":4,"href":"https:\/\/blogi.savonia.fi\/thomascoelho\/wp-json\/wp\/v2\/pages\/159\/revisions"}],"predecessor-version":[{"id":205,"href":"https:\/\/blogi.savonia.fi\/thomascoelho\/wp-json\/wp\/v2\/pages\/159\/revisions\/205"}],"up":[{"embeddable":true,"href":"https:\/\/blogi.savonia.fi\/thomascoelho\/wp-json\/wp\/v2\/pages\/8"}],"wp:attachment":[{"href":"https:\/\/blogi.savonia.fi\/thomascoelho\/wp-json\/wp\/v2\/media?parent=159"}],"curies":[{"name":"wp","href":"https:\/\/api.w.org\/{rel}","templated":true}]}}