{"id":17,"date":"2023-10-09T15:38:38","date_gmt":"2023-10-09T12:38:38","guid":{"rendered":"https:\/\/blogi.savonia.fi\/thomascoelho\/?page_id=17"},"modified":"2023-11-24T17:26:04","modified_gmt":"2023-11-24T15:26:04","slug":"lahteet","status":"publish","type":"page","link":"https:\/\/blogi.savonia.fi\/thomascoelho\/matkailu-ja-majoituspalvelut-tutuksi-e-portfolio-oppimistehtava\/lahteet\/","title":{"rendered":"L\u00e4hteet:"},"content":{"rendered":"\n<p><strong>T\u00e4st\u00e4 se l\u00e4htee<\/strong><\/p>\n\n\n\n<ul class=\"wp-block-list\">\n<li>Ryanair 2023. Welcome back to the party \ud83d\udc85 &#8211; -.Instagram Reels-p\u00e4ivitys 7.9.2023  <a rel=\"noreferrer noopener\" href=\"https:\/\/www.instagram.com\/p\/Cw4x7BfoZ7J\/?hl=fi\" target=\"_blank\">https:\/\/www.instagram.com\/p\/Cw4x7BfoZ7J\/?hl=fi <\/a> . Viitattu 9.10.2023<\/li>\n\n\n\n<li>Ryanair 2023 <a rel=\"noreferrer noopener\" href=\"https:\/\/www.ryanair.com\/gb\/en\/trip\/flights\/select?adults=1&amp;teens=0&amp;children=0&amp;infants=0&amp;dateOut=2023-11-20&amp;isConnectedFlight=false&amp;isReturn=false&amp;discount=0&amp;originIata=LPL&amp;destinationIata=RVN&amp;tpAdults=1&amp;tpTeens=0&amp;tpChildren=0&amp;tpInfants=0&amp;tpStartDate=2023-11-20&amp;tpDiscount=0&amp;tpOriginIata=LPL&amp;tpDestinationIata=RVN\" data-type=\"link\" data-id=\"https:\/\/www.ryanair.com\/gb\/en\/trip\/flights\/select?adults=1&amp;teens=0&amp;children=0&amp;infants=0&amp;dateOut=2023-11-20&amp;isConnectedFlight=false&amp;isReturn=false&amp;discount=0&amp;originIata=LPL&amp;destinationIata=RVN&amp;tpAdults=1&amp;tpTeens=0&amp;tpChildren=0&amp;tpInfants=0&amp;tpStartDate=2023-11-20&amp;tpDiscount=0&amp;tpOriginIata=LPL&amp;tpDestinationIata=RVN\" target=\"_blank\">https:\/\/www.ryanair.com\/gb\/en\/trip\/flights\/select?adults=1&amp;teens=0&amp;children=0&amp;infants=0&amp;dateOut=2023-11-20&amp;isConnectedFlight=false&amp;isReturn=false&amp;discount=0&amp;originIata=LPL&amp;destinationIata=RVN&amp;tpAdults=1&amp;tpTeens=0&amp;tpChildren=0&amp;tpInfants=0&amp;tpStartDate=2023-11-20&amp;tpDiscount=0&amp;tpOriginIata=LPL&amp;tpDestinationIata=RVN<\/a> Viitattu 9.10.2023<\/li>\n<\/ul>\n\n\n\n<p><strong>Sekasortoa Ranskan alapuolella<\/strong><\/p>\n\n\n\n<ul class=\"wp-block-list\">\n<li>Vaalisto, Heidi &amp; Suutari, Elli 2023. Ryanair j\u00e4tti suomalaiset Gironan kent\u00e4lle \u2013 Miian koti\u00admatka tuli kalliiksi (Iltasanomat 14.10.2023) <a rel=\"noreferrer noopener\" href=\"https:\/\/www.is.fi\/kotimaa\/art-2000009923323.html\" target=\"_blank\">https:\/\/www.is.fi\/kotimaa\/art-2000009923323.html<\/a> Viitattu 15.10.2023.<\/li>\n\n\n\n<li>Helle, Tatu 2023. Ryanair perui lennon 12 tunnin arpomisen j\u00e4lkeen \u2013 Sannan loma meni t\u00e4ysin pieleen, korvaavan vaihto\u00adehdon hinta olisi ollut 10\u202f000 euroa (Iltasanomat 15.10.2023) <a rel=\"noreferrer noopener\" href=\"https:\/\/www.is.fi\/kotimaa\/art-2000009924711.html\" target=\"_blank\">https:\/\/www.is.fi\/kotimaa\/art-2000009924711.html<\/a> Viitattu 15.10.2023<\/li>\n\n\n\n<li>Jakub Petrymusz Julkaisuaika tuntematon. Ryanairin kone. Valokuva. Pixabay. <a rel=\"noreferrer noopener\" href=\"https:\/\/pixabay.com\/fi\/photos\/kone-ryanair-rivi-lentoyhti%C3%B6-5331793\/\" target=\"_blank\">https:\/\/pixabay.com\/fi\/photos\/kone-ryanair-rivi-lentoyhti%C3%B6-5331793\/<\/a><\/li>\n<\/ul>\n\n\n\n<p><strong>Israelin ja Hamasin v\u00e4lisen konfliktin vaikutukset Lapin matkailuun<\/strong><\/p>\n\n\n\n<ul class=\"wp-block-list\">\n<li>Rytk\u00f6nen, Eelis 2023<strong> <\/strong>Israelilaiset ovat merkitt\u00e4v\u00e4 ryhm\u00e4 Lapin matkailulle \u2013 Finnairin reittilentojen peruminen vaikuttaa koko sesonkiin (Yle 14.10.2023) <a rel=\"noreferrer noopener\" href=\"https:\/\/yle.fi\/a\/74-20055258\" target=\"_blank\">https:\/\/yle.fi\/a\/74-20055258<\/a> Viitattu 18.10.2023<\/li>\n\n\n\n<li>hosnysalah Julkaisuaika tuntematon. Gaza. Valokuva. Pixabay. <a href=\"https:\/\/pixabay.com\/fi\/photos\/gaza-nauha-palestiina-3829378\/\" target=\"_blank\" rel=\"noreferrer noopener\">https:\/\/pixabay.com\/fi\/photos\/gaza-nauha-palestiina-3829378\/<\/a><\/li>\n\n\n\n<li>D Mz Julkaisuaika tuntematon. Moottorikelkka. Valokuva. Pixabay. <a href=\"https:\/\/pixabay.com\/fi\/photos\/moottorikelkat-lapin-moottorikelkka-2035500\/\" target=\"_blank\" rel=\"noreferrer noopener\">https:\/\/pixabay.com\/fi\/photos\/moottorikelkat-lapin-moottorikelkka-2035500\/<\/a><\/li>\n<\/ul>\n\n\n\n<p><strong>Ruokaa kylm\u00e4n k\u00e4den kautta<\/strong><\/p>\n\n\n\n<ul class=\"wp-block-list\">\n<li>Laatikainen, Tuula 2023 Saksalaisravintolan robottikokki tekee 150 annosta tunnissa \u2013 Asiakkaat eiv\u00e4t huomanneet eroa<strong> <\/strong>(Kauppalehti 25.10.2023) <a rel=\"noreferrer noopener\" href=\"https:\/\/www.kauppalehti.fi\/uutiset\/kl\/ce403937-756d-4946-af2d-93e2b49e2a7e?ref=ampparit:7629&amp;_gl=1b174uvampparit_gaMTI5NzU4NjE1MS4xNjk3OTYwOTczampparit_ga_3L539PMN3X*MTY5ODM3MDc5MS4yLjAuMTY5ODM3MDc5MS4wLjAuMA..\" target=\"_blank\">https:\/\/www.kauppalehti.fi\/uutiset\/kl\/ce403937-756d-4946-af2d-93e2b49e2a7e?ref=ampparit:7629&amp;_gl=1<em>b174uv<\/em>ampparit_ga<em>MTI5NzU4NjE1MS4xNjk3OTYwOTcz<\/em>ampparit_ga_3L539PMN3X*MTY5ODM3MDc5MS4yLjAuMTY5ODM3MDc5MS4wLjAuMA..<\/a> Viitattu 27.10.2023<\/li>\n\n\n\n<li>Mohamed_hassan Julkaisuaika tuntematon. Service Robot. Kuva. Pixabay. <a rel=\"noreferrer noopener\" href=\"https:\/\/pixabay.com\/fi\/vectors\/tehdas-automaatio-robotti-tuotantoa-7281686\/\" target=\"_blank\">https:\/\/pixabay.com\/fi\/vectors\/tehdas-automaatio-robotti-tuotantoa-7281686\/<\/a><\/li>\n<\/ul>\n\n\n\n<p><strong>Majoituksen hinta\/laatu suhde<\/strong><\/p>\n\n\n\n<ul class=\"wp-block-list\">\n<li>Hans Julkaisuaika tuntematon. Vuoteet. Valokuva. Pixabay. <a href=\"https:\/\/pixabay.com\/fi\/photos\/vuoteet-youth-hostel-kerross%C3%A4nky-182964\/\" target=\"_blank\" rel=\"noreferrer noopener\">https:\/\/pixabay.com\/fi\/photos\/vuoteet-youth-hostel-kerross%C3%A4nky-182964\/<\/a><\/li>\n\n\n\n<li>PPPeter 2023. I Went to the Worst Reviewed Hotel in Italy. Video. YouTube-videopalvelu, julkaistu 22.10.2023<a rel=\"noreferrer noopener\" href=\"https:\/\/www.youtube.com\/watch?v=Pv_DH7UH9hs&amp;t=7s\" target=\"_blank\"> https:\/\/www.youtube.com\/watch?v=Pv_DH7UH9hs&amp;t=7s <\/a>Viitattu 31.10.2023<\/li>\n\n\n\n<li>Sammy-Sander Julkaisuaika tuntematon. Scam. Kuva. Pixabay. <a rel=\"noreferrer noopener\" href=\"https:\/\/pixabay.com\/fi\/photos\/huijaus-hakkeri-turvallisuus-virus-4126798\/\" target=\"_blank\">https:\/\/pixabay.com\/fi\/photos\/huijaus-hakkeri-turvallisuus-virus-4126798\/<\/a><\/li>\n<\/ul>\n\n\n\n<p><strong>Suomen UNESCO Global Geoparkit<\/strong><\/p>\n\n\n\n<ul class=\"wp-block-list\">\n<li>Matka-Suomi 07.11.2023. Tunnetko n\u00e4it\u00e4 huikeita paikkoja? Esittelyss\u00e4 Suomen UNESCO Global Geoparkit Verkkojulkaisu. matkasuomi.fi <a rel=\"noreferrer noopener\" href=\"https:\/\/matkasuomi.fi\/nae-ja-koe\/tunnetko-naita-huikeita-paikkoja-esittelyssa-suomen-unesco-global-geoparkit\" target=\"_blank\">https:\/\/matkasuomi.fi\/nae-ja-koe\/tunnetko-naita-huikeita-paikkoja-esittelyssa-suomen-unesco-global-geoparkit<\/a> Viitattu 8.11.2023<\/li>\n\n\n\n<li>Reijo Telaranta Julkaisuaika tuntematon. J\u00e4rvi. Valokuva. Pixabay. <a rel=\"noreferrer noopener\" href=\"https:\/\/pixabay.com\/fi\/photos\/j%C3%A4rvi-harjun-punkaharju-suomi-tie-7415109\/\" target=\"_blank\">https:\/\/pixabay.com\/fi\/photos\/j%C3%A4rvi-harjun-punkaharju-suomi-tie-7415109\/<\/a> Viitattu 8.11.2023<\/li>\n\n\n\n<li>Luontoon Julkaisuaika tuntematon. UNESCO Global Geoparks Verkkojulkaisu. Luontoon.fi <a rel=\"noreferrer noopener\" href=\"https:\/\/www.luontoon.fi\/geoparkit\" target=\"_blank\">https:\/\/www.luontoon.fi\/geoparkit<\/a> Viitattu 8.11.2023<\/li>\n<\/ul>\n\n\n\n<p><strong>Vastuullinen matkailu ja sen edist\u00e4minen<\/strong><\/p>\n\n\n\n<ul class=\"wp-block-list\">\n<li>Alexas_photos Julkaisuaika tuntematon. Ymp\u00e4rist\u00f6nsuojelu. Valokuva. Pixabay. <a rel=\"noreferrer noopener\" href=\"https:\/\/pixabay.com\/fi\/photos\/ymp%C3%A4rist%C3%B6nsuojelu-luonto-hehkulamppu-4366503\/\" target=\"_blank\">https:\/\/pixabay.com\/fi\/photos\/ymp%C3%A4rist%C3%B6nsuojelu-luonto-hehkulamppu-4366503\/<\/a><\/li>\n\n\n\n<li>Visit Finland Julkaisuaika tuntematon. Vastuullinen matkailu. Verkkojulkaisu. visitfinland.fi verkkopalvelu Suomen matkailun kehitykseen <a rel=\"noreferrer noopener\" href=\"https:\/\/www.visitfinland.fi\/liiketoiminnan-kehittaminen\/vastuullinen-matkailu\" target=\"_blank\">https:\/\/www.visitfinland.fi\/liiketoiminnan-kehittaminen\/vastuullinen-matkailu<\/a> Viitattu 9.11.2023<\/li>\n\n\n\n<li>Visit Finland Julkaisuaika Tuntematon. KEST\u00c4V\u00c4N MATKAILUN PUOLESTA. Verkkojulkaisu. visitfinland.fi verkkopalvelu Suomen matkailun kehitykseen <a rel=\"noreferrer noopener\" href=\"https:\/\/www.visitfinland.fi\/liiketoiminnan-kehittaminen\/vastuullinen-matkailu\/sustainable-travel-finland\" target=\"_blank\">https:\/\/www.visitfinland.fi\/liiketoiminnan-kehittaminen\/vastuullinen-matkailu\/sustainable-travel-finland<\/a> Viitattu 9.11.2023<\/li>\n\n\n\n<li>Kuvaleike STF -merkist\u00e4 Visit Finlandin verkkosivuilta Julkaisuaika tuntematon. <a rel=\"noreferrer noopener\" href=\"https:\/\/www.visitfinland.fi\/liiketoiminnan-kehittaminen\/vastuullinen-matkailu\/sustainable-travel-finland\" target=\"_blank\">https:\/\/www.visitfinland.fi\/liiketoiminnan-kehittaminen\/vastuullinen-matkailu\/sustainable-travel-finland<\/a> Viitattu 9.11.2023<\/li>\n\n\n\n<li>Bolt Blog 8.11.2023. Responsible travel: your guide to ethical adventures&nbsp;<a rel=\"noreferrer noopener\" href=\"https:\/\/bolt.eu\/en\/blog\/responsible-travel\/\" target=\"_blank\">https:\/\/bolt.eu\/en\/blog\/responsible-travel\/<\/a> Viitattu 9.11.2023<\/li>\n\n\n\n<li>Tommola, Marja Vastuullinen kuluttaminen: Matkustaminen Verkkojulkaisu. Kuluttajaliitto.fi Vastuullinen kuluttaminen <a rel=\"noreferrer noopener\" href=\"https:\/\/www.kuluttajaliitto.fi\/materiaalit\/vastuullinen-kuluttaminen-matkustaminen\/\" target=\"_blank\">https:\/\/www.kuluttajaliitto.fi\/materiaalit\/vastuullinen-kuluttaminen-matkustaminen\/<\/a> Viitattu 9.11.2023<\/li>\n\n\n\n<li>28703 Julkaisuaika tuntematon. K\u00e4det. Valokuva. Pixabay. <a rel=\"noreferrer noopener\" href=\"https:\/\/pixabay.com\/fi\/photos\/k%C3%A4det-rakkaus-k%C3%A4si-ikuisuus-rauhaa-105455\/\" target=\"_blank\">https:\/\/pixabay.com\/fi\/photos\/k%C3%A4det-rakkaus-k%C3%A4si-ikuisuus-rauhaa-105455\/<\/a><\/li>\n<\/ul>\n\n\n\n<p><strong>Ruma ulkokuori<\/strong><\/p>\n\n\n\n<ul class=\"wp-block-list\">\n<li>Krenn, Riikka 2023. Mit\u00e4 tehd\u00e4 Varkaudessa? Saatat viihty\u00e4 paremmin kuin kuvitteletkaan! (Matka-Suomi 12.11.2023) <a rel=\"noreferrer noopener\" href=\"https:\/\/matkasuomi.fi\/nae-ja-koe\/mita-tehda-varkaudessa-saatat-viihtya-paremmin-kuin-kuvitteletkaan\" target=\"_blank\">https:\/\/matkasuomi.fi\/nae-ja-koe\/mita-tehda-varkaudessa-saatat-viihtya-paremmin-kuin-kuvitteletkaan<\/a> Viitattu 13.11.2023<\/li>\n\n\n\n<li>652234 Julkaisuaika tuntematon. Tehdas Ala Hyl\u00e4tty. Valokuva. Pixabay. <a rel=\"noreferrer noopener\" href=\"https:\/\/pixabay.com\/fi\/photos\/tehdas-ala-hyl%C3%A4tty-arkkitehtuuri-1639990\/\" target=\"_blank\">https:\/\/pixabay.com\/fi\/photos\/tehdas-ala-hyl%C3%A4tty-arkkitehtuuri-1639990\/<\/a><\/li>\n<\/ul>\n\n\n\n<p><strong>Rakkaudesta ammattiin<\/strong><\/p>\n\n\n\n<ul class=\"wp-block-list\">\n<li>Mustonen, Riitta 2023 Uupumus&nbsp;sai&nbsp;matkailuyritt\u00e4j\u00e4n&nbsp;asettamaan&nbsp;ty\u00f6nteolle&nbsp;napakat&nbsp;rajat:&nbsp;\u201dKoska&nbsp;tykk\u00e4\u00e4n&nbsp;ty\u00f6st\u00e4ni,&nbsp;helposti&nbsp;joustan&nbsp;asioista\u201d (Maaseudun Tulevaisuus 20.11.2023) <a href=\"https:\/\/www.maaseuduntulevaisuus.fi\/lukemisto\/ef9e0e6d-c4a1-428e-bebf-a17e82f499b7\" target=\"_blank\" rel=\"noreferrer noopener\">https:\/\/www.maaseuduntulevaisuus.fi\/lukemisto\/ef9e0e6d-c4a1-428e-bebf-a17e82f499b7<\/a> Viitattu 21.11.2023<\/li>\n\n\n\n<li>jplenio Julkaisuaika tuntematon. Mets\u00e4, Puita, Sumu. Valokuva. Pixabay. <a href=\"https:\/\/pixabay.com\/fi\/photos\/mets%C3%A4-puita-sumu-havupuut-m%C3%A4nty-3622519\/\" target=\"_blank\" rel=\"noreferrer noopener\">https:\/\/pixabay.com\/fi\/photos\/mets%C3%A4-puita-sumu-havupuut-m%C3%A4nty-3622519\/<\/a> Viitattu 21.11.2023<\/li>\n\n\n\n<li> lukasbieri Julkaisuaika tuntematon. bloggaaja. Valokuva. Pixabay. <a rel=\"noreferrer noopener\" href=\"https:\/\/pixabay.com\/fi\/photos\/bloggaaja-k%C3%A4sikirjoittaja-2838945\/\" target=\"_blank\">https:\/\/pixabay.com\/fi\/photos\/bloggaaja-k%C3%A4sikirjoittaja-2838945\/<\/a> Viitattu 21.11.2023<\/li>\n<\/ul>\n\n\n\n<p><strong>Lappiinko junalla?<\/strong><\/p>\n\n\n\n<ul class=\"wp-block-list\">\n<li>Lavia, Niina 2023. Suomi on saari vain etel\u00e4n n\u00e4\u00adk\u00f6\u00adkul\u00admas\u00adta \u2013 mat\u00adkai\u00adlu\u00adalan pit\u00e4isi pohtia vaih\u00adto\u00adeh\u00adto\u00adja len\u00adt\u00e4\u00admi\u00adsel\u00adle, sill\u00e4 asiat voivat muuttua (Lapin Kansa 23.11.2023) <a rel=\"noreferrer noopener\" href=\"https:\/\/www.lapinkansa.fi\/suomi-on-saari-vain-etelan-nakokulmasta-matkailual\/6066179\" target=\"_blank\">https:\/\/www.lapinkansa.fi\/suomi-on-saari-vain-etelan-nakokulmasta-matkailual\/6066179<\/a> Viitattu 24.11.2023<\/li>\n\n\n\n<li>Kanenori Julkaisuaika tuntematon. juna kouluttaa lumimyrsky lumi. Valokuva. Pixabay. <a rel=\"noreferrer noopener\" href=\"https:\/\/pixabay.com\/fi\/photos\/juna-kouluttaa-lumimyrsky-lumi-6907884\/\" target=\"_blank\">https:\/\/pixabay.com\/fi\/photos\/juna-kouluttaa-lumimyrsky-lumi-6907884\/<\/a> Viitattu 24.11.2023<\/li>\n\n\n\n<li>adege Julkaisuaika tuntematon. Suomi Lapin talvinen maisema. Valokuva. Pixabay. <a rel=\"noreferrer noopener\" href=\"https:\/\/pixabay.com\/fi\/photos\/suomi-lapin-talvinen-maisema-2215318\/\" target=\"_blank\">https:\/\/pixabay.com\/fi\/photos\/suomi-lapin-talvinen-maisema-2215318\/<\/a> Viitattu 24.11.2023<\/li>\n<\/ul>\n\n\n\n<p><strong>Itsearviointi ja loppuyhteenveto<\/strong><\/p>\n\n\n\n<ul class=\"wp-block-list\">\n<li>Pf\u00fcderi Julkaisuaika tuntematon. Kalliokiipeily. Valokuva. Pixabay. <a rel=\"noreferrer noopener\" href=\"https:\/\/pixabay.com\/fi\/photos\/kalliokiipeily-menestys-vuori-2040824\/\" target=\"_blank\">https:\/\/pixabay.com\/fi\/photos\/kalliokiipeily-menestys-vuori-2040824\/<\/a> Viitattu 24.11.2023<\/li>\n\n\n\n<li>StartupStockPhotos Julkaisuaika tuntematon. Lapset voittaa. Valokuva. Pixabay. <a rel=\"noreferrer noopener\" href=\"https:\/\/pixabay.com\/fi\/photos\/lapset-voittaa-menestys-videopeli-593313\/\" target=\"_blank\">https:\/\/pixabay.com\/fi\/photos\/lapset-voittaa-menestys-videopeli-593313\/<\/a> Viitattu 24.11.2023<\/li>\n<\/ul>\n","protected":false},"excerpt":{"rendered":"<p>T\u00e4st\u00e4 se l\u00e4htee Sekasortoa Ranskan alapuolella Israelin ja Hamasin v\u00e4lisen konfliktin vaikutukset Lapin matkailuun Ruokaa kylm\u00e4n k\u00e4den kautta Majoituksen hinta\/laatu suhde Suomen UNESCO Global Geoparkit Vastuullinen matkailu ja sen edist\u00e4minen Ruma ulkokuori Rakkaudesta ammattiin Lappiinko junalla? Itsearviointi ja loppuyhteenveto<\/p>\n","protected":false},"author":10470,"featured_media":0,"parent":8,"menu_order":12,"comment_status":"closed","ping_status":"closed","template":"","meta":{"footnotes":""},"class_list":["post-17","page","type-page","status-publish","hentry"],"_links":{"self":[{"href":"https:\/\/blogi.savonia.fi\/thomascoelho\/wp-json\/wp\/v2\/pages\/17","targetHints":{"allow":["GET"]}}],"collection":[{"href":"https:\/\/blogi.savonia.fi\/thomascoelho\/wp-json\/wp\/v2\/pages"}],"about":[{"href":"https:\/\/blogi.savonia.fi\/thomascoelho\/wp-json\/wp\/v2\/types\/page"}],"author":[{"embeddable":true,"href":"https:\/\/blogi.savonia.fi\/thomascoelho\/wp-json\/wp\/v2\/users\/10470"}],"replies":[{"embeddable":true,"href":"https:\/\/blogi.savonia.fi\/thomascoelho\/wp-json\/wp\/v2\/comments?post=17"}],"version-history":[{"count":22,"href":"https:\/\/blogi.savonia.fi\/thomascoelho\/wp-json\/wp\/v2\/pages\/17\/revisions"}],"predecessor-version":[{"id":222,"href":"https:\/\/blogi.savonia.fi\/thomascoelho\/wp-json\/wp\/v2\/pages\/17\/revisions\/222"}],"up":[{"embeddable":true,"href":"https:\/\/blogi.savonia.fi\/thomascoelho\/wp-json\/wp\/v2\/pages\/8"}],"wp:attachment":[{"href":"https:\/\/blogi.savonia.fi\/thomascoelho\/wp-json\/wp\/v2\/media?parent=17"}],"curies":[{"name":"wp","href":"https:\/\/api.w.org\/{rel}","templated":true}]}}