{"id":19,"date":"2023-10-09T15:56:31","date_gmt":"2023-10-09T12:56:31","guid":{"rendered":"https:\/\/blogi.savonia.fi\/thomascoelho\/?page_id=19"},"modified":"2023-11-12T21:19:29","modified_gmt":"2023-11-12T19:19:29","slug":"tasta-se-lahtee","status":"publish","type":"page","link":"https:\/\/blogi.savonia.fi\/thomascoelho\/matkailu-ja-majoituspalvelut-tutuksi-e-portfolio-oppimistehtava\/tasta-se-lahtee\/","title":{"rendered":"T\u00e4st\u00e4 se l\u00e4htee!"},"content":{"rendered":"\n<p>N\u00e4in opintojen alussa oli hieman tietoteknisi\u00e4 ongelmia, mutta ei se mit\u00e4\u00e4n t\u00e4st\u00e4 nyt l\u00e4htee matkailua monipuolisesti k\u00e4sittelev\u00e4 e-Portfolioni, parempi my\u00f6h\u00e4\u00e4n kun ei milloinkaan! T\u00e4h\u00e4n alkuun haluan ottaa pienen kevennyksen joka tuli vastaan, ennen kuin aletaan kunnolla perkamaan matkailun trendej\u00e4, uutisia ja mielenkiintoisia ajankohtaisia topiikkeja!<\/p>\n\n\n\n<p>Kyseess\u00e4 on siis Ryanairin lyhytvideo\/mainos jossa hieman ivalliseen s\u00e4vyyn Ryanair piikittelee valittavia asiakkaitaan, ett\u00e4 tervetuloa taas uudelleen! <\/p>\n\n\n\n<p>Video:<a rel=\"noreferrer noopener\" href=\"https:\/\/www.instagram.com\/reel\/Cw4x7BfoZ7J\/?utm_source=ig_web_copy_link&amp;igshid=MzRlODBiNWFlZA==\" target=\"_blank\">https:\/\/www.instagram.com\/reel\/Cw4x7BfoZ7J\/?utm_source=ig_web_copy_link&amp;igshid=MzRlODBiNWFlZA==<\/a><\/p>\n\n\n\n<p>Koin t\u00e4m\u00e4n lyhyen mutta ytimekk\u00e4\u00e4n pikku mainoksen\/mediajulkaisun olevan oiva alku t\u00e4lle portfoliolleni, sill\u00e4 t\u00e4ss\u00e4h\u00e4n nyt l\u00e4hdet\u00e4\u00e4n matkalle, joka alkuh\u00e4ss\u00e4k\u00e4ss\u00e4\u00e4n tulee olemaan varmasti yht\u00e4 sujuva, kuin Ryanairin tunnetut eritt\u00e4in tasaiset laskeutumiset, HEH HEH!<\/p>\n\n\n\n<p>Ai niin ja unohdinpa mainita, jotta menn\u00e4\u00e4n edes hieman aiheen puolella, ett\u00e4 Ryanairin koneilla p\u00e4\u00e4see ennen lumen tuloa lent\u00e4m\u00e4\u00e4n Iso-Britanniasta 22e\/suunta! Eli ei ole kovin iso investointi p\u00e4\u00e4st\u00e4 brittien pohjolaan t\u00e4h\u00e4n aikaan vuodesta. <\/p>\n\n\n\n<p>Edit. 1.11.2023 T\u00e4ss\u00e4 vaiheessa portfolion tekoani luulin viel\u00e4, ett\u00e4 pit\u00e4\u00e4 olla jokin tarkkaan rajattu aihe, jonka pohjalta portfoliota tehd\u00e4\u00e4n. Olin siis valinnut lapin matkailun, ja t\u00e4m\u00e4n vuoksi t\u00e4m\u00e4 halvalla lappiin kohta on t\u00e4\u00e4ll\u00e4, mutta haluan pit\u00e4\u00e4 t\u00e4m\u00e4n palasen osana julkaisuani yh\u00e4 edelleen, sill\u00e4 onhan nuo Ryanairin hinnat nyt aivan naurettavan halpoja.<\/p>\n\n\n\n<figure class=\"wp-block-image size-large\"><img loading=\"lazy\" decoding=\"async\" width=\"1024\" height=\"95\" src=\"https:\/\/blogi.savonia.fi\/thomascoelho\/wp-content\/uploads\/sites\/12672\/2023\/10\/image-1-1024x95.png\" alt=\"\" class=\"wp-image-28\" srcset=\"https:\/\/blogi.savonia.fi\/thomascoelho\/wp-content\/uploads\/sites\/12672\/2023\/10\/image-1-1024x95.png 1024w, https:\/\/blogi.savonia.fi\/thomascoelho\/wp-content\/uploads\/sites\/12672\/2023\/10\/image-1-300x28.png 300w, https:\/\/blogi.savonia.fi\/thomascoelho\/wp-content\/uploads\/sites\/12672\/2023\/10\/image-1-768x72.png 768w, https:\/\/blogi.savonia.fi\/thomascoelho\/wp-content\/uploads\/sites\/12672\/2023\/10\/image-1-624x58.png 624w, https:\/\/blogi.savonia.fi\/thomascoelho\/wp-content\/uploads\/sites\/12672\/2023\/10\/image-1.png 1160w\" sizes=\"auto, (max-width: 1024px) 100vw, 1024px\" \/><\/figure>\n\n\n\n<p>Kuvaleike Ryanairin verkkosivuilta Liverpool &#8211; Rovanniemi lennosta (Ryanair 2023)<\/p>\n\n\n\n<p>9.10.2023<\/p>\n\n\n\n<p>L\u00e4hteet:<\/p>\n\n\n\n<ul class=\"wp-block-list\">\n<li>Ryanair 2023. Welcome back to the party \ud83d\udc85 &#8211; -.Instagram Reels-p\u00e4ivitys 7.9.2023  <a rel=\"noreferrer noopener\" href=\"https:\/\/www.instagram.com\/p\/Cw4x7BfoZ7J\/?hl=fi\" target=\"_blank\">https:\/\/www.instagram.com\/p\/Cw4x7BfoZ7J\/?hl=fi <\/a> . Viitattu 9.10.2023<\/li>\n\n\n\n<li>Ryanair 2023 <a rel=\"noreferrer noopener\" href=\"https:\/\/www.ryanair.com\/gb\/en\/trip\/flights\/select?adults=1&amp;teens=0&amp;children=0&amp;infants=0&amp;dateOut=2023-11-20&amp;isConnectedFlight=false&amp;isReturn=false&amp;discount=0&amp;originIata=LPL&amp;destinationIata=RVN&amp;tpAdults=1&amp;tpTeens=0&amp;tpChildren=0&amp;tpInfants=0&amp;tpStartDate=2023-11-20&amp;tpDiscount=0&amp;tpOriginIata=LPL&amp;tpDestinationIata=RVN\" data-type=\"link\" data-id=\"https:\/\/www.ryanair.com\/gb\/en\/trip\/flights\/select?adults=1&amp;teens=0&amp;children=0&amp;infants=0&amp;dateOut=2023-11-20&amp;isConnectedFlight=false&amp;isReturn=false&amp;discount=0&amp;originIata=LPL&amp;destinationIata=RVN&amp;tpAdults=1&amp;tpTeens=0&amp;tpChildren=0&amp;tpInfants=0&amp;tpStartDate=2023-11-20&amp;tpDiscount=0&amp;tpOriginIata=LPL&amp;tpDestinationIata=RVN\" target=\"_blank\">https:\/\/www.ryanair.com\/gb\/en\/trip\/flights\/select?adults=1&amp;teens=0&amp;children=0&amp;infants=0&amp;dateOut=2023-11-20&amp;isConnectedFlight=false&amp;isReturn=false&amp;discount=0&amp;originIata=LPL&amp;destinationIata=RVN&amp;tpAdults=1&amp;tpTeens=0&amp;tpChildren=0&amp;tpInfants=0&amp;tpStartDate=2023-11-20&amp;tpDiscount=0&amp;tpOriginIata=LPL&amp;tpDestinationIata=RVN<\/a> Viitattu 9.10.2023<\/li>\n<\/ul>\n\n\n\n<p> <\/p>\n","protected":false},"excerpt":{"rendered":"<p>N\u00e4in opintojen alussa oli hieman tietoteknisi\u00e4 ongelmia, mutta ei se mit\u00e4\u00e4n t\u00e4st\u00e4 nyt l\u00e4htee matkailua monipuolisesti k\u00e4sittelev\u00e4 e-Portfolioni, parempi my\u00f6h\u00e4\u00e4n kun ei milloinkaan! T\u00e4h\u00e4n alkuun haluan ottaa pienen kevennyksen joka tuli vastaan, ennen kuin aletaan kunnolla perkamaan matkailun trendej\u00e4, uutisia ja mielenkiintoisia ajankohtaisia topiikkeja! Kyseess\u00e4 on siis Ryanairin lyhytvideo\/mainos jossa hieman ivalliseen s\u00e4vyyn Ryanair piikittelee [&hellip;]<\/p>\n","protected":false},"author":10470,"featured_media":0,"parent":8,"menu_order":0,"comment_status":"closed","ping_status":"closed","template":"","meta":{"footnotes":""},"class_list":["post-19","page","type-page","status-publish","hentry"],"_links":{"self":[{"href":"https:\/\/blogi.savonia.fi\/thomascoelho\/wp-json\/wp\/v2\/pages\/19","targetHints":{"allow":["GET"]}}],"collection":[{"href":"https:\/\/blogi.savonia.fi\/thomascoelho\/wp-json\/wp\/v2\/pages"}],"about":[{"href":"https:\/\/blogi.savonia.fi\/thomascoelho\/wp-json\/wp\/v2\/types\/page"}],"author":[{"embeddable":true,"href":"https:\/\/blogi.savonia.fi\/thomascoelho\/wp-json\/wp\/v2\/users\/10470"}],"replies":[{"embeddable":true,"href":"https:\/\/blogi.savonia.fi\/thomascoelho\/wp-json\/wp\/v2\/comments?post=19"}],"version-history":[{"count":8,"href":"https:\/\/blogi.savonia.fi\/thomascoelho\/wp-json\/wp\/v2\/pages\/19\/revisions"}],"predecessor-version":[{"id":143,"href":"https:\/\/blogi.savonia.fi\/thomascoelho\/wp-json\/wp\/v2\/pages\/19\/revisions\/143"}],"up":[{"embeddable":true,"href":"https:\/\/blogi.savonia.fi\/thomascoelho\/wp-json\/wp\/v2\/pages\/8"}],"wp:attachment":[{"href":"https:\/\/blogi.savonia.fi\/thomascoelho\/wp-json\/wp\/v2\/media?parent=19"}],"curies":[{"name":"wp","href":"https:\/\/api.w.org\/{rel}","templated":true}]}}