{"id":208,"date":"2023-11-24T17:03:15","date_gmt":"2023-11-24T15:03:15","guid":{"rendered":"https:\/\/blogi.savonia.fi\/thomascoelho\/?page_id=208"},"modified":"2023-11-24T20:34:49","modified_gmt":"2023-11-24T18:34:49","slug":"lappiinko-junalla","status":"publish","type":"page","link":"https:\/\/blogi.savonia.fi\/thomascoelho\/matkailu-ja-majoituspalvelut-tutuksi-e-portfolio-oppimistehtava\/lappiinko-junalla\/","title":{"rendered":"Lappiinko junalla?"},"content":{"rendered":"\n<p>Olin jo lopettelemassa t\u00e4t\u00e4 ty\u00f6t\u00e4, mutta viel\u00e4 viimeist\u00e4 kertaa uutisia ja alustoja selaillessani l\u00e4pi, eteeni putkahti, kuin tyhj\u00e4st\u00e4 Niina Lavian Lapin Kansaan kirjoitettu mielenkiintoinen kolumni, joka k\u00e4sittelee mahdollisuuksia tuoda turistimassoja Suomeen ja varsinkin Suomen Lappiin muillakin menetelmill\u00e4, kuin saastuttavilla lentokoneilla.<\/p>\n\n\n\n<p><strong>Suomi on saari vain etel\u00e4n n\u00e4\u00adk\u00f6\u00adkul\u00admas\u00adta \u2013 mat\u00adkai\u00adlu\u00adalan pit\u00e4isi pohtia vaih\u00adto\u00adeh\u00adto\u00adja len\u00adt\u00e4\u00admi\u00adsel\u00adle, sill\u00e4 asiat voivat muuttua<\/strong> <strong>(Lavia 2023)<\/strong> Linkki uutiseen: <a rel=\"noreferrer noopener\" href=\"https:\/\/www.lapinkansa.fi\/suomi-on-saari-vain-etelan-nakokulmasta-matkailual\/6066179\" target=\"_blank\">https:\/\/www.lapinkansa.fi\/suomi-on-saari-vain-etelan-nakokulmasta-matkailual\/6066179<\/a><\/p>\n\n\n\n<p>Kolumnissa k\u00e4yd\u00e4\u00e4n l\u00e4pi, sit\u00e4 miten Lappiin matkataan t\u00e4ll\u00e4 hetkell\u00e4 p\u00e4\u00e4osin ulkomailta eritt\u00e4in ep\u00e4ekologisien menetelmien avulla, eli Lent\u00e4en. Kolumnissa todetaan toki se, ett\u00e4 junayhteys on etel\u00e4st\u00e4 k\u00e4sin lappiin olemassa, mutta harva ulkomaalainen turisti k\u00e4ytt\u00e4\u00e4 sit\u00e4, ja ett\u00e4 toki t\u00e4ll\u00f6inkin Helsinki-Vantaalle saapuva turisti on usein saapunut lent\u00e4en.<\/p>\n\n\n\n<p>Kolumnissa tuotiin esiin my\u00f6s Visit Finlandin analyytikko Susanne Heikkisen toteamus: &#8221;\u00a0Saapuminen Suomeen v\u00e4h\u00e4hiilisesti on hankalaa.&#8221; T\u00e4m\u00e4 pit\u00e4\u00e4 t\u00e4ysin paikkansa, ulkomaalaiset turistit saapuvat suurimmilta osin kes\u00e4isin lentokoneella, ja talvisin lent\u00e4minen  on enemm\u00e4n s\u00e4\u00e4nt\u00f6 kuin poikkeus.<\/p>\n\n\n\n<p>Kolumnissa my\u00f6s k\u00e4sitell\u00e4\u00e4n sit\u00e4 mahdollisuutta, ett\u00e4 tulevaisuudessa voisi olla mahdollista parantaa junaratayhteyksi\u00e4 esimerkiksi Ruotsin kautta tulemista varten, ja ett\u00e4 kyseisest\u00e4 ekologisemmasta yhteydest\u00e4 voitaisiin rakentaa jo kokemus itsest\u00e4\u00e4n, sill\u00e4 Lapista on maayhteys muuhun Eurooppaan aivan eri tavoin kuin Etel\u00e4-Suomesta, joka t\u00e4ll\u00e4 hetkell\u00e4 varsinkin Ven\u00e4j\u00e4n tilanteen vuoksi tulee esille saaren tavoin muulle Euroopalle aivan eri tavoin kuin Lappi.<\/p>\n\n\n\n<p><em>Juna voisi olla tulevaisuudessa erinomainen korvike lent\u00e4miselle Lapin matkailussa.<\/em><\/p>\n\n\n\n<figure class=\"wp-block-image size-large is-resized\"><img loading=\"lazy\" decoding=\"async\" width=\"1024\" height=\"682\" src=\"https:\/\/blogi.savonia.fi\/thomascoelho\/wp-content\/uploads\/sites\/12672\/2023\/11\/train-6907884_1280-1024x682.jpg\" alt=\"\" class=\"wp-image-219\" style=\"aspect-ratio:1.501466275659824;width:504px;height:auto\" srcset=\"https:\/\/blogi.savonia.fi\/thomascoelho\/wp-content\/uploads\/sites\/12672\/2023\/11\/train-6907884_1280-1024x682.jpg 1024w, https:\/\/blogi.savonia.fi\/thomascoelho\/wp-content\/uploads\/sites\/12672\/2023\/11\/train-6907884_1280-300x200.jpg 300w, https:\/\/blogi.savonia.fi\/thomascoelho\/wp-content\/uploads\/sites\/12672\/2023\/11\/train-6907884_1280-768x512.jpg 768w, https:\/\/blogi.savonia.fi\/thomascoelho\/wp-content\/uploads\/sites\/12672\/2023\/11\/train-6907884_1280-624x416.jpg 624w, https:\/\/blogi.savonia.fi\/thomascoelho\/wp-content\/uploads\/sites\/12672\/2023\/11\/train-6907884_1280.jpg 1280w\" sizes=\"auto, (max-width: 1024px) 100vw, 1024px\" \/><\/figure>\n\n\n\n<p>Kuva 1.  juna kouluttaa lumimyrsky lumi (Kanenori Julkaisuaika tuntematon)<\/p>\n\n\n\n<p><strong>Omaa pohdintaa<\/strong><\/p>\n\n\n\n<p>Lavian kolumni tuo esiin eritt\u00e4in ajankohtaisen ongelman, jolle ei n\u00e4y t\u00e4ll\u00e4 hetkell\u00e4 loppua. Lappi on melkein t\u00e4ysin lent\u00e4misen varassa, ja vaihtoehtoisten matkustusmuotojen luominen on eritt\u00e4in ajankohtainen ja kriittinen asia.<\/p>\n\n\n\n<p>Niin kuin kolumnissakin on mainittu, edullinen lent\u00e4minen tuskin on pysyv\u00e4\u00e4, sill\u00e4 ilmastotaistelun yhteydess\u00e4 mahdollisesti tuleva lent\u00e4misen verottamisen kirist\u00e4minen on eritt\u00e4in todenn\u00e4k\u00f6ist\u00e4, ja t\u00e4ll\u00e4 hetkell\u00e4 Lappi on ainakin ulkomaalaisten turistien osalta t\u00e4ysin lentojen varassa.<\/p>\n\n\n\n<p>Kolumni tuo t\u00e4h\u00e4n eritt\u00e4in p\u00e4tev\u00e4n ratkaisun, nimitt\u00e4in junayhteyden, joka saapuisi Tanskan ja Ruotsin kautta Suomeen. Juna ei olisi tietenk\u00e4\u00e4n nopeampi vaihtoehto, kuin lent\u00e4minen Suomeen tuloa varten, mutta jos saisimme rakennettua yhteisty\u00f6ss\u00e4 muiden pohjoismaiden kanssa edes kohtuu nopean ja el\u00e4myksellisen junayhteyden muuhun Eurooppaan, niin ei Lappi olisi en\u00e4\u00e4n pelk\u00e4st\u00e4\u00e4n lent\u00e4misen varassa. <\/p>\n\n\n\n<p>Eli kaikessa yksinkertaisuudessaan jos Lapin matkailun painotusta lent\u00e4misest\u00e4 haluttaisiin siirt\u00e4\u00e4 ekologisempiin vaihtoehtoihin sen pit\u00e4isi olla t\u00e4ysin mahdollista, se vaatii vain kansainv\u00e4list\u00e4 yhteisty\u00f6t\u00e4 ja panostusta. <\/p>\n\n\n\n<p>T\u00e4ll\u00e4 hetkell\u00e4 tuntuu, ett\u00e4 ekologisuuteen panostaminen ei ole t\u00e4ll\u00e4 hetkell\u00e4 juurikaan p\u00f6yd\u00e4ll\u00e4, suoria lentoyhteyksi\u00e4 Lappiin avataan jatkuvasti ja t\u00e4n\u00e4 talvenakin lent\u00e4en saapuvien turistien m\u00e4\u00e4r\u00e4 kasvaa.<\/p>\n\n\n\n<p>Jos yhteisty\u00f6 ja junayhteydet on liian vaikeita toteuttaa, niin Lapin matkailukeskukset ja Suomen matkailusektori voisivat v\u00e4hint\u00e4\u00e4n mietti\u00e4 vaikka bussimatkojen j\u00e4rjest\u00e4mist\u00e4 Euroopan suurista kaupungeista, kyseess\u00e4 voisi olla suoria yhteyksi\u00e4 joulupukin syliin sek\u00e4 el\u00e4mysmatkoja, jotka k\u00e4yv\u00e4t l\u00e4pi Suomen Lapin lis\u00e4ksi muiden pohjoismaiden kohteita ja kulttuuria.<\/p>\n\n\n\n<p>Loppuun voisi tiivist\u00e4 asian niin, ett\u00e4 ongelma on eritt\u00e4in ajankohtainen, sill\u00e4 Suomi on kuitenkin muita maita ekologisuudellaan edell\u00e4 k\u00e4yv\u00e4 maa, ja pelkkien letojen lis\u00e4\u00e4minen ja ekologisten vaihtoehtojen sys\u00e4\u00e4minen sivuun ei aja tulevaisuuden tavoitteita ja ekologisuutta.<\/p>\n\n\n\n<p><em>Toivottavasti tulevaisuudessa ulkomaiden matkailijat p\u00e4\u00e4sev\u00e4t nauttimaan n\u00e4ist\u00e4 upeista Lapin maisemista ilman isoa hiilijalanj\u00e4lke\u00e4.<\/em><\/p>\n\n\n\n<figure class=\"wp-block-image size-large is-resized\"><img loading=\"lazy\" decoding=\"async\" width=\"1024\" height=\"682\" src=\"https:\/\/blogi.savonia.fi\/thomascoelho\/wp-content\/uploads\/sites\/12672\/2023\/11\/finland-2215318_1280-1024x682.jpg\" alt=\"\" class=\"wp-image-220\" style=\"aspect-ratio:1.501466275659824;width:512px;height:auto\" srcset=\"https:\/\/blogi.savonia.fi\/thomascoelho\/wp-content\/uploads\/sites\/12672\/2023\/11\/finland-2215318_1280-1024x682.jpg 1024w, https:\/\/blogi.savonia.fi\/thomascoelho\/wp-content\/uploads\/sites\/12672\/2023\/11\/finland-2215318_1280-300x200.jpg 300w, https:\/\/blogi.savonia.fi\/thomascoelho\/wp-content\/uploads\/sites\/12672\/2023\/11\/finland-2215318_1280-768x512.jpg 768w, https:\/\/blogi.savonia.fi\/thomascoelho\/wp-content\/uploads\/sites\/12672\/2023\/11\/finland-2215318_1280-624x416.jpg 624w, https:\/\/blogi.savonia.fi\/thomascoelho\/wp-content\/uploads\/sites\/12672\/2023\/11\/finland-2215318_1280.jpg 1280w\" sizes=\"auto, (max-width: 1024px) 100vw, 1024px\" \/><\/figure>\n\n\n\n<p>Kuva 2. Suomi Lapin talvinen maisema (adege Julkaisuaika tuntematon)<\/p>\n\n\n\n<p>24.11.2023<\/p>\n\n\n\n<p>L\u00e4hteet:<\/p>\n\n\n\n<ul class=\"wp-block-list\">\n<li>Lavia, Niina 2023. Suomi on saari vain etel\u00e4n n\u00e4\u00adk\u00f6\u00adkul\u00admas\u00adta \u2013 mat\u00adkai\u00adlu\u00adalan pit\u00e4isi pohtia vaih\u00adto\u00adeh\u00adto\u00adja len\u00adt\u00e4\u00admi\u00adsel\u00adle, sill\u00e4 asiat voivat muuttua (Lapin Kansa 23.11.2023) <a href=\"https:\/\/www.lapinkansa.fi\/suomi-on-saari-vain-etelan-nakokulmasta-matkailual\/6066179\" target=\"_blank\" rel=\"noreferrer noopener\">https:\/\/www.lapinkansa.fi\/suomi-on-saari-vain-etelan-nakokulmasta-matkailual\/6066179<\/a> Viitattu 24.11.2023<\/li>\n\n\n\n<li>Kanenori Julkaisuaika tuntematon. juna kouluttaa lumimyrsky lumi. Valokuva. Pixabay. <a rel=\"noreferrer noopener\" href=\"https:\/\/pixabay.com\/fi\/photos\/juna-kouluttaa-lumimyrsky-lumi-6907884\/\" target=\"_blank\">https:\/\/pixabay.com\/fi\/photos\/juna-kouluttaa-lumimyrsky-lumi-6907884\/<\/a> Viitattu 24.11.2023<\/li>\n\n\n\n<li>adege Julkaisuaika tuntematon. Suomi Lapin talvinen maisema. Valokuva. Pixabay. <a rel=\"noreferrer noopener\" href=\"https:\/\/pixabay.com\/fi\/photos\/suomi-lapin-talvinen-maisema-2215318\/\" target=\"_blank\">https:\/\/pixabay.com\/fi\/photos\/suomi-lapin-talvinen-maisema-2215318\/<\/a> Viitattu 24.11.2023<\/li>\n<\/ul>\n","protected":false},"excerpt":{"rendered":"<p>Olin jo lopettelemassa t\u00e4t\u00e4 ty\u00f6t\u00e4, mutta viel\u00e4 viimeist\u00e4 kertaa uutisia ja alustoja selaillessani l\u00e4pi, eteeni putkahti, kuin tyhj\u00e4st\u00e4 Niina Lavian Lapin Kansaan kirjoitettu mielenkiintoinen kolumni, joka k\u00e4sittelee mahdollisuuksia tuoda turistimassoja Suomeen ja varsinkin Suomen Lappiin muillakin menetelmill\u00e4, kuin saastuttavilla lentokoneilla. Suomi on saari vain etel\u00e4n n\u00e4\u00adk\u00f6\u00adkul\u00admas\u00adta \u2013 mat\u00adkai\u00adlu\u00adalan pit\u00e4isi pohtia vaih\u00adto\u00adeh\u00adto\u00adja len\u00adt\u00e4\u00admi\u00adsel\u00adle, sill\u00e4 asiat voivat [&hellip;]<\/p>\n","protected":false},"author":10470,"featured_media":0,"parent":8,"menu_order":9,"comment_status":"closed","ping_status":"closed","template":"","meta":{"footnotes":""},"class_list":["post-208","page","type-page","status-publish","hentry"],"_links":{"self":[{"href":"https:\/\/blogi.savonia.fi\/thomascoelho\/wp-json\/wp\/v2\/pages\/208","targetHints":{"allow":["GET"]}}],"collection":[{"href":"https:\/\/blogi.savonia.fi\/thomascoelho\/wp-json\/wp\/v2\/pages"}],"about":[{"href":"https:\/\/blogi.savonia.fi\/thomascoelho\/wp-json\/wp\/v2\/types\/page"}],"author":[{"embeddable":true,"href":"https:\/\/blogi.savonia.fi\/thomascoelho\/wp-json\/wp\/v2\/users\/10470"}],"replies":[{"embeddable":true,"href":"https:\/\/blogi.savonia.fi\/thomascoelho\/wp-json\/wp\/v2\/comments?post=208"}],"version-history":[{"count":5,"href":"https:\/\/blogi.savonia.fi\/thomascoelho\/wp-json\/wp\/v2\/pages\/208\/revisions"}],"predecessor-version":[{"id":229,"href":"https:\/\/blogi.savonia.fi\/thomascoelho\/wp-json\/wp\/v2\/pages\/208\/revisions\/229"}],"up":[{"embeddable":true,"href":"https:\/\/blogi.savonia.fi\/thomascoelho\/wp-json\/wp\/v2\/pages\/8"}],"wp:attachment":[{"href":"https:\/\/blogi.savonia.fi\/thomascoelho\/wp-json\/wp\/v2\/media?parent=208"}],"curies":[{"name":"wp","href":"https:\/\/api.w.org\/{rel}","templated":true}]}}