{"id":232,"date":"2024-04-25T11:11:21","date_gmt":"2024-04-25T08:11:21","guid":{"rendered":"https:\/\/blogi.savonia.fi\/thomascoelho\/?page_id=232"},"modified":"2024-04-30T12:22:49","modified_gmt":"2024-04-30T09:22:49","slug":"mina-thomas-coelho","status":"publish","type":"page","link":"https:\/\/blogi.savonia.fi\/thomascoelho\/mina-thomas-coelho\/","title":{"rendered":"Min\u00e4 Thomas Coelho"},"content":{"rendered":"\n<p>Hei, ja tervetuloa blogiini! Olen 22-vuotias ensimm\u00e4isen vuoden restonomiopiskelija Kuopiosta. Alun perin olen kotoisin Savonlinnasta ja ennen opiskelujen aloittamista Kuopiossa olen my\u00f6s siell\u00e4 koko el\u00e4m\u00e4ni viett\u00e4nyt.  Olen innokas ja utelias oppimaan uutta, ja tavoitteenani onkin kehitty\u00e4 alallani ja ottaa ilo irti jokaisesta oppimismahdollisuudesta. Ker\u00e4\u00e4n t\u00e4nne kaikkea opiskeluvuosien aikana kertyv\u00e4\u00e4 mielenkiintoista materiaalia opinnoistani ja oppimastani. Eli ei muuta, kun hypp\u00e4\u00e4 mukaan tutkailemaan yhdess\u00e4 kanssani matkailualan mielenkiintoisia syvyyksi\u00e4.<\/p>\n\n\n\n<p>30.4.2024<\/p>\n","protected":false},"excerpt":{"rendered":"<p>Hei, ja tervetuloa blogiini! Olen 22-vuotias ensimm\u00e4isen vuoden restonomiopiskelija Kuopiosta. Alun perin olen kotoisin Savonlinnasta ja ennen opiskelujen aloittamista Kuopiossa olen my\u00f6s siell\u00e4 koko el\u00e4m\u00e4ni viett\u00e4nyt. Olen innokas ja utelias oppimaan uutta, ja tavoitteenani onkin kehitty\u00e4 alallani ja ottaa ilo irti jokaisesta oppimismahdollisuudesta. Ker\u00e4\u00e4n t\u00e4nne kaikkea opiskeluvuosien aikana kertyv\u00e4\u00e4 mielenkiintoista materiaalia opinnoistani ja oppimastani. Eli [&hellip;]<\/p>\n","protected":false},"author":10470,"featured_media":0,"parent":0,"menu_order":0,"comment_status":"closed","ping_status":"closed","template":"","meta":{"footnotes":""},"class_list":["post-232","page","type-page","status-publish","hentry"],"_links":{"self":[{"href":"https:\/\/blogi.savonia.fi\/thomascoelho\/wp-json\/wp\/v2\/pages\/232","targetHints":{"allow":["GET"]}}],"collection":[{"href":"https:\/\/blogi.savonia.fi\/thomascoelho\/wp-json\/wp\/v2\/pages"}],"about":[{"href":"https:\/\/blogi.savonia.fi\/thomascoelho\/wp-json\/wp\/v2\/types\/page"}],"author":[{"embeddable":true,"href":"https:\/\/blogi.savonia.fi\/thomascoelho\/wp-json\/wp\/v2\/users\/10470"}],"replies":[{"embeddable":true,"href":"https:\/\/blogi.savonia.fi\/thomascoelho\/wp-json\/wp\/v2\/comments?post=232"}],"version-history":[{"count":3,"href":"https:\/\/blogi.savonia.fi\/thomascoelho\/wp-json\/wp\/v2\/pages\/232\/revisions"}],"predecessor-version":[{"id":249,"href":"https:\/\/blogi.savonia.fi\/thomascoelho\/wp-json\/wp\/v2\/pages\/232\/revisions\/249"}],"wp:attachment":[{"href":"https:\/\/blogi.savonia.fi\/thomascoelho\/wp-json\/wp\/v2\/media?parent=232"}],"curies":[{"name":"wp","href":"https:\/\/api.w.org\/{rel}","templated":true}]}}