{"id":234,"date":"2024-04-25T11:16:19","date_gmt":"2024-04-25T08:16:19","guid":{"rendered":"https:\/\/blogi.savonia.fi\/thomascoelho\/?page_id=234"},"modified":"2024-04-30T12:14:53","modified_gmt":"2024-04-30T09:14:53","slug":"jukka-kuirin-vierailu","status":"publish","type":"page","link":"https:\/\/blogi.savonia.fi\/thomascoelho\/yritysvierailuja-ja-yritysvierailijoita\/jukka-kuirin-vierailu\/","title":{"rendered":"Jukka Kuirin vierailu"},"content":{"rendered":"\n<p>Yksi vuoden varrella olleista vierailijoista, joka j\u00e4i mieleen hyvin, oli Jukka Kuiri. Kuirin pit\u00e4m\u00e4 esittely Ykk\u00f6smatkoista ja koronan vaikutuksista liiketoimintaan oli yksi ensimm\u00e4isist\u00e4 realistisista kosketuksista matkailualaan ja sen haasteisiin.<\/p>\n\n\n\n<p>Esittely oli osana kurssia l\u00e4ht\u00f6laskenta kannattavaan yritystoimintaan, ja esittelyn aikana sai laajan kuvan, miten alaa koskevat poliittiset muutokset voivat vaikuttaa \u00e4killisesti, ja eritt\u00e4in negatiivisesti yrityksen toimintaan.<\/p>\n\n\n\n<p>Esittely oli eritt\u00e4in suoraviivainen ja siit\u00e4 j\u00e4i selke\u00e4 kuva alan vaihtelevuudesta ja yll\u00e4tyksellisyydest\u00e4. Oli eritt\u00e4in mahtavaa ensimm\u00e4ist\u00e4 kertaa opiskeluvuoden aikana kuulla my\u00f6s alaa koskevista varjopuolista sek\u00e4 vaikeuksista, eik\u00e4 pelk\u00e4st\u00e4\u00e4n miten ruusuista ja ihanaa kaikki on. <\/p>\n\n\n\n<p>Kuirin esittely innoittikin minua ja kev\u00e4tlukukauden ryhm\u00e4ty\u00f6iden ryhm\u00e4l\u00e4isi\u00e4ni valitsemaan Ykk\u00f6smatkat useaan kev\u00e4\u00e4ll\u00e4 olleeseen ryhm\u00e4ty\u00f6h\u00f6n tutkinnan kohteena olevaksi yritykseksi.<\/p>\n\n\n\n<p>Suuret kiitokset Kuirille silmi\u00e4 avaavasta esityksest\u00e4.<\/p>\n\n\n\n<p>30.04.2024<\/p>\n","protected":false},"excerpt":{"rendered":"<p>Yksi vuoden varrella olleista vierailijoista, joka j\u00e4i mieleen hyvin, oli Jukka Kuiri. Kuirin pit\u00e4m\u00e4 esittely Ykk\u00f6smatkoista ja koronan vaikutuksista liiketoimintaan oli yksi ensimm\u00e4isist\u00e4 realistisista kosketuksista matkailualaan ja sen haasteisiin. Esittely oli osana kurssia l\u00e4ht\u00f6laskenta kannattavaan yritystoimintaan, ja esittelyn aikana sai laajan kuvan, miten alaa koskevat poliittiset muutokset voivat vaikuttaa \u00e4killisesti, ja eritt\u00e4in negatiivisesti yrityksen toimintaan. [&hellip;]<\/p>\n","protected":false},"author":10470,"featured_media":0,"parent":236,"menu_order":0,"comment_status":"closed","ping_status":"closed","template":"","meta":{"footnotes":""},"class_list":["post-234","page","type-page","status-publish","hentry"],"_links":{"self":[{"href":"https:\/\/blogi.savonia.fi\/thomascoelho\/wp-json\/wp\/v2\/pages\/234","targetHints":{"allow":["GET"]}}],"collection":[{"href":"https:\/\/blogi.savonia.fi\/thomascoelho\/wp-json\/wp\/v2\/pages"}],"about":[{"href":"https:\/\/blogi.savonia.fi\/thomascoelho\/wp-json\/wp\/v2\/types\/page"}],"author":[{"embeddable":true,"href":"https:\/\/blogi.savonia.fi\/thomascoelho\/wp-json\/wp\/v2\/users\/10470"}],"replies":[{"embeddable":true,"href":"https:\/\/blogi.savonia.fi\/thomascoelho\/wp-json\/wp\/v2\/comments?post=234"}],"version-history":[{"count":3,"href":"https:\/\/blogi.savonia.fi\/thomascoelho\/wp-json\/wp\/v2\/pages\/234\/revisions"}],"predecessor-version":[{"id":247,"href":"https:\/\/blogi.savonia.fi\/thomascoelho\/wp-json\/wp\/v2\/pages\/234\/revisions\/247"}],"up":[{"embeddable":true,"href":"https:\/\/blogi.savonia.fi\/thomascoelho\/wp-json\/wp\/v2\/pages\/236"}],"wp:attachment":[{"href":"https:\/\/blogi.savonia.fi\/thomascoelho\/wp-json\/wp\/v2\/media?parent=234"}],"curies":[{"name":"wp","href":"https:\/\/api.w.org\/{rel}","templated":true}]}}