{"id":236,"date":"2024-04-25T11:17:17","date_gmt":"2024-04-25T08:17:17","guid":{"rendered":"https:\/\/blogi.savonia.fi\/thomascoelho\/?page_id=236"},"modified":"2024-04-25T11:18:00","modified_gmt":"2024-04-25T08:18:00","slug":"yritysvierailuja-ja-yritysvierailijoita","status":"publish","type":"page","link":"https:\/\/blogi.savonia.fi\/thomascoelho\/yritysvierailuja-ja-yritysvierailijoita\/","title":{"rendered":"Yritysvierailuja ja yritysvierailijoita"},"content":{"rendered":"\n<p>T\u00e4ss\u00e4 osiossa k\u00e4sittelen ja kokoan yhteen omia mietteit\u00e4ni mielenkiintoisista yritysvierailijoista ja yritysvierailuista. <\/p>\n","protected":false},"excerpt":{"rendered":"<p>T\u00e4ss\u00e4 osiossa k\u00e4sittelen ja kokoan yhteen omia mietteit\u00e4ni mielenkiintoisista yritysvierailijoista ja yritysvierailuista.<\/p>\n","protected":false},"author":10470,"featured_media":0,"parent":0,"menu_order":0,"comment_status":"closed","ping_status":"closed","template":"","meta":{"footnotes":""},"class_list":["post-236","page","type-page","status-publish","hentry"],"_links":{"self":[{"href":"https:\/\/blogi.savonia.fi\/thomascoelho\/wp-json\/wp\/v2\/pages\/236","targetHints":{"allow":["GET"]}}],"collection":[{"href":"https:\/\/blogi.savonia.fi\/thomascoelho\/wp-json\/wp\/v2\/pages"}],"about":[{"href":"https:\/\/blogi.savonia.fi\/thomascoelho\/wp-json\/wp\/v2\/types\/page"}],"author":[{"embeddable":true,"href":"https:\/\/blogi.savonia.fi\/thomascoelho\/wp-json\/wp\/v2\/users\/10470"}],"replies":[{"embeddable":true,"href":"https:\/\/blogi.savonia.fi\/thomascoelho\/wp-json\/wp\/v2\/comments?post=236"}],"version-history":[{"count":3,"href":"https:\/\/blogi.savonia.fi\/thomascoelho\/wp-json\/wp\/v2\/pages\/236\/revisions"}],"predecessor-version":[{"id":239,"href":"https:\/\/blogi.savonia.fi\/thomascoelho\/wp-json\/wp\/v2\/pages\/236\/revisions\/239"}],"wp:attachment":[{"href":"https:\/\/blogi.savonia.fi\/thomascoelho\/wp-json\/wp\/v2\/media?parent=236"}],"curies":[{"name":"wp","href":"https:\/\/api.w.org\/{rel}","templated":true}]}}