{"id":36,"date":"2023-10-15T22:55:27","date_gmt":"2023-10-15T19:55:27","guid":{"rendered":"https:\/\/blogi.savonia.fi\/thomascoelho\/?page_id=36"},"modified":"2023-11-22T03:36:47","modified_gmt":"2023-11-22T01:36:47","slug":"sekasortoa-ranskan-alapuolella","status":"publish","type":"page","link":"https:\/\/blogi.savonia.fi\/thomascoelho\/matkailu-ja-majoituspalvelut-tutuksi-e-portfolio-oppimistehtava\/sekasortoa-ranskan-alapuolella\/","title":{"rendered":"Sekasortoa Ranskan alapuolella"},"content":{"rendered":"\n<p>Ai ett\u00e4, koko leikki alkoi vajaa viikko sitten tutusta ja turvallisesta Ryanairista, noh sill\u00e4 olen tapojeni orja &#8230; tulee se iltap\u00e4iv\u00e4lehti oikeastaan joka ikinen p\u00e4iv\u00e4 internetselaimeen aukaistua, ja mik\u00e4 etusivulla iloisesti moikkasikaan, no Ryanairia koskeva uutinen tietenkin, ja kun syvemm\u00e4lle meni niin uutisia oli oikein kaksin kappalein!<\/p>\n\n\n\n<p><strong>Ryanair j\u00e4tti suomalaiset Gironan kent\u00e4lle \u2013 Miian koti\u00admatka tuli kalliiksi (Vaalisto, Suutari 2023)<\/strong>  Linkki uutiseen: <a href=\"https:\/\/www.is.fi\/kotimaa\/art-2000009923323.html\">https:\/\/www.is.fi\/kotimaa\/art-2000009923323.html<\/a><\/p>\n\n\n\n<p>Iltasanomien verkkosivuille julkaistussa uutisessa k\u00e4sitell\u00e4\u00e4n isoja lento-ongelmia, jotka johtuvat Ranskan ilmatilaa h\u00e4iritsevist\u00e4 lakoista. Lakkoon on esimerkiksi osallistunut Ranskan lentokenttien lennonjohdotkin. (Vaalisto, Suutari 2023.)<\/p>\n\n\n\n<p>Uutinen painottuu suomalaisen Miian ja t\u00e4m\u00e4n perheen vaikeuksiin, joiden oli tarkoitus lent\u00e4\u00e4 Ryanairin koneella takaisin Suomeen, joka oli toki t\u00e4ynn\u00e4 muitakin matkustajia, uutisessa \u00e4\u00e4neen p\u00e4\u00e4sseen Miian mukaan n. 200 henkil\u00f6\u00e4. Miia ei p\u00e4\u00e4ssyt todellakaan Ryanairin avulla Suomeen vaan lentoyhti\u00f6 on j\u00e4tt\u00e4nyt matkaajat joiden lennot peruttiin t\u00e4ysin oman onnensa nojaan ja pyyhkinyt k\u00e4tens\u00e4 koko asiasta. Uutisessa mainitaan, ett\u00e4 asiakkaille oli tarjottu muun muassa nelj\u00e4n euron arvoisia ruokalipukkeita. (Vaalisto, Suutari 2023.)<\/p>\n\n\n\n<p>Miia p\u00e4\u00e4si perheens\u00e4 kanssa kyll\u00e4 Suomeen toista kautta, mutta edulliseksi kaavailtu loma kallistui t\u00e4st\u00e4 huomattavasti.<\/p>\n\n\n\n<p>Mit\u00e4 minulle itselleni j\u00e4i k\u00e4teen t\u00e4ll\u00e4isesta  perinteisest\u00e4 etel\u00e4n matkaajan kauhutarinasta oli se, ett\u00e4 kaikki, siis aivan kaikki palapelin palat on oltava kohdallaan matkustaessa, jos matkan j\u00e4rjest\u00e4j\u00e4 s\u00f6ssii matkailija k\u00e4rsii, jos matkan kohteena oleva valtio s\u00f6ssii, niin matkailija k\u00e4rsii ja jos matkustus muotona toimiva liikenn\u00f6itsij\u00e4 s\u00f6ssii matkailija k\u00e4rsii. Kaikki palapelin osat ovat yhteydess\u00e4 kesken\u00e4\u00e4n ja kaiken on toimittava, jotta kaikki sujuisi miten pit\u00e4\u00e4kin. <\/p>\n\n\n\n<p>Kun asiat eiv\u00e4t mene miten pit\u00e4\u00e4, niin usein itse tilanteessa eniten k\u00e4rsiv\u00e4 osapuoli on melkein aina siis matkaa tekev\u00e4 ihminen niin kuin jo totesinkin aika k\u00e4rkk\u00e4\u00e4sti. Yritykset ja valtiot pomputtelevat syit\u00e4\u00e4n toistensa niskoille ja v\u00e4ltt\u00e4\u00e4 vastuuta, joskus on mahdollista, ett\u00e4 vaikka alkuper\u00e4inen ongelma, joka k\u00e4y kalliiksi itse turistille ei tule ikin\u00e4 takaisin h\u00e4nen kukkaroonsa, jos h\u00e4n ei ole valmiina eritt\u00e4in rankkaan ja byrokraattiseen kanssak\u00e4ymiseen n\u00e4iden isojen firmojen ja jopa ihan virallisten virastojen kanssa. On siis t\u00e4rke\u00e4\u00e4 muistaa, ett\u00e4 vaikka olisi miten varautunut matkaansa, tulostellut kaikki mahdolliset lippulappuset ja t\u00e4rke\u00e4t dokumentit, katsonut varasuunnitelmat ja varaillut isojen firmojen kautta tutut ja turvalliset pakettimatkat voi kaikki menn\u00e4 silti pieleen.<\/p>\n\n\n\n<p>On vain ehk\u00e4 hyv\u00e4ksytt\u00e4v\u00e4, ett\u00e4 n\u00e4m\u00e4 isommatkin pulmat ja vastaan tulevat ongelmat kulkevat siis k\u00e4sik\u00e4dess\u00e4 matkustamisen kanssa, kaikki ei vain voi sujua aina miten pit\u00e4\u00e4. On siis hyv\u00e4 asennoitua matkaan l\u00e4htiess\u00e4 tuleviin ongelmiin positiivisesti ja valmistautua stressin t\u00e4yteisiin tilanteisiin jopa vuoden ihanimmalla kohokohta matkallaan.<\/p>\n\n\n\n<p>Edit. Keskustelin Memmun kanssa tunnin p\u00e4\u00e4tteeksi e-Portfolioteht\u00e4v\u00e4st\u00e4. Tunnin aiheena oli Matkailukluisteri, ja hyv\u00e4ll\u00e4 sattumalla t\u00e4t\u00e4 julkaisuani l\u00e4pik\u00e4ydess\u00e4 \u00e4lysimme, miten t\u00e4m\u00e4 koko Gironan h\u00e4ss\u00e4kk\u00e4 oli sit\u00e4 itse\u00e4\u00e4n. Opin ymm\u00e4rt\u00e4m\u00e4\u00e4n matkailuklusteria ja sen osapuolia paljon laajemmin ja ymm\u00e4rt\u00e4v\u00e4isemmin t\u00e4m\u00e4n aiheen tiimoilta, ja on hauska huomata, miten opettavaista on ker\u00e4ill\u00e4 n\u00e4it\u00e4 uutisia ja ajankohtaisia tapahtumia\/aiheita t\u00e4nne muistoksi. <\/p>\n\n\n\n<p>Toinen uutinen ja tarina koskien samaa ongelmaa Gironan kent\u00e4ll\u00e4 johtuen Ranskan lakoista. <strong>Ryanair perui lennon 12 tunnin arpomisen j\u00e4lkeen \u2013 Sannan loma meni t\u00e4ysin pieleen, korvaavan vaihto\u00adehdon hinta olisi ollut 10\u202f000 euroa (Helle 2023)<\/strong><\/p>\n\n\n\n<p>Linkki uutiseen: <a href=\"https:\/\/www.is.fi\/kotimaa\/art-2000009924711.html\" target=\"_blank\" rel=\"noreferrer noopener\">https:\/\/www.is.fi\/kotimaa\/art-2000009924711.html<\/a><\/p>\n\n\n\n<p>T\u00e4h\u00e4n pisteeseen Ryanairin koneella ei uutisissa p\u00e4\u00e4styk\u00e4\u00e4n hahaa!<\/p>\n\n\n\n<figure class=\"wp-block-image size-full is-resized\"><img loading=\"lazy\" decoding=\"async\" width=\"640\" height=\"427\" src=\"https:\/\/blogi.savonia.fi\/thomascoelho\/wp-content\/uploads\/sites\/12672\/2023\/10\/the-plane-5331793_640.jpg\" alt=\"\" class=\"wp-image-46\" style=\"aspect-ratio:1.4988290398126465;width:460px;height:auto\" srcset=\"https:\/\/blogi.savonia.fi\/thomascoelho\/wp-content\/uploads\/sites\/12672\/2023\/10\/the-plane-5331793_640.jpg 640w, https:\/\/blogi.savonia.fi\/thomascoelho\/wp-content\/uploads\/sites\/12672\/2023\/10\/the-plane-5331793_640-300x200.jpg 300w, https:\/\/blogi.savonia.fi\/thomascoelho\/wp-content\/uploads\/sites\/12672\/2023\/10\/the-plane-5331793_640-624x416.jpg 624w\" sizes=\"auto, (max-width: 640px) 100vw, 640px\" \/><\/figure>\n\n\n\n<p>Kuva 1. Ryanairin kone (Jakub Petrymusz Julkaisuaika tuntematon)<\/p>\n\n\n\n<p>15.10.2023<\/p>\n\n\n\n<p>L\u00e4hteet:<\/p>\n\n\n\n<ul class=\"wp-block-list\">\n<li>Vaalisto, Heidi &amp; Suutari, Elli 2023. Ryanair j\u00e4tti suomalaiset Gironan kent\u00e4lle \u2013 Miian koti\u00admatka tuli kalliiksi (Iltasanomat 14.10.2023) <a rel=\"noreferrer noopener\" href=\"https:\/\/www.is.fi\/kotimaa\/art-2000009923323.html\" target=\"_blank\">https:\/\/www.is.fi\/kotimaa\/art-2000009923323.html<\/a> Viitattu 15.10.2023.<\/li>\n\n\n\n<li>Helle, Tatu 2023. Ryanair perui lennon 12 tunnin arpomisen j\u00e4lkeen \u2013 Sannan loma meni t\u00e4ysin pieleen, korvaavan vaihto\u00adehdon hinta olisi ollut 10\u202f000 euroa (Iltasanomat 15.10.2023) <a rel=\"noreferrer noopener\" href=\"https:\/\/www.is.fi\/kotimaa\/art-2000009924711.html\" target=\"_blank\">https:\/\/www.is.fi\/kotimaa\/art-2000009924711.html<\/a> Viitattu 15.10.2023<\/li>\n\n\n\n<li>Jakub Petrymusz Julkaisuaika tuntematon. Ryanairin kone. Valokuva. Pixabay. <a rel=\"noreferrer noopener\" href=\"https:\/\/pixabay.com\/fi\/photos\/kone-ryanair-rivi-lentoyhti%C3%B6-5331793\/\" target=\"_blank\">https:\/\/pixabay.com\/fi\/photos\/kone-ryanair-rivi-lentoyhti%C3%B6-5331793\/<\/a><\/li>\n<\/ul>\n","protected":false},"excerpt":{"rendered":"<p>Ai ett\u00e4, koko leikki alkoi vajaa viikko sitten tutusta ja turvallisesta Ryanairista, noh sill\u00e4 olen tapojeni orja &#8230; tulee se iltap\u00e4iv\u00e4lehti oikeastaan joka ikinen p\u00e4iv\u00e4 internetselaimeen aukaistua, ja mik\u00e4 etusivulla iloisesti moikkasikaan, no Ryanairia koskeva uutinen tietenkin, ja kun syvemm\u00e4lle meni niin uutisia oli oikein kaksin kappalein! Ryanair j\u00e4tti suomalaiset Gironan kent\u00e4lle \u2013 Miian koti\u00admatka [&hellip;]<\/p>\n","protected":false},"author":10470,"featured_media":0,"parent":8,"menu_order":1,"comment_status":"closed","ping_status":"closed","template":"","meta":{"footnotes":""},"class_list":["post-36","page","type-page","status-publish","hentry"],"_links":{"self":[{"href":"https:\/\/blogi.savonia.fi\/thomascoelho\/wp-json\/wp\/v2\/pages\/36","targetHints":{"allow":["GET"]}}],"collection":[{"href":"https:\/\/blogi.savonia.fi\/thomascoelho\/wp-json\/wp\/v2\/pages"}],"about":[{"href":"https:\/\/blogi.savonia.fi\/thomascoelho\/wp-json\/wp\/v2\/types\/page"}],"author":[{"embeddable":true,"href":"https:\/\/blogi.savonia.fi\/thomascoelho\/wp-json\/wp\/v2\/users\/10470"}],"replies":[{"embeddable":true,"href":"https:\/\/blogi.savonia.fi\/thomascoelho\/wp-json\/wp\/v2\/comments?post=36"}],"version-history":[{"count":10,"href":"https:\/\/blogi.savonia.fi\/thomascoelho\/wp-json\/wp\/v2\/pages\/36\/revisions"}],"predecessor-version":[{"id":194,"href":"https:\/\/blogi.savonia.fi\/thomascoelho\/wp-json\/wp\/v2\/pages\/36\/revisions\/194"}],"up":[{"embeddable":true,"href":"https:\/\/blogi.savonia.fi\/thomascoelho\/wp-json\/wp\/v2\/pages\/8"}],"wp:attachment":[{"href":"https:\/\/blogi.savonia.fi\/thomascoelho\/wp-json\/wp\/v2\/media?parent=36"}],"curies":[{"name":"wp","href":"https:\/\/api.w.org\/{rel}","templated":true}]}}