{"id":50,"date":"2023-10-18T14:51:23","date_gmt":"2023-10-18T11:51:23","guid":{"rendered":"https:\/\/blogi.savonia.fi\/thomascoelho\/?page_id=50"},"modified":"2023-11-22T20:15:48","modified_gmt":"2023-11-22T18:15:48","slug":"israelin-ja-hamasin-valisen-konfliktin-vaikutukset-lapin-matkailuun","status":"publish","type":"page","link":"https:\/\/blogi.savonia.fi\/thomascoelho\/matkailu-ja-majoituspalvelut-tutuksi-e-portfolio-oppimistehtava\/israelin-ja-hamasin-valisen-konfliktin-vaikutukset-lapin-matkailuun\/","title":{"rendered":"Israelin ja Hamasin v\u00e4lisen konfliktin vaikutukset Lapin matkailuun"},"content":{"rendered":"\n<p>Taas uusi konflikti, tai no ei uusi vaan vanha, joka purkautui nyt uudestaan r\u00e4j\u00e4hdysm\u00e4isell\u00e4 nopeudella, kun Palestiinalainen puolue, joka on terroristiseksi j\u00e4rjest\u00f6ksi nimetty Hamas, teki yll\u00e4tyshy\u00f6kk\u00e4yksen Israeliin, joka kohdistui viel\u00e4 siviiliv\u00e4est\u00f6\u00f6n. T\u00e4m\u00e4n seurauksena Israelin armeija vastasi Gazasta tulleen poppoon tuhoty\u00f6h\u00f6n eritt\u00e4in rankalla tulella. <\/p>\n\n\n\n<p>Palestiinalaiset pojat piilossa suuren maailman hirveyksilt\u00e4:<\/p>\n\n\n\n<figure class=\"wp-block-image size-large is-resized\"><img loading=\"lazy\" decoding=\"async\" width=\"1024\" height=\"682\" src=\"https:\/\/blogi.savonia.fi\/thomascoelho\/wp-content\/uploads\/sites\/12672\/2023\/10\/gaza-3829378_1280-1024x682.jpg\" alt=\"\" class=\"wp-image-55\" style=\"aspect-ratio:1.501466275659824;width:422px;height:auto\" srcset=\"https:\/\/blogi.savonia.fi\/thomascoelho\/wp-content\/uploads\/sites\/12672\/2023\/10\/gaza-3829378_1280-1024x682.jpg 1024w, https:\/\/blogi.savonia.fi\/thomascoelho\/wp-content\/uploads\/sites\/12672\/2023\/10\/gaza-3829378_1280-300x200.jpg 300w, https:\/\/blogi.savonia.fi\/thomascoelho\/wp-content\/uploads\/sites\/12672\/2023\/10\/gaza-3829378_1280-768x512.jpg 768w, https:\/\/blogi.savonia.fi\/thomascoelho\/wp-content\/uploads\/sites\/12672\/2023\/10\/gaza-3829378_1280-624x416.jpg 624w, https:\/\/blogi.savonia.fi\/thomascoelho\/wp-content\/uploads\/sites\/12672\/2023\/10\/gaza-3829378_1280.jpg 1280w\" sizes=\"auto, (max-width: 1024px) 100vw, 1024px\" \/><\/figure>\n\n\n\n<p>Kuva 1. Gaza (hosnysalah Julkaisuaika tuntematon)<\/p>\n\n\n\n<p>Mutta ei sotaa sen enemp\u00e4\u00e4 blogiin vaan, Ylelt\u00e4 l\u00f6ytyi tuore uutinen koskien konfliktin vaikutusta Lapin matkailuun, sill\u00e4 israelilaiset ovat  t\u00e4rke\u00e4 osa Suomen Lapin matkailua.<\/p>\n\n\n\n<p><strong>Israelilaiset ovat merkitt\u00e4v\u00e4 ryhm\u00e4 Lapin matkailulle \u2013 Finnairin reittilentojen peruminen vaikuttaa koko sesonkiin<\/strong> <strong>(Rytk\u00f6nen 2023)<\/strong><\/p>\n\n\n\n<p>Linkki uutiseen: <a rel=\"noreferrer noopener\" href=\"https:\/\/yle.fi\/a\/74-20055258\" target=\"_blank\">https:\/\/yle.fi\/a\/74-20055258<\/a><\/p>\n\n\n\n<p>Uutisessa k\u00e4y ilmi, ett\u00e4 israelilaiset ovat todella t\u00e4rke\u00e4 osa Lapin matkailua, ja Visit Rovaniemen mukaan israelilaiset turistit viett\u00e4v\u00e4t keskim\u00e4\u00e4rin 30 tuhatta lomay\u00f6t\u00e4 Lapissa vuosittain. (Rytk\u00f6nen 2023.)<\/p>\n\n\n\n<p>Esimerkiksi Finnair on lopettanut kaikki lentonsa Tel Avivin ja Helsingin v\u00e4lill\u00e4 maaliskuun loppuun saakka perusteluna Israelin t\u00e4m\u00e4n hetkinen ep\u00e4vakaus. (Rytk\u00f6nen 2023.)<\/p>\n\n\n\n<p>Uutisessa haastateltavana oleva Visit Rovaniemen edustaja Sanna K\u00e4rkk\u00e4inen arvioi ett\u00e4: &#8221;Visit Rovaniemess\u00e4 uskotaan yh\u00e4 enn\u00e4tykselliseen matkailijatalveen, sill\u00e4 matkailu ei ole yksitt\u00e4isen markkina-alueen varassa. Sen sijaan yksitt\u00e4isiin yrityksiin tilanteella voi olla vaikutusta.&#8221; Lausahduksesta tulee selv\u00e4sti siis ilmi, ett\u00e4 Lapin\/Rovaniemen matkailualaan israelilaisten turistien mahdollisella katoamisella ei ole suurta merkityst\u00e4 koko kuvaan, mutta jos ajatellaan juurikin pienten yritt\u00e4jien n\u00e4k\u00f6kulmasta t\u00e4t\u00e4, tilanne voi ollakin hyvin vakava. Otetaan kuvitteelliseksi esimerkiksi vaikkapa moottorikelkkasafari, joka on t\u00e4ysin kohdennettu L\u00e4hi-id\u00e4st\u00e4 saapuville turisteille, t\u00e4ll\u00f6in kyseisen yritt\u00e4j\u00e4n bisnes voi jopa t\u00e4ysin kaatua, jos h\u00e4n ei tee \u00e4killisi\u00e4 taktikoituja peliliikkeit\u00e4 bisneksens\u00e4 pelastamiseksi, sill\u00e4 L\u00e4hi-id\u00e4st\u00e4 saapuvien matkailijoiden joukosta israelilaisten osuus on hyvin suuri.<\/p>\n\n\n\n<p>Uutisesta voisi viel\u00e4 poimia sen verran pohdintaa, ett\u00e4 konflikteilla on aina pitk\u00e4 ja haitallinen ketjureaktio huvitteluun ja asioihin, jotka ei ole ns. elint\u00e4rkeit\u00e4. Jos jossain p\u00e4in maailmaa alkaa pommit r\u00e4j\u00e4hdell\u00e4, vaikkapa nyt tuolla Israelin Palestiinalaisilla asuinalueilla, sill\u00e4 on nopeasti vaikutusta my\u00f6s Matti Erkki Lappilaisen kelkkailubisnekseen 4000 kilometrin p\u00e4\u00e4h\u00e4n.<\/p>\n\n\n\n<p>Kuvituskuva kuvitteellisesta Matista moottorikelkkaretkell\u00e4\u00e4n:<\/p>\n\n\n\n<figure class=\"wp-block-image size-full is-resized\"><img loading=\"lazy\" decoding=\"async\" width=\"640\" height=\"427\" src=\"https:\/\/blogi.savonia.fi\/thomascoelho\/wp-content\/uploads\/sites\/12672\/2023\/10\/snowmobiles-2035500_640.jpg\" alt=\"\" class=\"wp-image-54\" style=\"aspect-ratio:1.4988290398126465;width:437px;height:auto\" srcset=\"https:\/\/blogi.savonia.fi\/thomascoelho\/wp-content\/uploads\/sites\/12672\/2023\/10\/snowmobiles-2035500_640.jpg 640w, https:\/\/blogi.savonia.fi\/thomascoelho\/wp-content\/uploads\/sites\/12672\/2023\/10\/snowmobiles-2035500_640-300x200.jpg 300w, https:\/\/blogi.savonia.fi\/thomascoelho\/wp-content\/uploads\/sites\/12672\/2023\/10\/snowmobiles-2035500_640-624x416.jpg 624w\" sizes=\"auto, (max-width: 640px) 100vw, 640px\" \/><\/figure>\n\n\n\n<p>Kuva 2. Moottorikelkka (D Mz Julkaisuaika tuntematon)<\/p>\n\n\n\n<p>18.10.2023<\/p>\n\n\n\n<p>L\u00e4hteet:<\/p>\n\n\n\n<ul class=\"wp-block-list\">\n<li>Rytk\u00f6nen, Eelis 2023<strong> <\/strong>Israelilaiset ovat merkitt\u00e4v\u00e4 ryhm\u00e4 Lapin matkailulle \u2013 Finnairin reittilentojen peruminen vaikuttaa koko sesonkiin (Yle 14.10.2023) <a rel=\"noreferrer noopener\" href=\"https:\/\/yle.fi\/a\/74-20055258\" target=\"_blank\">https:\/\/yle.fi\/a\/74-20055258<\/a> Viitattu 18.10.2023<\/li>\n\n\n\n<li>hosnysalah Julkaisuaika tuntematon. Gaza. Valokuva. Pixabay. <a href=\"https:\/\/pixabay.com\/fi\/photos\/gaza-nauha-palestiina-3829378\/\" target=\"_blank\" rel=\"noreferrer noopener\">https:\/\/pixabay.com\/fi\/photos\/gaza-nauha-palestiina-3829378\/<\/a><\/li>\n\n\n\n<li>D Mz Julkaisuaika tuntematon. Moottorikelkka. Valokuva. Pixabay. <a href=\"https:\/\/pixabay.com\/fi\/photos\/moottorikelkat-lapin-moottorikelkka-2035500\/\">https:\/\/<\/a><a rel=\"noreferrer noopener\" href=\"https:\/\/pixabay.com\/fi\/photos\/moottorikelkat-lapin-moottorikelkka-2035500\/\" target=\"_blank\">pixabay.com<\/a><a href=\"https:\/\/pixabay.com\/fi\/photos\/moottorikelkat-lapin-moottorikelkka-2035500\/\" target=\"_blank\" rel=\"noreferrer noopener\">\/fi\/photos\/moottorikelkat-lapin-moottorikelkka-2035500\/<\/a><\/li>\n<\/ul>\n","protected":false},"excerpt":{"rendered":"<p>Taas uusi konflikti, tai no ei uusi vaan vanha, joka purkautui nyt uudestaan r\u00e4j\u00e4hdysm\u00e4isell\u00e4 nopeudella, kun Palestiinalainen puolue, joka on terroristiseksi j\u00e4rjest\u00f6ksi nimetty Hamas, teki yll\u00e4tyshy\u00f6kk\u00e4yksen Israeliin, joka kohdistui viel\u00e4 siviiliv\u00e4est\u00f6\u00f6n. T\u00e4m\u00e4n seurauksena Israelin armeija vastasi Gazasta tulleen poppoon tuhoty\u00f6h\u00f6n eritt\u00e4in rankalla tulella. Palestiinalaiset pojat piilossa suuren maailman hirveyksilt\u00e4: Kuva 1. Gaza (hosnysalah Julkaisuaika tuntematon) [&hellip;]<\/p>\n","protected":false},"author":10470,"featured_media":0,"parent":8,"menu_order":2,"comment_status":"closed","ping_status":"closed","template":"","meta":{"footnotes":""},"class_list":["post-50","page","type-page","status-publish","hentry"],"_links":{"self":[{"href":"https:\/\/blogi.savonia.fi\/thomascoelho\/wp-json\/wp\/v2\/pages\/50","targetHints":{"allow":["GET"]}}],"collection":[{"href":"https:\/\/blogi.savonia.fi\/thomascoelho\/wp-json\/wp\/v2\/pages"}],"about":[{"href":"https:\/\/blogi.savonia.fi\/thomascoelho\/wp-json\/wp\/v2\/types\/page"}],"author":[{"embeddable":true,"href":"https:\/\/blogi.savonia.fi\/thomascoelho\/wp-json\/wp\/v2\/users\/10470"}],"replies":[{"embeddable":true,"href":"https:\/\/blogi.savonia.fi\/thomascoelho\/wp-json\/wp\/v2\/comments?post=50"}],"version-history":[{"count":9,"href":"https:\/\/blogi.savonia.fi\/thomascoelho\/wp-json\/wp\/v2\/pages\/50\/revisions"}],"predecessor-version":[{"id":196,"href":"https:\/\/blogi.savonia.fi\/thomascoelho\/wp-json\/wp\/v2\/pages\/50\/revisions\/196"}],"up":[{"embeddable":true,"href":"https:\/\/blogi.savonia.fi\/thomascoelho\/wp-json\/wp\/v2\/pages\/8"}],"wp:attachment":[{"href":"https:\/\/blogi.savonia.fi\/thomascoelho\/wp-json\/wp\/v2\/media?parent=50"}],"curies":[{"name":"wp","href":"https:\/\/api.w.org\/{rel}","templated":true}]}}