{"id":87,"date":"2023-10-31T06:22:56","date_gmt":"2023-10-31T04:22:56","guid":{"rendered":"https:\/\/blogi.savonia.fi\/thomascoelho\/?page_id=87"},"modified":"2023-11-22T20:24:53","modified_gmt":"2023-11-22T18:24:53","slug":"ihana-yo-italiassa","status":"publish","type":"page","link":"https:\/\/blogi.savonia.fi\/thomascoelho\/matkailu-ja-majoituspalvelut-tutuksi-e-portfolio-oppimistehtava\/ihana-yo-italiassa\/","title":{"rendered":"Majoituksen hinta\/laatu suhde"},"content":{"rendered":"\n<p>Mik\u00e4 olisikaan ihanampaa kuin viett\u00e4\u00e4 rentouttava ja edullinen y\u00f6  hostelissa keskell\u00e4 upeaa Milanoa, t\u00e4ss\u00e4 kuitenkin kannattaa olla eritt\u00e4in tarkkana sill\u00e4 jos valintaa ei ole tehtyn\u00e4 huolella voi k\u00e4yd\u00e4 eritt\u00e4in kalpaten niin, kuin puolentunnin mittaisessa dokumentti\/arviointi videossa n\u00e4hd\u00e4\u00e4n.<\/p>\n\n\n\n<p><em>Perinteinen nuorisolle suunnattu hostellihuone:<\/em><\/p>\n\n\n\n<figure class=\"wp-block-image size-full is-resized\"><img loading=\"lazy\" decoding=\"async\" width=\"640\" height=\"480\" src=\"https:\/\/blogi.savonia.fi\/thomascoelho\/wp-content\/uploads\/sites\/12672\/2023\/10\/beds-182964_640.jpg\" alt=\"\" class=\"wp-image-93\" style=\"aspect-ratio:1.3333333333333333;width:396px;height:auto\" srcset=\"https:\/\/blogi.savonia.fi\/thomascoelho\/wp-content\/uploads\/sites\/12672\/2023\/10\/beds-182964_640.jpg 640w, https:\/\/blogi.savonia.fi\/thomascoelho\/wp-content\/uploads\/sites\/12672\/2023\/10\/beds-182964_640-300x225.jpg 300w, https:\/\/blogi.savonia.fi\/thomascoelho\/wp-content\/uploads\/sites\/12672\/2023\/10\/beds-182964_640-624x468.jpg 624w\" sizes=\"auto, (max-width: 640px) 100vw, 640px\" \/><\/figure>\n\n\n\n<p>Kuva 1. Vuoteet (Hans Julkaisuaika tuntematon)<\/p>\n\n\n\n<p><strong>Peterin komediadokumentti koskien hostel Californiaa:<\/strong><\/p>\n\n\n\n<figure class=\"wp-block-embed is-type-video is-provider-youtube wp-block-embed-youtube wp-embed-aspect-16-9 wp-has-aspect-ratio\"><div class=\"wp-block-embed__wrapper\">\n<iframe loading=\"lazy\" title=\"I Went to the Worst Reviewed Hotel in Italy\" width=\"625\" height=\"352\" src=\"https:\/\/www.youtube.com\/embed\/Pv_DH7UH9hs?feature=oembed\" frameborder=\"0\" allow=\"accelerometer; autoplay; clipboard-write; encrypted-media; gyroscope; picture-in-picture; web-share\" referrerpolicy=\"strict-origin-when-cross-origin\" allowfullscreen><\/iframe>\n<\/div><\/figure>\n\n\n\n<p>I Went to the Worst Reviewed Hotel in Italy (PPPeter 2023)<\/p>\n\n\n\n<p>Peter \u201d<em>Pppeter<\/em>\u201d Popluh\u00e1r on slovakialainen YouTubettaja sek\u00e4 koomikko, joka on viimevuosina alkanut tekem\u00e4\u00e4n paljon lyhyit\u00e4 komediapohjaisia dokumenttip\u00e4tki\u00e4, sek\u00e4 arvosteluita eritt\u00e4in huonoista hotelleista, hostelleista sek\u00e4 ravintoloista ja v\u00e4lill\u00e4 my\u00f6s eritt\u00e4in hyvist\u00e4 t\u00e4llaisista.<\/p>\n\n\n\n<p>Videolla Peter siis varaa yst\u00e4v\u00e4ns\u00e4 Vladimirin kanssa koko Italian huonoiten arvostellun hostellin nimelt\u00e4 California mihin h\u00e4n varaa majoituksen ja majoittuu yst\u00e4v\u00e4ns\u00e4 kanssa. <\/p>\n\n\n\n<p><em>Nimi suoltaa jo t\u00e4ytt\u00e4 laatua mik\u00e4 olisikaan ihanampaa kuin California niminen hostelli keskell\u00e4 Milanoa!<\/em><\/p>\n\n\n\n<p>V\u00e4litt\u00f6m\u00e4sti hostelliin saapumisen yhteydess\u00e4 internetin arvostelupalstojen luoma kauhu nousee pintaan, palvelupisteell\u00e4 on hostellin toinen asiakas, joka juuri on valittamassa hostellin vastaanottoon siit\u00e4, ett\u00e4 h\u00e4nen henkil\u00f6kohtaista omaisuuttaan on varastettu h\u00e4nen huoneestaan.<\/p>\n\n\n\n<p>Dokkarin aikana Peter ja h\u00e4nen yst\u00e4v\u00e4ns\u00e4 suorittaa perus scambaitteja j\u00e4tt\u00e4m\u00e4ll\u00e4 kelloja ja lompakoita esille, jotta joku mahdollinen voro iskisi, mutta n\u00e4in ei kuitenkaan tapahdu. He my\u00f6s l\u00e4htev\u00e4t illalla baariin ja, kun he palaavat hostellille Peterin yst\u00e4v\u00e4n Vladimirin s\u00e4ngyss\u00e4 nukkuu tuntematon mies. Videolta siis paistaa vahvasti hotellin ep\u00e4luotettavuus, likaisuus ja outous. <\/p>\n\n\n\n<p><strong>Pohdintaa<\/strong><\/p>\n\n\n\n<p>Mit\u00e4 sain irti itselleni katsomalla t\u00e4m\u00e4n p\u00e4tk\u00e4n on ehdottomasti se, ett\u00e4 nykyp\u00e4iv\u00e4n\u00e4, kun meill\u00e4 kaikilla on k\u00e4yt\u00f6ss\u00e4 internet ja mobiilipuhelimet on hyv\u00e4 aina ennen majoituksen valitsemista katsoa majoituksen tiedot, maine, arvostelut ja taustat tarkkaan l\u00e4pi ennen valintaa.<\/p>\n\n\n\n<p>Jos jostain syyst\u00e4 majoitusta hakiessa ei kiireen tai jonkun muun sattuneen syyn takia pysty tarkemmin omaa majoitustaan katsomaan ennakkoon, on hyv\u00e4 muistaa varovaisuus ja ennakkoon varautuminen vieraassa maassa tai ihan suomessakin matkaillessa, lompakko ja kallis elektroniikka mielell\u00e4\u00e4n aina mukaan, reppu lukolliseen kaappiin hosteleissa jne.<\/p>\n\n\n\n<p><strong>Hinta\/laatu suhde<\/strong><\/p>\n\n\n\n<p>Matkustaessa budjetilla on t\u00e4rke\u00e4\u00e4 muistaa, ett\u00e4 jos jokin majoitus, tapahtuma tai ravintola on eritt\u00e4in edullinen, on usein mahdollista, ett\u00e4 hinnan takana on jokin koira haudattuna. Asiat eiv\u00e4t v\u00e4ltt\u00e4m\u00e4tt\u00e4 toimi sujuvasti ja palvelu voi olla eritt\u00e4in kehnoa. Pahimassa tapauksessa s\u00e4\u00e4st\u00e4m\u00e4ll\u00e4 muutamia kymmeni\u00e4 euroja voi jopa saattaa itsens\u00e4 vaaraan.<\/p>\n\n\n\n<p>T\u00e4ten on t\u00e4rke\u00e4\u00e4 kantaa matkustaessa aina maalaisj\u00e4rke\u00e4\u00e4n mukana, eik\u00e4 tuudittautua typer\u00e4ksi turistiksi.<\/p>\n\n\n\n<p>Yst\u00e4v\u00e4llisen asiakaspalvelijan\/is\u00e4nn\u00e4n hymyn takana saattaa piill\u00e4 pahakin korsto, siksi kannattaa olla aina varpaillaan.<\/p>\n\n\n\n<figure class=\"wp-block-image size-full is-resized\"><img loading=\"lazy\" decoding=\"async\" width=\"640\" height=\"427\" src=\"https:\/\/blogi.savonia.fi\/thomascoelho\/wp-content\/uploads\/sites\/12672\/2023\/10\/scam-4126798_640.jpg\" alt=\"\" class=\"wp-image-96\" style=\"aspect-ratio:1.4988290398126465;width:390px;height:auto\" srcset=\"https:\/\/blogi.savonia.fi\/thomascoelho\/wp-content\/uploads\/sites\/12672\/2023\/10\/scam-4126798_640.jpg 640w, https:\/\/blogi.savonia.fi\/thomascoelho\/wp-content\/uploads\/sites\/12672\/2023\/10\/scam-4126798_640-300x200.jpg 300w, https:\/\/blogi.savonia.fi\/thomascoelho\/wp-content\/uploads\/sites\/12672\/2023\/10\/scam-4126798_640-624x416.jpg 624w\" sizes=\"auto, (max-width: 640px) 100vw, 640px\" \/><\/figure>\n\n\n\n<p>Kuva 2. Scam (Sammy-Sander Julkaisuaika tuntematon)<\/p>\n\n\n\n<p>31.10.2023<\/p>\n\n\n\n<p>L\u00e4hteet:<\/p>\n\n\n\n<ul class=\"wp-block-list\">\n<li>Hans Julkaisuaika tuntematon. Vuoteet. Valokuva. Pixabay. <a rel=\"noreferrer noopener\" href=\"https:\/\/pixabay.com\/fi\/photos\/vuoteet-youth-hostel-kerross%C3%A4nky-182964\/\" target=\"_blank\">https:\/\/pixabay.com\/fi\/photos\/vuoteet-youth-hostel-kerross%C3%A4nky-182964\/<\/a><\/li>\n\n\n\n<li>PPPeter 2023. I Went to the Worst Reviewed Hotel in Italy. Video. YouTube-videopalvelu, julkaistu 22.10.2023<a rel=\"noreferrer noopener\" href=\"https:\/\/www.youtube.com\/watch?v=Pv_DH7UH9hs&amp;t=7s\" target=\"_blank\"> https:\/\/www.youtube.com\/watch?v=Pv_DH7UH9hs&amp;t=7s <\/a>Viitattu 31.10.2023<\/li>\n\n\n\n<li>Sammy-Sander Julkaisuaika tuntematon. Scam. Kuva. Pixabay. <a href=\"https:\/\/pixabay.com\/fi\/photos\/huijaus-hakkeri-turvallisuus-virus-4126798\/\" target=\"_blank\" rel=\"noreferrer noopener\">https:\/\/pixabay.com\/fi\/photos\/huijaus-hakkeri-turvallisuus-virus-4126798\/<\/a><\/li>\n<\/ul>\n","protected":false},"excerpt":{"rendered":"<p>Mik\u00e4 olisikaan ihanampaa kuin viett\u00e4\u00e4 rentouttava ja edullinen y\u00f6 hostelissa keskell\u00e4 upeaa Milanoa, t\u00e4ss\u00e4 kuitenkin kannattaa olla eritt\u00e4in tarkkana sill\u00e4 jos valintaa ei ole tehtyn\u00e4 huolella voi k\u00e4yd\u00e4 eritt\u00e4in kalpaten niin, kuin puolentunnin mittaisessa dokumentti\/arviointi videossa n\u00e4hd\u00e4\u00e4n. Perinteinen nuorisolle suunnattu hostellihuone: Kuva 1. Vuoteet (Hans Julkaisuaika tuntematon) Peterin komediadokumentti koskien hostel Californiaa: I Went to [&hellip;]<\/p>\n","protected":false},"author":10470,"featured_media":0,"parent":8,"menu_order":4,"comment_status":"closed","ping_status":"closed","template":"","meta":{"footnotes":""},"class_list":["post-87","page","type-page","status-publish","hentry"],"_links":{"self":[{"href":"https:\/\/blogi.savonia.fi\/thomascoelho\/wp-json\/wp\/v2\/pages\/87","targetHints":{"allow":["GET"]}}],"collection":[{"href":"https:\/\/blogi.savonia.fi\/thomascoelho\/wp-json\/wp\/v2\/pages"}],"about":[{"href":"https:\/\/blogi.savonia.fi\/thomascoelho\/wp-json\/wp\/v2\/types\/page"}],"author":[{"embeddable":true,"href":"https:\/\/blogi.savonia.fi\/thomascoelho\/wp-json\/wp\/v2\/users\/10470"}],"replies":[{"embeddable":true,"href":"https:\/\/blogi.savonia.fi\/thomascoelho\/wp-json\/wp\/v2\/comments?post=87"}],"version-history":[{"count":7,"href":"https:\/\/blogi.savonia.fi\/thomascoelho\/wp-json\/wp\/v2\/pages\/87\/revisions"}],"predecessor-version":[{"id":200,"href":"https:\/\/blogi.savonia.fi\/thomascoelho\/wp-json\/wp\/v2\/pages\/87\/revisions\/200"}],"up":[{"embeddable":true,"href":"https:\/\/blogi.savonia.fi\/thomascoelho\/wp-json\/wp\/v2\/pages\/8"}],"wp:attachment":[{"href":"https:\/\/blogi.savonia.fi\/thomascoelho\/wp-json\/wp\/v2\/media?parent=87"}],"curies":[{"name":"wp","href":"https:\/\/api.w.org\/{rel}","templated":true}]}}