{"id":13,"date":"2022-02-28T12:49:26","date_gmt":"2022-02-28T10:49:26","guid":{"rendered":"https:\/\/blogi.savonia.fi\/tietoaminusta\/?page_id=13"},"modified":"2024-05-14T15:32:46","modified_gmt":"2024-05-14T12:32:46","slug":"tietoja-minusta","status":"publish","type":"page","link":"https:\/\/blogi.savonia.fi\/tietoaminusta\/","title":{"rendered":"Tietoja minusta"},"content":{"rendered":"\n<p>Hei olen Neea Ukkonen 22v. Opiskelen kolmatta vuotta Savonialla restonomiopiskelijaksi. Suuntauduin matkailupuolelle. Harrastuksiini kuuluu salilla k\u00e4ynti ja lenkkeily. Intohimojani ovat matkailu ja eri kulttuurit ja niihin tutustuminen. Mielenkiinnon kohteitani ovat markkinointi, myyntity\u00f6t ja tapahtumienj\u00e4rjest\u00e4minen. Haaveena minulla on asua jossain vaiheessa ainakin puoli vuotta ulkomailla.<\/p>\n\n\n\n<p>Olen ahkera ty\u00f6ntekij\u00e4 ja innokas oppimaan uutta. Olenkin aloittanut ty\u00f6t jo aika nuorena. Ensimm\u00e4isi\u00e4 ty\u00f6paikkoja minulla oli 4H- virikety\u00f6ntekij\u00e4n\u00e4 toimiminen ik\u00e4ihmisille. Sen j\u00e4lkeen olen ty\u00f6skennellyt kerhon ohjaajana, kahviossa, henkil\u00f6kohtaisena avustajana, kotihoidossa ja erilaisissa palvelutaloissa.<\/p>\n\n\n\n<p>Opintojeni ohella ty\u00f6skentelen hotellinvastaanotossa Kunnonpaikassa. Koin, ett\u00e4 minulla on jo paljon osaamista hotellin vastaanoton ty\u00f6teht\u00e4vist\u00e4 joten hyv\u00e4ksi luin perusharjoittelun ty\u00f6paikastani. Aloitin ty\u00f6skentelyn hotellinvastaanotossa jo ensimm\u00e4isen vuoden opintojen j\u00e4lkeisen\u00e4 kes\u00e4n\u00e4 ja edelleen olen siell\u00e4 hyvin viihtynyt.<\/p>\n\n\n\n<p><\/p>\n\n\n\n<p><\/p>\n\n\n\n<p><\/p>\n\n\n\n<div class=\"wp-block-columns alignwide is-layout-flex wp-container-core-columns-is-layout-9d6595d7 wp-block-columns-is-layout-flex\"><\/div>\n","protected":false},"excerpt":{"rendered":"<p>Hei olen Neea Ukkonen 22v. Opiskelen kolmatta vuotta Savonialla restonomiopiskelijaksi. Suuntauduin matkailupuolelle. Harrastuksiini kuuluu salilla k\u00e4ynti ja lenkkeily. Intohimojani ovat matkailu ja eri kulttuurit ja niihin tutustuminen. Mielenkiinnon kohteitani ovat markkinointi, myyntity\u00f6t ja tapahtumienj\u00e4rjest\u00e4minen. Haaveena minulla on asua jossain vaiheessa ainakin puoli vuotta ulkomailla. Olen ahkera ty\u00f6ntekij\u00e4 ja innokas oppimaan uutta. Olenkin aloittanut ty\u00f6t jo&#8230;<\/p>\n","protected":false},"author":9042,"featured_media":0,"parent":0,"menu_order":0,"comment_status":"closed","ping_status":"closed","template":"","meta":{"footnotes":""},"class_list":["post-13","page","type-page","status-publish","hentry"],"_links":{"self":[{"href":"https:\/\/blogi.savonia.fi\/tietoaminusta\/wp-json\/wp\/v2\/pages\/13","targetHints":{"allow":["GET"]}}],"collection":[{"href":"https:\/\/blogi.savonia.fi\/tietoaminusta\/wp-json\/wp\/v2\/pages"}],"about":[{"href":"https:\/\/blogi.savonia.fi\/tietoaminusta\/wp-json\/wp\/v2\/types\/page"}],"author":[{"embeddable":true,"href":"https:\/\/blogi.savonia.fi\/tietoaminusta\/wp-json\/wp\/v2\/users\/9042"}],"replies":[{"embeddable":true,"href":"https:\/\/blogi.savonia.fi\/tietoaminusta\/wp-json\/wp\/v2\/comments?post=13"}],"version-history":[{"count":8,"href":"https:\/\/blogi.savonia.fi\/tietoaminusta\/wp-json\/wp\/v2\/pages\/13\/revisions"}],"predecessor-version":[{"id":46,"href":"https:\/\/blogi.savonia.fi\/tietoaminusta\/wp-json\/wp\/v2\/pages\/13\/revisions\/46"}],"wp:attachment":[{"href":"https:\/\/blogi.savonia.fi\/tietoaminusta\/wp-json\/wp\/v2\/media?parent=13"}],"curies":[{"name":"wp","href":"https:\/\/api.w.org\/{rel}","templated":true}]}}