{"id":12,"date":"2024-01-27T10:08:18","date_gmt":"2024-01-27T08:08:18","guid":{"rendered":"https:\/\/blogi.savonia.fi\/tittakrogerus\/?page_id=12"},"modified":"2024-03-02T14:29:27","modified_gmt":"2024-03-02T12:29:27","slug":"digi-citizen","status":"publish","type":"page","link":"https:\/\/blogi.savonia.fi\/tittakrogerus\/digi-citizen\/","title":{"rendered":"DIGI CITIZEN"},"content":{"rendered":"\n<p class=\"has-pale-ocean-gradient-background has-background has-medium-font-size\"><strong>Kela, OmaKanta, ELO<\/strong><\/p>\n\n\n\n<p class=\"has-medium-font-size\">I have received help and support from Kela at various stages of my life. I have received parental allowance during family leave. When the children were minors, I received child allowance. My family has also received benefits from Kela, student allowance and housing allowance during my child&#8217;s studies. My mother receives a pension. I am lucky that I have been able to work a lot and I have not been unemployed for longer periods.The Finnish social security is good and very important.<\/p>\n\n\n\n<p class=\"has-medium-font-size\">I didn&#8217;t have a &nbsp;European health care card yet, I ordered it now.<\/p>\n\n\n\n<p class=\"has-medium-font-size\">Omakanta is familiar, I have updated recipes through it. I can see doctor visits, prescriptions, procedures, etc. from my account. There you can also authorize the release of your own patient data to the persons participating in the treatment. In Omakanta you can make an organ donation will and a treatment will.<\/p>\n\n\n\n<p class=\"has-medium-font-size\">I got my pension information from Ty\u00f6el\u00e4kehti\u00f6 Elo. My lowest retirement age is 65 years and 5 months. My estimated target retirement age is 66 years and 9 months, and my estimated maximum retirement age is 70 years. I hope I can work as long as possible and stay healthy. I have also paid a voluntary pension in order to secure my own future.<\/p>\n\n\n\n<p class=\"has-pale-ocean-gradient-background has-background has-medium-font-size\"><strong>Booking.com<\/strong><\/p>\n\n\n\n<p class=\"has-medium-font-size\">I have often booked hotels through Booking.com. Sometimes the price has been cheaper and sometimes more expensive when compared to the prices on the hotels&#8217; own websites. So you should be careful! You can also read reviews from other customers on Booking.com, which I find useful. I have experienced the service as reliable and functional. The site has a loyalty program where you can get up to a 20% discount on your hotel reservation.<\/p>\n\n\n\n<p class=\"has-pale-ocean-gradient-background has-background has-medium-font-size\"><strong>Digitalization and digital gap<\/strong><\/p>\n\n\n\n<p class=\"has-medium-font-size\">Digital is everywhere. What then if the person is unable to use digital services or does not want to use them? At the moment, it&#8217;s already difficult if you can&#8217;t strongly identify with different services. Strong authentication requires bank credentials. Strong identification is needed when signing up for health services, managing things in e.g. a bank, insurance company, Kela.<\/p>\n\n\n\n<p class=\"has-medium-font-size\">The challenge is that you always have to visit the agencies on site. The opening hours of the agencies have shrunk, and they can no longer be found in every location. The risk is that things go unhandled and safety is compromised.<\/p>\n\n\n\n<p class=\"has-pale-ocean-gradient-background has-background has-medium-font-size\"><strong>Banking application<\/strong><\/p>\n\n\n\n<p class=\"has-medium-font-size\">I work at Savingsbank. For this task, I tested S-bank&#8217;s mobile application so that I can compare it with Savingsbank&#8217;s application.<\/p>\n\n\n\n<p class=\"has-medium-font-size\">The good aspects of S-bank&#8217;s mobile application are that you can see receipts and offers from S-store. I think the bank application itself is clear and easy to use. However, the functionality is limited compared to S\u00e4\u00e4st\u00f6pankki&#8217;s mobile application. It lacks e.g. financial management tool.<\/p>\n\n\n\n<p class=\"has-pale-ocean-gradient-background has-background has-medium-font-size\"><strong>The digital competence<\/strong><\/p>\n\n\n\n<p class=\"has-medium-font-size\">I use a lot of digital channels and apps. However, I have a lot to learn. For my work, I know a lot about security in digital channels and I know how to be careful. <\/p>\n\n\n\n<p class=\"has-medium-font-size\">However, I don&#8217;t know how to code or create digital solutions. In my work, I am constantly thinking about which tasks could be automated.<\/p>\n\n\n\n<figure class=\"wp-block-image size-full\"><img loading=\"lazy\" decoding=\"async\" width=\"1003\" height=\"615\" src=\"https:\/\/blogi.savonia.fi\/tittakrogerus\/wp-content\/uploads\/sites\/13135\/2024\/02\/image-1.png\" alt=\"\" class=\"wp-image-46\" srcset=\"https:\/\/blogi.savonia.fi\/tittakrogerus\/wp-content\/uploads\/sites\/13135\/2024\/02\/image-1.png 1003w, https:\/\/blogi.savonia.fi\/tittakrogerus\/wp-content\/uploads\/sites\/13135\/2024\/02\/image-1-300x184.png 300w, https:\/\/blogi.savonia.fi\/tittakrogerus\/wp-content\/uploads\/sites\/13135\/2024\/02\/image-1-768x471.png 768w, https:\/\/blogi.savonia.fi\/tittakrogerus\/wp-content\/uploads\/sites\/13135\/2024\/02\/image-1-624x383.png 624w\" sizes=\"auto, (max-width: 1003px) 100vw, 1003px\" \/><\/figure>\n\n\n\n<p><\/p>\n\n\n\n<p><\/p>\n\n\n\n<p class=\"has-pale-ocean-gradient-background has-background has-medium-font-size\"><strong>Self-assessment<\/strong><\/p>\n\n\n\n<p class=\"has-medium-font-size\">Digital ability is important in this time. Digitality is increasing all the time and it is important to maintain your own digital skills. Understanding the dangers of digitization is also important. While doing this task, I learned what my strengths and weaknesses are in the digital world. Through my work, I deal a lot with digital security. Criminals are always one step ahead, so you have to be careful and healthy skeptic.<\/p>\n\n\n\n<p><\/p>\n\n\n\n<p class=\"has-pale-ocean-gradient-background has-background has-medium-font-size\"><strong>I visited and commented on:<\/strong><\/p>\n\n\n\n<p><a href=\"https:\/\/blogi.savonia.fi\/rarecare\/eplatforms\/\">Digi Citizen \u2013 Rare Care (savonia.fi)<\/a><\/p>\n\n\n\n<p><a href=\"https:\/\/blogi.savonia.fi\/susannatienhaara3\/digi-citizen\/\">DIGI CITIZEN \u2013 Susanna&#8217;s page (savonia.fi)<\/a><\/p>\n\n\n\n<p><a href=\"https:\/\/blogi.savonia.fi\/annemarjaana\/digi-citizen\/\">DIGI CITIZEN | Anne K\u00e4rkk\u00e4inen (savonia.fi)<\/a><\/p>\n\n\n\n<p><\/p>\n\n\n\n<p><\/p>\n","protected":false},"excerpt":{"rendered":"<p>Kela, OmaKanta, ELO I have received help and support from Kela at various stages of my life. I have received parental allowance during family leave. When the children were minors, I received child allowance. My family has also received benefits from Kela, student allowance and housing allowance during my child&#8217;s studies. My mother receives a [&hellip;]<\/p>\n","protected":false},"author":11250,"featured_media":0,"parent":0,"menu_order":3,"comment_status":"open","ping_status":"closed","template":"","meta":{"footnotes":""},"class_list":["post-12","page","type-page","status-publish","hentry"],"_links":{"self":[{"href":"https:\/\/blogi.savonia.fi\/tittakrogerus\/wp-json\/wp\/v2\/pages\/12","targetHints":{"allow":["GET"]}}],"collection":[{"href":"https:\/\/blogi.savonia.fi\/tittakrogerus\/wp-json\/wp\/v2\/pages"}],"about":[{"href":"https:\/\/blogi.savonia.fi\/tittakrogerus\/wp-json\/wp\/v2\/types\/page"}],"author":[{"embeddable":true,"href":"https:\/\/blogi.savonia.fi\/tittakrogerus\/wp-json\/wp\/v2\/users\/11250"}],"replies":[{"embeddable":true,"href":"https:\/\/blogi.savonia.fi\/tittakrogerus\/wp-json\/wp\/v2\/comments?post=12"}],"version-history":[{"count":8,"href":"https:\/\/blogi.savonia.fi\/tittakrogerus\/wp-json\/wp\/v2\/pages\/12\/revisions"}],"predecessor-version":[{"id":58,"href":"https:\/\/blogi.savonia.fi\/tittakrogerus\/wp-json\/wp\/v2\/pages\/12\/revisions\/58"}],"wp:attachment":[{"href":"https:\/\/blogi.savonia.fi\/tittakrogerus\/wp-json\/wp\/v2\/media?parent=12"}],"curies":[{"name":"wp","href":"https:\/\/api.w.org\/{rel}","templated":true}]}}