{"id":23,"date":"2024-11-06T15:21:55","date_gmt":"2024-11-06T13:21:55","guid":{"rendered":"https:\/\/blogi.savonia.fi\/unelmasiuurtajat\/?page_id=23"},"modified":"2024-11-12T09:58:18","modified_gmt":"2024-11-12T07:58:18","slug":"meista","status":"publish","type":"page","link":"https:\/\/blogi.savonia.fi\/unelmasiuurtajat\/meista\/","title":{"rendered":"Meist\u00e4"},"content":{"rendered":"\n<p>Olemme Kuopiolainen yritys, joka toteuttaa kaikenlaiset unohtumattomat tapahtumat sinun mukaasi. Tavoitteenamme on luoda asiakkaalle ikimuistoinen kokemus, mutta olla samalla olla vastuullinen toimija alalla. Vuokraamme my\u00f6s erilaisia juhlatarvikkeita ja -koristeita. V\u00e4lt\u00e4 stressi ja paineet siirt\u00e4m\u00e4ll\u00e4 ty\u00f6 kokonaan meille! <\/p>\n\n\n\n<div style=\"height:21px\" aria-hidden=\"true\" class=\"wp-block-spacer\"><\/div>\n\n\n\n<blockquote class=\"wp-block-quote is-layout-flow wp-block-quote-is-layout-flow\">\n<p class=\"has-large-font-size\">Missiomme on tehd\u00e4 tiivist\u00e4 yhteisty\u00f6t\u00e4 asiakkaidemme ja kumppaniemme kanssa kehitt\u00e4en tapahtumia, jotka tuovat arvoa kaikille osapuolille!<\/p>\n<\/blockquote>\n\n\n\n<div style=\"height:20px\" aria-hidden=\"true\" class=\"wp-block-spacer\"><\/div>\n\n\n\n<div class=\"wp-block-media-text has-media-on-the-right is-stacked-on-mobile\" style=\"grid-template-columns:auto 61%\"><div class=\"wp-block-media-text__content\">\n<p class=\"has-text-align-center has-medium-font-size\">Vahvuuksiimme kuuluu ekologisuus, luovuus ja innovatiivisuus ja monipuolisuus. <\/p>\n<\/div><figure class=\"wp-block-media-text__media\"><img loading=\"lazy\" decoding=\"async\" width=\"1200\" height=\"675\" src=\"https:\/\/blogi.savonia.fi\/unelmasiuurtajat\/wp-content\/uploads\/sites\/14096\/2024\/11\/tidy-table-368911_1280-e1730899446463.jpg\" alt=\"\" class=\"wp-image-25 size-full\" \/><\/figure><\/div>\n\n\n\n<figure class=\"wp-block-pullquote has-medium-font-size\"><blockquote><p><strong>Arvot jotka ohjaavat meid\u00e4n tekemist\u00e4:<\/strong><\/p><cite>Vastuullisuus<br>Laatu<br>Ratkaisukeskeisyys<br>Innovaatio<br>Asiakastyytyv\u00e4isyys<br><\/cite><\/blockquote><\/figure>\n\n\n\n<p><\/p>\n","protected":false},"excerpt":{"rendered":"<p>Olemme Kuopiolainen yritys, joka toteuttaa kaikenlaiset unohtumattomat tapahtumat sinun mukaasi. Tavoitteenamme on luoda asiakkaalle ikimuistoinen kokemus, mutta olla samalla olla vastuullinen toimija alalla. Vuokraamme my\u00f6s erilaisia juhlatarvikkeita ja -koristeita. V\u00e4lt\u00e4 stressi ja paineet siirt\u00e4m\u00e4ll\u00e4 ty\u00f6 kokonaan meille! Missiomme on tehd\u00e4 tiivist\u00e4 yhteisty\u00f6t\u00e4 asiakkaidemme ja kumppaniemme kanssa kehitt\u00e4en tapahtumia, jotka tuovat&#8230; <a class=\"continue-reading-link\" href=\"https:\/\/blogi.savonia.fi\/unelmasiuurtajat\/meista\/\">Continue reading<\/a><\/p>\n","protected":false},"author":11809,"featured_media":0,"parent":0,"menu_order":0,"comment_status":"closed","ping_status":"closed","template":"","meta":{"footnotes":""},"class_list":["post-23","page","type-page","status-publish","hentry"],"_links":{"self":[{"href":"https:\/\/blogi.savonia.fi\/unelmasiuurtajat\/wp-json\/wp\/v2\/pages\/23","targetHints":{"allow":["GET"]}}],"collection":[{"href":"https:\/\/blogi.savonia.fi\/unelmasiuurtajat\/wp-json\/wp\/v2\/pages"}],"about":[{"href":"https:\/\/blogi.savonia.fi\/unelmasiuurtajat\/wp-json\/wp\/v2\/types\/page"}],"author":[{"embeddable":true,"href":"https:\/\/blogi.savonia.fi\/unelmasiuurtajat\/wp-json\/wp\/v2\/users\/11809"}],"replies":[{"embeddable":true,"href":"https:\/\/blogi.savonia.fi\/unelmasiuurtajat\/wp-json\/wp\/v2\/comments?post=23"}],"version-history":[{"count":10,"href":"https:\/\/blogi.savonia.fi\/unelmasiuurtajat\/wp-json\/wp\/v2\/pages\/23\/revisions"}],"predecessor-version":[{"id":142,"href":"https:\/\/blogi.savonia.fi\/unelmasiuurtajat\/wp-json\/wp\/v2\/pages\/23\/revisions\/142"}],"wp:attachment":[{"href":"https:\/\/blogi.savonia.fi\/unelmasiuurtajat\/wp-json\/wp\/v2\/media?parent=23"}],"curies":[{"name":"wp","href":"https:\/\/api.w.org\/{rel}","templated":true}]}}