{"id":46,"date":"2024-11-12T08:31:50","date_gmt":"2024-11-12T06:31:50","guid":{"rendered":"https:\/\/blogi.savonia.fi\/unelmasiuurtajat\/?page_id=46"},"modified":"2024-11-26T10:58:48","modified_gmt":"2024-11-26T08:58:48","slug":"vuokraus","status":"publish","type":"page","link":"https:\/\/blogi.savonia.fi\/unelmasiuurtajat\/vuokraus\/","title":{"rendered":"Vuokraus"},"content":{"rendered":"\n<div style=\"height:22px\" aria-hidden=\"true\" class=\"wp-block-spacer\"><\/div>\n\n\n\n<p>Pystymme vuokraamaan tarpeiden mukaan mm. valotaulut, ilmapallot (my\u00f6s suuret kokonaisuudet) ja juhlateltat!<\/p>\n\n\n\n<p>Ota rohkeasti yhteytt\u00e4 ja kerromme mielell\u00e4mme lis\u00e4\u00e4 ja autamme teit\u00e4 vuokrauksen kanssa.<\/p>\n\n\n\n<p class=\"has-text-align-center\">unelmasiuurtajat@gmail.com<\/p>\n\n\n\n<p>HINNASTO:<\/p>\n\n\n\n<p>Juhlateltat \/ 1vrk &#8211; alk. 199\u20ac<\/p>\n\n\n\n<p>Valotaulut &#8211; alk. 49\u20ac<\/p>\n\n\n\n<p>H\u00e4\u00e4kaaret &#8211; alk. 99\u20ac<\/p>\n\n\n\n<p>\u00c4\u00e4nentoistolaitteet &#8211; alk. 199\u20ac<\/p>\n\n\n\n<p>Kysy lis\u00e4tietoja, jolloin voimme my\u00f6s sopia mahdollisista pakettihinnoista!<\/p>\n\n\n\n<figure class=\"wp-block-gallery has-nested-images columns-2 is-cropped wp-block-gallery-1 is-layout-flex wp-block-gallery-is-layout-flex\">\n<figure class=\"wp-block-image size-large\"><img loading=\"lazy\" decoding=\"async\" width=\"626\" height=\"417\" data-id=\"118\" src=\"https:\/\/blogi.savonia.fi\/unelmasiuurtajat\/wp-content\/uploads\/sites\/14096\/2024\/11\/balloons.avif\" alt=\"\" class=\"wp-image-118\" srcset=\"https:\/\/blogi.savonia.fi\/unelmasiuurtajat\/wp-content\/uploads\/sites\/14096\/2024\/11\/balloons.avif 626w, https:\/\/blogi.savonia.fi\/unelmasiuurtajat\/wp-content\/uploads\/sites\/14096\/2024\/11\/balloons-300x200.avif 300w, https:\/\/blogi.savonia.fi\/unelmasiuurtajat\/wp-content\/uploads\/sites\/14096\/2024\/11\/balloons-525x350.avif 525w, https:\/\/blogi.savonia.fi\/unelmasiuurtajat\/wp-content\/uploads\/sites\/14096\/2024\/11\/balloons-150x100.avif 150w\" sizes=\"auto, (max-width: 626px) 100vw, 626px\" \/><\/figure>\n\n\n\n<figure class=\"wp-block-image size-large\"><img loading=\"lazy\" decoding=\"async\" width=\"235\" height=\"353\" data-id=\"117\" src=\"https:\/\/blogi.savonia.fi\/unelmasiuurtajat\/wp-content\/uploads\/sites\/14096\/2024\/11\/teltta-1.jpg\" alt=\"\" class=\"wp-image-117\" srcset=\"https:\/\/blogi.savonia.fi\/unelmasiuurtajat\/wp-content\/uploads\/sites\/14096\/2024\/11\/teltta-1.jpg 235w, https:\/\/blogi.savonia.fi\/unelmasiuurtajat\/wp-content\/uploads\/sites\/14096\/2024\/11\/teltta-1-200x300.jpg 200w, https:\/\/blogi.savonia.fi\/unelmasiuurtajat\/wp-content\/uploads\/sites\/14096\/2024\/11\/teltta-1-233x350.jpg 233w, https:\/\/blogi.savonia.fi\/unelmasiuurtajat\/wp-content\/uploads\/sites\/14096\/2024\/11\/teltta-1-100x150.jpg 100w\" sizes=\"auto, (max-width: 235px) 100vw, 235px\" \/><\/figure>\n<\/figure>\n","protected":false},"excerpt":{"rendered":"<p>Pystymme vuokraamaan tarpeiden mukaan mm. valotaulut, ilmapallot (my\u00f6s suuret kokonaisuudet) ja juhlateltat! Ota rohkeasti yhteytt\u00e4 ja kerromme mielell\u00e4mme lis\u00e4\u00e4 ja autamme teit\u00e4 vuokrauksen kanssa. unelmasiuurtajat@gmail.com HINNASTO: Juhlateltat \/ 1vrk &#8211; alk. 199\u20ac Valotaulut &#8211; alk. 49\u20ac H\u00e4\u00e4kaaret &#8211; alk. 99\u20ac \u00c4\u00e4nentoistolaitteet &#8211; alk. 199\u20ac Kysy lis\u00e4tietoja, jolloin voimme my\u00f6s sopia&#8230; <a class=\"continue-reading-link\" href=\"https:\/\/blogi.savonia.fi\/unelmasiuurtajat\/vuokraus\/\">Continue reading<\/a><\/p>\n","protected":false},"author":11809,"featured_media":0,"parent":0,"menu_order":0,"comment_status":"closed","ping_status":"closed","template":"","meta":{"footnotes":""},"class_list":["post-46","page","type-page","status-publish","hentry"],"_links":{"self":[{"href":"https:\/\/blogi.savonia.fi\/unelmasiuurtajat\/wp-json\/wp\/v2\/pages\/46","targetHints":{"allow":["GET"]}}],"collection":[{"href":"https:\/\/blogi.savonia.fi\/unelmasiuurtajat\/wp-json\/wp\/v2\/pages"}],"about":[{"href":"https:\/\/blogi.savonia.fi\/unelmasiuurtajat\/wp-json\/wp\/v2\/types\/page"}],"author":[{"embeddable":true,"href":"https:\/\/blogi.savonia.fi\/unelmasiuurtajat\/wp-json\/wp\/v2\/users\/11809"}],"replies":[{"embeddable":true,"href":"https:\/\/blogi.savonia.fi\/unelmasiuurtajat\/wp-json\/wp\/v2\/comments?post=46"}],"version-history":[{"count":10,"href":"https:\/\/blogi.savonia.fi\/unelmasiuurtajat\/wp-json\/wp\/v2\/pages\/46\/revisions"}],"predecessor-version":[{"id":179,"href":"https:\/\/blogi.savonia.fi\/unelmasiuurtajat\/wp-json\/wp\/v2\/pages\/46\/revisions\/179"}],"wp:attachment":[{"href":"https:\/\/blogi.savonia.fi\/unelmasiuurtajat\/wp-json\/wp\/v2\/media?parent=46"}],"curies":[{"name":"wp","href":"https:\/\/api.w.org\/{rel}","templated":true}]}}