{"id":53,"date":"2024-11-12T08:50:11","date_gmt":"2024-11-12T06:50:11","guid":{"rendered":"https:\/\/blogi.savonia.fi\/unelmasiuurtajat\/?page_id=53"},"modified":"2024-11-25T11:08:58","modified_gmt":"2024-11-25T09:08:58","slug":"ideoita-haihin","status":"publish","type":"page","link":"https:\/\/blogi.savonia.fi\/unelmasiuurtajat\/ideoita-haihin\/","title":{"rendered":"Ideoita h\u00e4ihin"},"content":{"rendered":"\n<div class=\"wp-block-media-text is-stacked-on-mobile\"><figure class=\"wp-block-media-text__media\"><img loading=\"lazy\" decoding=\"async\" width=\"1024\" height=\"682\" src=\"https:\/\/blogi.savonia.fi\/unelmasiuurtajat\/wp-content\/uploads\/sites\/14096\/2024\/11\/deco-4705709_1280-1024x682.jpg\" alt=\"\" class=\"wp-image-120 size-full\" srcset=\"https:\/\/blogi.savonia.fi\/unelmasiuurtajat\/wp-content\/uploads\/sites\/14096\/2024\/11\/deco-4705709_1280-1024x682.jpg 1024w, https:\/\/blogi.savonia.fi\/unelmasiuurtajat\/wp-content\/uploads\/sites\/14096\/2024\/11\/deco-4705709_1280-300x200.jpg 300w, https:\/\/blogi.savonia.fi\/unelmasiuurtajat\/wp-content\/uploads\/sites\/14096\/2024\/11\/deco-4705709_1280-768x512.jpg 768w, https:\/\/blogi.savonia.fi\/unelmasiuurtajat\/wp-content\/uploads\/sites\/14096\/2024\/11\/deco-4705709_1280-525x350.jpg 525w, https:\/\/blogi.savonia.fi\/unelmasiuurtajat\/wp-content\/uploads\/sites\/14096\/2024\/11\/deco-4705709_1280-150x100.jpg 150w, https:\/\/blogi.savonia.fi\/unelmasiuurtajat\/wp-content\/uploads\/sites\/14096\/2024\/11\/deco-4705709_1280.jpg 1280w\" sizes=\"auto, (max-width: 1024px) 100vw, 1024px\" \/><\/figure><div class=\"wp-block-media-text__content\">\n<p>Kauniit h\u00e4\u00e4t roosa- v\u00e4riteemalla<\/p>\n<\/div><\/div>\n\n\n\n<div class=\"wp-block-media-text has-media-on-the-right is-stacked-on-mobile\"><div class=\"wp-block-media-text__content\">\n<p>Uniikki kukkalyhty asetelma<\/p>\n<\/div><figure class=\"wp-block-media-text__media\"><img loading=\"lazy\" decoding=\"async\" width=\"1024\" height=\"683\" src=\"https:\/\/blogi.savonia.fi\/unelmasiuurtajat\/wp-content\/uploads\/sites\/14096\/2024\/11\/wedding-1846114_1280-1024x683.jpg\" alt=\"\" class=\"wp-image-55 size-full\" srcset=\"https:\/\/blogi.savonia.fi\/unelmasiuurtajat\/wp-content\/uploads\/sites\/14096\/2024\/11\/wedding-1846114_1280-1024x683.jpg 1024w, https:\/\/blogi.savonia.fi\/unelmasiuurtajat\/wp-content\/uploads\/sites\/14096\/2024\/11\/wedding-1846114_1280-300x200.jpg 300w, https:\/\/blogi.savonia.fi\/unelmasiuurtajat\/wp-content\/uploads\/sites\/14096\/2024\/11\/wedding-1846114_1280-768x512.jpg 768w, https:\/\/blogi.savonia.fi\/unelmasiuurtajat\/wp-content\/uploads\/sites\/14096\/2024\/11\/wedding-1846114_1280-525x350.jpg 525w, https:\/\/blogi.savonia.fi\/unelmasiuurtajat\/wp-content\/uploads\/sites\/14096\/2024\/11\/wedding-1846114_1280-150x100.jpg 150w, https:\/\/blogi.savonia.fi\/unelmasiuurtajat\/wp-content\/uploads\/sites\/14096\/2024\/11\/wedding-1846114_1280.jpg 1280w\" sizes=\"auto, (max-width: 1024px) 100vw, 1024px\" \/><\/figure><\/div>\n\n\n\n<p><\/p>\n\n\n\n<div class=\"wp-block-media-text is-stacked-on-mobile\"><figure class=\"wp-block-media-text__media\"><img loading=\"lazy\" decoding=\"async\" width=\"1024\" height=\"682\" src=\"https:\/\/blogi.savonia.fi\/unelmasiuurtajat\/wp-content\/uploads\/sites\/14096\/2024\/11\/beach-1854076_1280-1024x682.jpg\" alt=\"\" class=\"wp-image-56 size-full\" srcset=\"https:\/\/blogi.savonia.fi\/unelmasiuurtajat\/wp-content\/uploads\/sites\/14096\/2024\/11\/beach-1854076_1280-1024x682.jpg 1024w, https:\/\/blogi.savonia.fi\/unelmasiuurtajat\/wp-content\/uploads\/sites\/14096\/2024\/11\/beach-1854076_1280-300x200.jpg 300w, https:\/\/blogi.savonia.fi\/unelmasiuurtajat\/wp-content\/uploads\/sites\/14096\/2024\/11\/beach-1854076_1280-768x511.jpg 768w, https:\/\/blogi.savonia.fi\/unelmasiuurtajat\/wp-content\/uploads\/sites\/14096\/2024\/11\/beach-1854076_1280-526x350.jpg 526w, https:\/\/blogi.savonia.fi\/unelmasiuurtajat\/wp-content\/uploads\/sites\/14096\/2024\/11\/beach-1854076_1280-150x100.jpg 150w, https:\/\/blogi.savonia.fi\/unelmasiuurtajat\/wp-content\/uploads\/sites\/14096\/2024\/11\/beach-1854076_1280.jpg 1280w\" sizes=\"auto, (max-width: 1024px) 100vw, 1024px\" \/><\/figure><div class=\"wp-block-media-text__content\">\n<p>Kes\u00e4iset rantah\u00e4\u00e4t<\/p>\n<\/div><\/div>\n\n\n\n<div class=\"wp-block-media-text has-media-on-the-right is-stacked-on-mobile\"><div class=\"wp-block-media-text__content\">\n<p>Kauniit h\u00e4\u00e4kimput<\/p>\n<\/div><figure class=\"wp-block-media-text__media\"><img loading=\"lazy\" decoding=\"async\" width=\"1024\" height=\"683\" src=\"https:\/\/blogi.savonia.fi\/unelmasiuurtajat\/wp-content\/uploads\/sites\/14096\/2024\/11\/wedding-flowers-2051724_1280-1024x683.jpg\" alt=\"\" class=\"wp-image-139 size-full\" srcset=\"https:\/\/blogi.savonia.fi\/unelmasiuurtajat\/wp-content\/uploads\/sites\/14096\/2024\/11\/wedding-flowers-2051724_1280-1024x683.jpg 1024w, https:\/\/blogi.savonia.fi\/unelmasiuurtajat\/wp-content\/uploads\/sites\/14096\/2024\/11\/wedding-flowers-2051724_1280-300x200.jpg 300w, https:\/\/blogi.savonia.fi\/unelmasiuurtajat\/wp-content\/uploads\/sites\/14096\/2024\/11\/wedding-flowers-2051724_1280-768x512.jpg 768w, https:\/\/blogi.savonia.fi\/unelmasiuurtajat\/wp-content\/uploads\/sites\/14096\/2024\/11\/wedding-flowers-2051724_1280-525x350.jpg 525w, https:\/\/blogi.savonia.fi\/unelmasiuurtajat\/wp-content\/uploads\/sites\/14096\/2024\/11\/wedding-flowers-2051724_1280-150x100.jpg 150w, https:\/\/blogi.savonia.fi\/unelmasiuurtajat\/wp-content\/uploads\/sites\/14096\/2024\/11\/wedding-flowers-2051724_1280.jpg 1280w\" sizes=\"auto, (max-width: 1024px) 100vw, 1024px\" \/><\/figure><\/div>\n\n\n\n<p><\/p>\n","protected":false},"excerpt":{"rendered":"<p>Kauniit h\u00e4\u00e4t roosa- v\u00e4riteemalla Uniikki kukkalyhty asetelma Kes\u00e4iset rantah\u00e4\u00e4t Kauniit h\u00e4\u00e4kimput <a class=\"continue-reading-link\" href=\"https:\/\/blogi.savonia.fi\/unelmasiuurtajat\/ideoita-haihin\/\">Continue reading<\/a><\/p>\n","protected":false},"author":11805,"featured_media":0,"parent":0,"menu_order":0,"comment_status":"closed","ping_status":"closed","template":"","meta":{"footnotes":""},"class_list":["post-53","page","type-page","status-publish","hentry"],"_links":{"self":[{"href":"https:\/\/blogi.savonia.fi\/unelmasiuurtajat\/wp-json\/wp\/v2\/pages\/53","targetHints":{"allow":["GET"]}}],"collection":[{"href":"https:\/\/blogi.savonia.fi\/unelmasiuurtajat\/wp-json\/wp\/v2\/pages"}],"about":[{"href":"https:\/\/blogi.savonia.fi\/unelmasiuurtajat\/wp-json\/wp\/v2\/types\/page"}],"author":[{"embeddable":true,"href":"https:\/\/blogi.savonia.fi\/unelmasiuurtajat\/wp-json\/wp\/v2\/users\/11805"}],"replies":[{"embeddable":true,"href":"https:\/\/blogi.savonia.fi\/unelmasiuurtajat\/wp-json\/wp\/v2\/comments?post=53"}],"version-history":[{"count":5,"href":"https:\/\/blogi.savonia.fi\/unelmasiuurtajat\/wp-json\/wp\/v2\/pages\/53\/revisions"}],"predecessor-version":[{"id":155,"href":"https:\/\/blogi.savonia.fi\/unelmasiuurtajat\/wp-json\/wp\/v2\/pages\/53\/revisions\/155"}],"wp:attachment":[{"href":"https:\/\/blogi.savonia.fi\/unelmasiuurtajat\/wp-json\/wp\/v2\/media?parent=53"}],"curies":[{"name":"wp","href":"https:\/\/api.w.org\/{rel}","templated":true}]}}