{"id":59,"date":"2024-11-12T08:47:59","date_gmt":"2024-11-12T06:47:59","guid":{"rendered":"https:\/\/blogi.savonia.fi\/unelmasiuurtajat\/?page_id=59"},"modified":"2024-11-26T10:04:43","modified_gmt":"2024-11-26T08:04:43","slug":"portfolio","status":"publish","type":"page","link":"https:\/\/blogi.savonia.fi\/unelmasiuurtajat\/portfolio\/","title":{"rendered":"Portfolio"},"content":{"rendered":"\n<hr class=\"wp-block-separator has-alpha-channel-opacity is-style-wide\" \/>\n\n\n\n<div class=\"wp-block-media-text is-stacked-on-mobile\" style=\"grid-template-columns:57% auto\"><figure class=\"wp-block-media-text__media\"><img loading=\"lazy\" decoding=\"async\" width=\"1024\" height=\"682\" src=\"https:\/\/blogi.savonia.fi\/unelmasiuurtajat\/wp-content\/uploads\/sites\/14096\/2024\/11\/table-5356682_1280-1024x682.jpg\" alt=\"\" class=\"wp-image-18 size-full\" srcset=\"https:\/\/blogi.savonia.fi\/unelmasiuurtajat\/wp-content\/uploads\/sites\/14096\/2024\/11\/table-5356682_1280-1024x682.jpg 1024w, https:\/\/blogi.savonia.fi\/unelmasiuurtajat\/wp-content\/uploads\/sites\/14096\/2024\/11\/table-5356682_1280-300x200.jpg 300w, https:\/\/blogi.savonia.fi\/unelmasiuurtajat\/wp-content\/uploads\/sites\/14096\/2024\/11\/table-5356682_1280-768x512.jpg 768w, https:\/\/blogi.savonia.fi\/unelmasiuurtajat\/wp-content\/uploads\/sites\/14096\/2024\/11\/table-5356682_1280-525x350.jpg 525w, https:\/\/blogi.savonia.fi\/unelmasiuurtajat\/wp-content\/uploads\/sites\/14096\/2024\/11\/table-5356682_1280-150x100.jpg 150w, https:\/\/blogi.savonia.fi\/unelmasiuurtajat\/wp-content\/uploads\/sites\/14096\/2024\/11\/table-5356682_1280.jpg 1280w\" sizes=\"auto, (max-width: 1024px) 100vw, 1024px\" \/><\/figure><div class=\"wp-block-media-text__content\">\n<p class=\"has-text-align-center has-medium-font-size\" style=\"text-transform:capitalize\">H\u00e4\u00e4t Kuopiossa<\/p>\n<\/div><\/div>\n\n\n\n<div style=\"height:20px\" aria-hidden=\"true\" class=\"wp-block-spacer\"><\/div>\n\n\n\n<div class=\"wp-block-media-text has-media-on-the-right is-stacked-on-mobile\" style=\"grid-template-columns:auto 58%\"><div class=\"wp-block-media-text__content\">\n<p class=\"has-text-align-center has-medium-font-size\">Syntym\u00e4p\u00e4iv\u00e4t pinkill\u00e4 teemalla ja koristeilla<\/p>\n<\/div><figure class=\"wp-block-media-text__media\"><img loading=\"lazy\" decoding=\"async\" width=\"1024\" height=\"684\" src=\"https:\/\/blogi.savonia.fi\/unelmasiuurtajat\/wp-content\/uploads\/sites\/14096\/2024\/11\/salad-7040875_1280-1024x684.jpg\" alt=\"\" class=\"wp-image-16 size-full\" srcset=\"https:\/\/blogi.savonia.fi\/unelmasiuurtajat\/wp-content\/uploads\/sites\/14096\/2024\/11\/salad-7040875_1280-1024x684.jpg 1024w, https:\/\/blogi.savonia.fi\/unelmasiuurtajat\/wp-content\/uploads\/sites\/14096\/2024\/11\/salad-7040875_1280-300x200.jpg 300w, https:\/\/blogi.savonia.fi\/unelmasiuurtajat\/wp-content\/uploads\/sites\/14096\/2024\/11\/salad-7040875_1280-768x513.jpg 768w, https:\/\/blogi.savonia.fi\/unelmasiuurtajat\/wp-content\/uploads\/sites\/14096\/2024\/11\/salad-7040875_1280-524x350.jpg 524w, https:\/\/blogi.savonia.fi\/unelmasiuurtajat\/wp-content\/uploads\/sites\/14096\/2024\/11\/salad-7040875_1280-150x100.jpg 150w, https:\/\/blogi.savonia.fi\/unelmasiuurtajat\/wp-content\/uploads\/sites\/14096\/2024\/11\/salad-7040875_1280.jpg 1280w\" sizes=\"auto, (max-width: 1024px) 100vw, 1024px\" \/><\/figure><\/div>\n\n\n\n<div style=\"height:20px\" aria-hidden=\"true\" class=\"wp-block-spacer\"><\/div>\n\n\n\n<div class=\"wp-block-media-text is-stacked-on-mobile\" style=\"grid-template-columns:55% auto\"><figure class=\"wp-block-media-text__media\"><img loading=\"lazy\" decoding=\"async\" width=\"1024\" height=\"674\" src=\"https:\/\/blogi.savonia.fi\/unelmasiuurtajat\/wp-content\/uploads\/sites\/14096\/2024\/11\/glasses-4720011_1280-1024x674.jpg\" alt=\"\" class=\"wp-image-68 size-full\" srcset=\"https:\/\/blogi.savonia.fi\/unelmasiuurtajat\/wp-content\/uploads\/sites\/14096\/2024\/11\/glasses-4720011_1280-1024x674.jpg 1024w, https:\/\/blogi.savonia.fi\/unelmasiuurtajat\/wp-content\/uploads\/sites\/14096\/2024\/11\/glasses-4720011_1280-300x198.jpg 300w, https:\/\/blogi.savonia.fi\/unelmasiuurtajat\/wp-content\/uploads\/sites\/14096\/2024\/11\/glasses-4720011_1280-768x506.jpg 768w, https:\/\/blogi.savonia.fi\/unelmasiuurtajat\/wp-content\/uploads\/sites\/14096\/2024\/11\/glasses-4720011_1280-531x350.jpg 531w, https:\/\/blogi.savonia.fi\/unelmasiuurtajat\/wp-content\/uploads\/sites\/14096\/2024\/11\/glasses-4720011_1280-150x99.jpg 150w, https:\/\/blogi.savonia.fi\/unelmasiuurtajat\/wp-content\/uploads\/sites\/14096\/2024\/11\/glasses-4720011_1280.jpg 1280w\" sizes=\"auto, (max-width: 1024px) 100vw, 1024px\" \/><\/figure><div class=\"wp-block-media-text__content\">\n<p class=\"has-text-align-center has-medium-font-size\">Tykyp\u00e4iv\u00e4t ty\u00f6porukalle<\/p>\n<\/div><\/div>\n\n\n\n<div style=\"height:20px\" aria-hidden=\"true\" class=\"wp-block-spacer\"><\/div>\n\n\n\n<div class=\"wp-block-media-text has-media-on-the-right is-stacked-on-mobile\" style=\"grid-template-columns:auto 51%\"><div class=\"wp-block-media-text__content\">\n<p class=\"has-text-align-center has-medium-font-size\">Lasten syntym\u00e4p\u00e4iv\u00e4juhlat<\/p>\n<\/div><figure class=\"wp-block-media-text__media\"><img loading=\"lazy\" decoding=\"async\" width=\"474\" height=\"316\" src=\"https:\/\/blogi.savonia.fi\/unelmasiuurtajat\/wp-content\/uploads\/sites\/14096\/2024\/11\/lasten-syndet-1.jpg\" alt=\"\" class=\"wp-image-109 size-full\" srcset=\"https:\/\/blogi.savonia.fi\/unelmasiuurtajat\/wp-content\/uploads\/sites\/14096\/2024\/11\/lasten-syndet-1.jpg 474w, https:\/\/blogi.savonia.fi\/unelmasiuurtajat\/wp-content\/uploads\/sites\/14096\/2024\/11\/lasten-syndet-1-300x200.jpg 300w, https:\/\/blogi.savonia.fi\/unelmasiuurtajat\/wp-content\/uploads\/sites\/14096\/2024\/11\/lasten-syndet-1-150x100.jpg 150w\" sizes=\"auto, (max-width: 474px) 100vw, 474px\" \/><\/figure><\/div>\n\n\n\n<div style=\"height:21px\" aria-hidden=\"true\" class=\"wp-block-spacer\"><\/div>\n\n\n\n<div class=\"wp-block-media-text is-stacked-on-mobile\" style=\"grid-template-columns:54% auto\"><figure class=\"wp-block-media-text__media\"><img loading=\"lazy\" decoding=\"async\" width=\"1024\" height=\"682\" src=\"https:\/\/blogi.savonia.fi\/unelmasiuurtajat\/wp-content\/uploads\/sites\/14096\/2024\/11\/hand-1850120_1280-1024x682.jpg\" alt=\"\" class=\"wp-image-99 size-full\" srcset=\"https:\/\/blogi.savonia.fi\/unelmasiuurtajat\/wp-content\/uploads\/sites\/14096\/2024\/11\/hand-1850120_1280-1024x682.jpg 1024w, https:\/\/blogi.savonia.fi\/unelmasiuurtajat\/wp-content\/uploads\/sites\/14096\/2024\/11\/hand-1850120_1280-300x200.jpg 300w, https:\/\/blogi.savonia.fi\/unelmasiuurtajat\/wp-content\/uploads\/sites\/14096\/2024\/11\/hand-1850120_1280-768x512.jpg 768w, https:\/\/blogi.savonia.fi\/unelmasiuurtajat\/wp-content\/uploads\/sites\/14096\/2024\/11\/hand-1850120_1280-525x350.jpg 525w, https:\/\/blogi.savonia.fi\/unelmasiuurtajat\/wp-content\/uploads\/sites\/14096\/2024\/11\/hand-1850120_1280-150x100.jpg 150w, https:\/\/blogi.savonia.fi\/unelmasiuurtajat\/wp-content\/uploads\/sites\/14096\/2024\/11\/hand-1850120_1280.jpg 1280w\" sizes=\"auto, (max-width: 1024px) 100vw, 1024px\" \/><\/figure><div class=\"wp-block-media-text__content\">\n<p class=\"has-text-align-center has-medium-font-size\">R\u00e4ike\u00e4 dj-esiintyminen<\/p>\n<\/div><\/div>\n\n\n\n<p><\/p>\n","protected":false},"excerpt":{"rendered":"<p>H\u00e4\u00e4t Kuopiossa Syntym\u00e4p\u00e4iv\u00e4t pinkill\u00e4 teemalla ja koristeilla Tykyp\u00e4iv\u00e4t ty\u00f6porukalle Lasten syntym\u00e4p\u00e4iv\u00e4juhlat R\u00e4ike\u00e4 dj-esiintyminen <a class=\"continue-reading-link\" href=\"https:\/\/blogi.savonia.fi\/unelmasiuurtajat\/portfolio\/\">Continue reading<\/a><\/p>\n","protected":false},"author":11809,"featured_media":0,"parent":0,"menu_order":0,"comment_status":"closed","ping_status":"closed","template":"","meta":{"footnotes":""},"class_list":["post-59","page","type-page","status-publish","hentry"],"_links":{"self":[{"href":"https:\/\/blogi.savonia.fi\/unelmasiuurtajat\/wp-json\/wp\/v2\/pages\/59","targetHints":{"allow":["GET"]}}],"collection":[{"href":"https:\/\/blogi.savonia.fi\/unelmasiuurtajat\/wp-json\/wp\/v2\/pages"}],"about":[{"href":"https:\/\/blogi.savonia.fi\/unelmasiuurtajat\/wp-json\/wp\/v2\/types\/page"}],"author":[{"embeddable":true,"href":"https:\/\/blogi.savonia.fi\/unelmasiuurtajat\/wp-json\/wp\/v2\/users\/11809"}],"replies":[{"embeddable":true,"href":"https:\/\/blogi.savonia.fi\/unelmasiuurtajat\/wp-json\/wp\/v2\/comments?post=59"}],"version-history":[{"count":14,"href":"https:\/\/blogi.savonia.fi\/unelmasiuurtajat\/wp-json\/wp\/v2\/pages\/59\/revisions"}],"predecessor-version":[{"id":177,"href":"https:\/\/blogi.savonia.fi\/unelmasiuurtajat\/wp-json\/wp\/v2\/pages\/59\/revisions\/177"}],"wp:attachment":[{"href":"https:\/\/blogi.savonia.fi\/unelmasiuurtajat\/wp-json\/wp\/v2\/media?parent=59"}],"curies":[{"name":"wp","href":"https:\/\/api.w.org\/{rel}","templated":true}]}}