{"id":85,"date":"2024-11-12T09:07:16","date_gmt":"2024-11-12T07:07:16","guid":{"rendered":"https:\/\/blogi.savonia.fi\/unelmasiuurtajat\/?page_id=85"},"modified":"2024-11-12T09:52:32","modified_gmt":"2024-11-12T07:52:32","slug":"ota-yhteytta","status":"publish","type":"page","link":"https:\/\/blogi.savonia.fi\/unelmasiuurtajat\/ota-yhteytta\/","title":{"rendered":"Ota yhteytt\u00e4"},"content":{"rendered":"\n<div style=\"height:20px\" aria-hidden=\"true\" class=\"wp-block-spacer\"><\/div>\n\n\n\n<div class=\"wp-block-media-text is-stacked-on-mobile is-vertically-aligned-center\" style=\"grid-template-columns:42% auto\"><figure class=\"wp-block-media-text__media\"><img loading=\"lazy\" decoding=\"async\" width=\"1024\" height=\"682\" src=\"https:\/\/blogi.savonia.fi\/unelmasiuurtajat\/wp-content\/uploads\/sites\/14096\/2024\/11\/wedding-photography-5582980_1280-1024x682.jpg\" alt=\"\" class=\"wp-image-21 size-full\" srcset=\"https:\/\/blogi.savonia.fi\/unelmasiuurtajat\/wp-content\/uploads\/sites\/14096\/2024\/11\/wedding-photography-5582980_1280-1024x682.jpg 1024w, https:\/\/blogi.savonia.fi\/unelmasiuurtajat\/wp-content\/uploads\/sites\/14096\/2024\/11\/wedding-photography-5582980_1280-300x200.jpg 300w, https:\/\/blogi.savonia.fi\/unelmasiuurtajat\/wp-content\/uploads\/sites\/14096\/2024\/11\/wedding-photography-5582980_1280-768x512.jpg 768w, https:\/\/blogi.savonia.fi\/unelmasiuurtajat\/wp-content\/uploads\/sites\/14096\/2024\/11\/wedding-photography-5582980_1280-525x350.jpg 525w, https:\/\/blogi.savonia.fi\/unelmasiuurtajat\/wp-content\/uploads\/sites\/14096\/2024\/11\/wedding-photography-5582980_1280-150x100.jpg 150w, https:\/\/blogi.savonia.fi\/unelmasiuurtajat\/wp-content\/uploads\/sites\/14096\/2024\/11\/wedding-photography-5582980_1280.jpg 1280w\" sizes=\"auto, (max-width: 1024px) 100vw, 1024px\" \/><\/figure><div class=\"wp-block-media-text__content\">\n<p class=\"has-text-align-center has-medium-font-size\">unelmasiuurtajat@gmail.com<\/p>\n\n\n\n<p class=\"has-text-align-center has-medium-font-size\">0407442640 &#8211; Veeti Kokkarinen, Unelmasi Uurtajat toimitusjohtaja<\/p>\n\n\n\n<p class=\"has-text-align-center has-medium-font-size\">0503426623 &#8211; Monna Kein\u00e4nen, Unelmasi Uurtajat markkinointip\u00e4\u00e4llikk\u00f6<\/p>\n\n\n\n<p><\/p>\n<\/div><\/div>\n\n\n\n<p><\/p>\n","protected":false},"excerpt":{"rendered":"<p>unelmasiuurtajat@gmail.com 0407442640 &#8211; Veeti Kokkarinen, Unelmasi Uurtajat toimitusjohtaja 0503426623 &#8211; Monna Kein\u00e4nen, Unelmasi Uurtajat markkinointip\u00e4\u00e4llikk\u00f6 <a class=\"continue-reading-link\" href=\"https:\/\/blogi.savonia.fi\/unelmasiuurtajat\/ota-yhteytta\/\">Continue reading<\/a><\/p>\n","protected":false},"author":11809,"featured_media":0,"parent":0,"menu_order":0,"comment_status":"closed","ping_status":"closed","template":"","meta":{"footnotes":""},"class_list":["post-85","page","type-page","status-publish","hentry"],"_links":{"self":[{"href":"https:\/\/blogi.savonia.fi\/unelmasiuurtajat\/wp-json\/wp\/v2\/pages\/85","targetHints":{"allow":["GET"]}}],"collection":[{"href":"https:\/\/blogi.savonia.fi\/unelmasiuurtajat\/wp-json\/wp\/v2\/pages"}],"about":[{"href":"https:\/\/blogi.savonia.fi\/unelmasiuurtajat\/wp-json\/wp\/v2\/types\/page"}],"author":[{"embeddable":true,"href":"https:\/\/blogi.savonia.fi\/unelmasiuurtajat\/wp-json\/wp\/v2\/users\/11809"}],"replies":[{"embeddable":true,"href":"https:\/\/blogi.savonia.fi\/unelmasiuurtajat\/wp-json\/wp\/v2\/comments?post=85"}],"version-history":[{"count":10,"href":"https:\/\/blogi.savonia.fi\/unelmasiuurtajat\/wp-json\/wp\/v2\/pages\/85\/revisions"}],"predecessor-version":[{"id":136,"href":"https:\/\/blogi.savonia.fi\/unelmasiuurtajat\/wp-json\/wp\/v2\/pages\/85\/revisions\/136"}],"wp:attachment":[{"href":"https:\/\/blogi.savonia.fi\/unelmasiuurtajat\/wp-json\/wp\/v2\/media?parent=85"}],"curies":[{"name":"wp","href":"https:\/\/api.w.org\/{rel}","templated":true}]}}