{"id":183,"date":"2021-10-04T17:18:11","date_gmt":"2021-10-04T14:18:11","guid":{"rendered":"https:\/\/blogi.savonia.fi\/valtteriviitanenportfolio\/?page_id=183"},"modified":"2024-11-17T20:59:58","modified_gmt":"2024-11-17T18:59:58","slug":"monipuolinen-esimiestyo","status":"publish","type":"page","link":"https:\/\/blogi.savonia.fi\/valtteriviitanenportfolio\/monipuolinen-esimiestyo\/","title":{"rendered":"Monipuolinen esimiesty\u00f6"},"content":{"rendered":"\n<p>T\u00e4\u00e4lt\u00e4 l\u00f6ytyv\u00e4t toisen vuoden ensimm\u00e4isen oppimisteht\u00e4v\u00e4n, &#8221;Min\u00e4 ja esimiesty\u00f6&#8221; -portfolion artikkelit.<\/p>\n\n\n\n<p><\/p>\n\n\n\n<ul class=\"wp-block-list\">\n<li><a href=\"https:\/\/blogi.savonia.fi\/valtteriviitanenportfolio\/2021\/10\/04\/1-johtamisen-ja-esimiestyon-perusteet\/\" data-type=\"URL\" data-id=\"https:\/\/blogi.savonia.fi\/valtteriviitanenportfolio\/2021\/10\/04\/1-johtamisen-ja-esimiestyon-perusteet\/\">Johtamisen ja esimiesty\u00f6n perusteet<\/a><\/li>\n\n\n\n<li><a href=\"https:\/\/blogi.savonia.fi\/valtteriviitanenportfolio\/2021\/10\/11\/henkilostojohtaminen-ja-hr-prosessit\/\" data-type=\"URL\" data-id=\"https:\/\/blogi.savonia.fi\/valtteriviitanenportfolio\/2021\/10\/11\/henkilostojohtaminen-ja-hr-prosessit\/\">Henkil\u00f6st\u00f6johtaminen ja HR-prosessit<\/a><\/li>\n\n\n\n<li><a href=\"https:\/\/blogi.savonia.fi\/valtteriviitanenportfolio\/2021\/10\/15\/rekrytointi\/\" data-type=\"URL\" data-id=\"https:\/\/blogi.savonia.fi\/valtteriviitanenportfolio\/2021\/10\/15\/rekrytointi\/\">Rekrytointi<\/a><\/li>\n\n\n\n<li><a href=\"https:\/\/blogi.savonia.fi\/valtteriviitanenportfolio\/2021\/11\/24\/osaamisen-johtaminen-ja-henkiloston-kehittaminen\/\" data-type=\"URL\" data-id=\"https:\/\/blogi.savonia.fi\/valtteriviitanenportfolio\/2021\/11\/24\/osaamisen-johtaminen-ja-henkiloston-kehittaminen\/\">Osaamisen ja henkil\u00f6st\u00f6n johtaminen<\/a><\/li>\n\n\n\n<li><a href=\"https:\/\/blogi.savonia.fi\/valtteriviitanenportfolio\/2021\/12\/08\/perehdyttaminen-ja-kehityskeskustelu\/\" data-type=\"URL\" data-id=\"https:\/\/blogi.savonia.fi\/valtteriviitanenportfolio\/2021\/12\/08\/perehdyttaminen-ja-kehityskeskustelu\/\">Perehdytt\u00e4minen ja kehityskeskustelu<\/a><\/li>\n\n\n\n<li><a href=\"https:\/\/blogi.savonia.fi\/valtteriviitanenportfolio\/2021\/12\/08\/motivaatio-ja-palkitseminen\/\" data-type=\"URL\" data-id=\"https:\/\/blogi.savonia.fi\/valtteriviitanenportfolio\/2021\/12\/08\/motivaatio-ja-palkitseminen\/\">Motivaatio ja palkitseminen<\/a><\/li>\n\n\n\n<li><a href=\"https:\/\/blogi.savonia.fi\/valtteriviitanenportfolio\/2021\/12\/08\/tyohyvinvointi\/\" data-type=\"URL\" data-id=\"https:\/\/blogi.savonia.fi\/valtteriviitanenportfolio\/2021\/12\/08\/tyohyvinvointi\/\">Ty\u00f6hyvinvointi<\/a><\/li>\n\n\n\n<li><a href=\"https:\/\/blogi.savonia.fi\/valtteriviitanenportfolio\/2021\/12\/12\/esimiesosaaminen-ja-itsensa-johtaminen\/\" data-type=\"URL\" data-id=\"https:\/\/blogi.savonia.fi\/valtteriviitanenportfolio\/2021\/12\/12\/esimiesosaaminen-ja-itsensa-johtaminen\/\">Esimiesosaaminen ja itsens\u00e4 johtaminen<\/a><\/li>\n<\/ul>\n\n\n\n<p><\/p>\n","protected":false},"excerpt":{"rendered":"<p>T\u00e4\u00e4lt\u00e4 l\u00f6ytyv\u00e4t toisen vuoden ensimm\u00e4isen oppimisteht\u00e4v\u00e4n, &#8221;Min\u00e4 ja esimiesty\u00f6&#8221; -portfolion artikkelit.<\/p>\n","protected":false},"author":7411,"featured_media":0,"parent":0,"menu_order":0,"comment_status":"closed","ping_status":"closed","template":"","meta":{"footnotes":""},"class_list":["post-183","page","type-page","status-publish","hentry"],"_links":{"self":[{"href":"https:\/\/blogi.savonia.fi\/valtteriviitanenportfolio\/wp-json\/wp\/v2\/pages\/183","targetHints":{"allow":["GET"]}}],"collection":[{"href":"https:\/\/blogi.savonia.fi\/valtteriviitanenportfolio\/wp-json\/wp\/v2\/pages"}],"about":[{"href":"https:\/\/blogi.savonia.fi\/valtteriviitanenportfolio\/wp-json\/wp\/v2\/types\/page"}],"author":[{"embeddable":true,"href":"https:\/\/blogi.savonia.fi\/valtteriviitanenportfolio\/wp-json\/wp\/v2\/users\/7411"}],"replies":[{"embeddable":true,"href":"https:\/\/blogi.savonia.fi\/valtteriviitanenportfolio\/wp-json\/wp\/v2\/comments?post=183"}],"version-history":[{"count":13,"href":"https:\/\/blogi.savonia.fi\/valtteriviitanenportfolio\/wp-json\/wp\/v2\/pages\/183\/revisions"}],"predecessor-version":[{"id":287,"href":"https:\/\/blogi.savonia.fi\/valtteriviitanenportfolio\/wp-json\/wp\/v2\/pages\/183\/revisions\/287"}],"wp:attachment":[{"href":"https:\/\/blogi.savonia.fi\/valtteriviitanenportfolio\/wp-json\/wp\/v2\/media?parent=183"}],"curies":[{"name":"wp","href":"https:\/\/api.w.org\/{rel}","templated":true}]}}