{"id":6,"date":"2020-10-07T10:22:56","date_gmt":"2020-10-07T07:22:56","guid":{"rendered":"https:\/\/blogi.savonia.fi\/valtteriviitanenportfolio\/?page_id=6"},"modified":"2024-11-17T20:57:57","modified_gmt":"2024-11-17T18:57:57","slug":"about-me","status":"publish","type":"page","link":"https:\/\/blogi.savonia.fi\/valtteriviitanenportfolio\/","title":{"rendered":"About me"},"content":{"rendered":"\n<p>Moi!<\/p>\n\n\n\n<p>Olen Valtteri ja opiskelen Savoniassa matkailu- ja ravitsemisalaa.<\/p>\n\n\n\n<p>Harrastuksiini kuuluu muun muassa urheilun seuraaminen, lenkkeily ja luonnossa liikkuminen.<\/p>\n\n\n\n<p>Yst\u00e4v\u00e4ni ja l\u00e4heiseni kuvaisivat minua positiiviseksi, tunnolliseksi ja joustavaksi ty\u00f6ntekij\u00e4ksi, joka tulee hyvin toimeen ihmisen kuin ihmisen kanssa.<\/p>\n\n\n\n<p>Omistan halun oppia ja olla osa suurempaa kokonaisuutta; olen eritt\u00e4in motivoitunut matkailusalaan. Pitk\u00e4n t\u00e4ht\u00e4imen tavoitteeni on kehitty\u00e4 matkailualan ammattilaiseksi ja mahdollisesti oman yrityksen perustaminen.<\/p>\n\n\n\n<p>T\u00e4ss\u00e4 portfoliossa k\u00e4yn l\u00e4pi yleisesti opintojani matkailu- ja ravitsemisalalla, mietteit\u00e4ni matkailun eri osa-alueista ja matkailun teoreettista tietoa.<\/p>\n","protected":false},"excerpt":{"rendered":"<p>Moi! Olen Valtteri ja opiskelen Savoniassa matkailu- ja ravitsemisalaa. Harrastuksiini kuuluu muun muassa urheilun seuraaminen, lenkkeily ja luonnossa liikkuminen. Yst\u00e4v\u00e4ni ja l\u00e4heiseni kuvaisivat minua positiiviseksi, tunnolliseksi ja joustavaksi ty\u00f6ntekij\u00e4ksi, joka tulee hyvin toimeen ihmisen kuin ihmisen kanssa. Omistan halun oppia ja olla osa suurempaa kokonaisuutta; olen eritt\u00e4in motivoitunut matkailusalaan. Pitk\u00e4n t\u00e4ht\u00e4imen tavoitteeni on kehitty\u00e4 matkailualan [&hellip;]<\/p>\n","protected":false},"author":7411,"featured_media":0,"parent":0,"menu_order":1,"comment_status":"open","ping_status":"closed","template":"","meta":{"footnotes":""},"class_list":["post-6","page","type-page","status-publish","hentry"],"_links":{"self":[{"href":"https:\/\/blogi.savonia.fi\/valtteriviitanenportfolio\/wp-json\/wp\/v2\/pages\/6","targetHints":{"allow":["GET"]}}],"collection":[{"href":"https:\/\/blogi.savonia.fi\/valtteriviitanenportfolio\/wp-json\/wp\/v2\/pages"}],"about":[{"href":"https:\/\/blogi.savonia.fi\/valtteriviitanenportfolio\/wp-json\/wp\/v2\/types\/page"}],"author":[{"embeddable":true,"href":"https:\/\/blogi.savonia.fi\/valtteriviitanenportfolio\/wp-json\/wp\/v2\/users\/7411"}],"replies":[{"embeddable":true,"href":"https:\/\/blogi.savonia.fi\/valtteriviitanenportfolio\/wp-json\/wp\/v2\/comments?post=6"}],"version-history":[{"count":23,"href":"https:\/\/blogi.savonia.fi\/valtteriviitanenportfolio\/wp-json\/wp\/v2\/pages\/6\/revisions"}],"predecessor-version":[{"id":286,"href":"https:\/\/blogi.savonia.fi\/valtteriviitanenportfolio\/wp-json\/wp\/v2\/pages\/6\/revisions\/286"}],"wp:attachment":[{"href":"https:\/\/blogi.savonia.fi\/valtteriviitanenportfolio\/wp-json\/wp\/v2\/media?parent=6"}],"curies":[{"name":"wp","href":"https:\/\/api.w.org\/{rel}","templated":true}]}}