{"id":35,"date":"2024-12-02T16:17:48","date_gmt":"2024-12-02T14:17:48","guid":{"rendered":"https:\/\/blogi.savonia.fi\/viitalaida\/?page_id=35"},"modified":"2024-12-02T21:15:26","modified_gmt":"2024-12-02T19:15:26","slug":"oppimiskokemuksia","status":"publish","type":"page","link":"https:\/\/blogi.savonia.fi\/viitalaida\/oppimiskokemuksia\/","title":{"rendered":"Oppimiskokemuksia"},"content":{"rendered":"\n<div class=\"wp-block-group alignfull has-accent-background-color has-background has-global-padding is-layout-constrained wp-container-core-group-is-layout-669513ed wp-block-group-is-layout-constrained\" style=\"margin-top:0;margin-bottom:0;padding-top:var(--wp--preset--spacing--50);padding-right:var(--wp--preset--spacing--50);padding-bottom:var(--wp--preset--spacing--50);padding-left:var(--wp--preset--spacing--50)\">\n<div class=\"wp-block-columns alignwide is-layout-flex wp-container-core-columns-is-layout-1da03c2a wp-block-columns-is-layout-flex\">\n<div class=\"wp-block-column is-vertically-aligned-stretch is-layout-flow wp-block-column-is-layout-flow\" style=\"flex-basis:50%\">\n<div class=\"wp-block-group is-vertical is-content-justification-stretch is-layout-flex wp-container-core-group-is-layout-444d5ee8 wp-block-group-is-layout-flex\" style=\"min-height:100%\">\n<div class=\"wp-block-group has-global-padding is-layout-constrained wp-block-group-is-layout-constrained\">\n<h2 class=\"wp-block-heading\"><strong><em>Matka Barceloonaan ja destination managment -kurssi<\/em><\/strong><\/h2>\n\n\n\n<div style=\"height:24px\" aria-hidden=\"true\" class=\"wp-block-spacer\"><\/div>\n\n\n\n<p>Destination managment -kurssilla analysoitiin turistikohteiden rakennetta ja opeteltiin mit\u00e4 kaikkea kuuluu turistikohteiden kehitt\u00e4miseen, markkinointiin ja br\u00e4nd\u00e4\u00e4miseen.<\/p>\n\n\n\n<p>Kurssilla opin, ett\u00e4 vaikka matkailu on positiivinen asia, joka tuo vaihtelua ja iloa monen el\u00e4m\u00e4\u00e4n, on sill\u00e4 my\u00f6s negatiivinen vaikutuspuolensa. Turistikohteiden kehitt\u00e4minen on suuressa asemassa n\u00e4iden negatiivisten vaikutusten ehk\u00e4isemiseksi. Kurssin aikana my\u00f6s konkretisoitui, ett\u00e4 matkailualan ammattilaisina pit\u00e4\u00e4 meid\u00e4n olla aktiivisia tekij\u00f6it\u00e4 alamme kehitt\u00e4misess\u00e4 ja haittavaikutusten parantamisessa.<\/p>\n\n\n\n<p>Destination managment -kurssilla syvennyimme muun muassa massaturismiin, joka on yksi matkailualan suurimmista haasteista. Massaturismi aiheuttaa paikallisille asukkaille esim. hintojen nousua. Mit\u00e4 positiivisempi on paikallisten ja turistien vuorovaikutus, niin sit\u00e4 parempi on luultavammin matkailijoiden matkakokemus. Turismialueiden kehitt\u00e4minen ja paikallisten asukkaiden suojeleminen on siis kaikkien etujen mukaista.<\/p>\n<\/div>\n<\/div>\n<\/div>\n\n\n\n<div class=\"wp-block-column is-vertically-aligned-center is-layout-flow wp-block-column-is-layout-flow\" style=\"flex-basis:50%\">\n<figure class=\"wp-block-image size-full is-style-rounded is-style-rounded--1\"><img loading=\"lazy\" decoding=\"async\" width=\"530\" height=\"542\" src=\"https:\/\/blogi.savonia.fi\/viitalaida\/wp-content\/uploads\/sites\/14211\/2024\/11\/Screenshot-2024-11-06-212012.png\" alt=\"\" class=\"wp-image-30\" style=\"aspect-ratio:3\/4;object-fit:cover\" srcset=\"https:\/\/blogi.savonia.fi\/viitalaida\/wp-content\/uploads\/sites\/14211\/2024\/11\/Screenshot-2024-11-06-212012.png 530w, https:\/\/blogi.savonia.fi\/viitalaida\/wp-content\/uploads\/sites\/14211\/2024\/11\/Screenshot-2024-11-06-212012-293x300.png 293w\" sizes=\"auto, (max-width: 530px) 100vw, 530px\" \/><\/figure>\n<\/div>\n<\/div>\n<\/div>\n\n\n\n<div class=\"wp-block-group alignfull has-base-background-color has-background has-global-padding is-layout-constrained wp-container-core-group-is-layout-d89aad35 wp-block-group-is-layout-constrained\" style=\"margin-top:0;margin-bottom:0;padding-top:var(--wp--preset--spacing--50);padding-right:var(--wp--preset--spacing--50);padding-bottom:var(--wp--preset--spacing--50);padding-left:var(--wp--preset--spacing--50)\">\n<div class=\"wp-block-columns alignwide is-layout-flex wp-container-core-columns-is-layout-549b0c86 wp-block-columns-is-layout-flex\">\n<div class=\"wp-block-column has-global-padding is-content-justification-center is-layout-constrained wp-container-core-column-is-layout-42d62dd4 wp-block-column-is-layout-constrained\" style=\"flex-basis:40%\">\n<figure class=\"wp-block-image size-large is-style-rounded is-style-rounded--2\"><img loading=\"lazy\" decoding=\"async\" width=\"1024\" height=\"619\" src=\"https:\/\/blogi.savonia.fi\/viitalaida\/wp-content\/uploads\/sites\/14211\/2024\/11\/IMG_1236-scaled-e1730917492852-1024x619.jpg\" alt=\"\" class=\"wp-image-43\" srcset=\"https:\/\/blogi.savonia.fi\/viitalaida\/wp-content\/uploads\/sites\/14211\/2024\/11\/IMG_1236-scaled-e1730917492852-1024x619.jpg 1024w, https:\/\/blogi.savonia.fi\/viitalaida\/wp-content\/uploads\/sites\/14211\/2024\/11\/IMG_1236-scaled-e1730917492852-300x181.jpg 300w, https:\/\/blogi.savonia.fi\/viitalaida\/wp-content\/uploads\/sites\/14211\/2024\/11\/IMG_1236-scaled-e1730917492852-768x464.jpg 768w, https:\/\/blogi.savonia.fi\/viitalaida\/wp-content\/uploads\/sites\/14211\/2024\/11\/IMG_1236-scaled-e1730917492852-1536x928.jpg 1536w, https:\/\/blogi.savonia.fi\/viitalaida\/wp-content\/uploads\/sites\/14211\/2024\/11\/IMG_1236-scaled-e1730917492852.jpg 1920w\" sizes=\"auto, (max-width: 1024px) 100vw, 1024px\" \/><\/figure>\n\n\n\n<figure class=\"wp-block-image size-large is-style-rounded is-style-rounded--3\"><img loading=\"lazy\" decoding=\"async\" width=\"768\" height=\"1024\" src=\"https:\/\/blogi.savonia.fi\/viitalaida\/wp-content\/uploads\/sites\/14211\/2024\/11\/IMG_1085-scaled-1-768x1024.jpg\" alt=\"\" class=\"wp-image-42\" srcset=\"https:\/\/blogi.savonia.fi\/viitalaida\/wp-content\/uploads\/sites\/14211\/2024\/11\/IMG_1085-scaled-1-768x1024.jpg 768w, https:\/\/blogi.savonia.fi\/viitalaida\/wp-content\/uploads\/sites\/14211\/2024\/11\/IMG_1085-scaled-1-225x300.jpg 225w, https:\/\/blogi.savonia.fi\/viitalaida\/wp-content\/uploads\/sites\/14211\/2024\/11\/IMG_1085-scaled-1-1152x1536.jpg 1152w, https:\/\/blogi.savonia.fi\/viitalaida\/wp-content\/uploads\/sites\/14211\/2024\/11\/IMG_1085-scaled-1-1536x2048.jpg 1536w, https:\/\/blogi.savonia.fi\/viitalaida\/wp-content\/uploads\/sites\/14211\/2024\/11\/IMG_1085-scaled-1.jpg 1920w\" sizes=\"auto, (max-width: 768px) 100vw, 768px\" \/><\/figure>\n<\/div>\n\n\n\n<div class=\"wp-block-column is-layout-flow wp-container-core-column-is-layout-119bc444 wp-block-column-is-layout-flow\" style=\"flex-basis:60%\">\n<p class=\"has-heading-font-family has-x-large-font-size\" style=\"line-height:1.2\"><strong><em>Tapahtuma ja kokoukset -kurssilla p\u00e4\u00e4sin kurkkaamaan tapahtumien tuotannon kulisseihin<\/em><\/strong><\/p>\n\n\n\n<div class=\"wp-block-columns is-layout-flex wp-container-core-columns-is-layout-87beb0d0 wp-block-columns-is-layout-flex\">\n<div class=\"wp-block-column is-layout-flow wp-block-column-is-layout-flow\">\n<p class=\"wp-container-content-9cfa9a5a\">Tapahtumat ja kokoukset -kurssilla innostuin tapahtumien tuottamisesta, sek\u00e4 opin kuinka paljon niiden tekemisess\u00e4 pit\u00e4\u00e4 ottaa huomioon eri asioita. Kurssilla p\u00e4\u00e4simme mukaan toteuttamaan oikeita tapahtumia.<\/p>\n\n\n\n<p class=\"wp-container-content-9cfa9a5a\">Itse olin mukana Kuopion Ice Marathon -tapahtuman tuottamisessa. Saimme avustaa muun muassa tapahtuman markkinoinnissa sek\u00e4 olimme auttamassa itse tapahtumap\u00e4iv\u00e4n\u00e4. Tapahtumap\u00e4iv\u00e4n\u00e4 teht\u00e4v\u00e4n\u00e4mme oli kuvata kontenttia tapahtuman sosiaallisen median sivustoille.<\/p>\n<\/div>\n\n\n\n<div class=\"wp-block-column is-layout-flow wp-block-column-is-layout-flow\">\n<p>Kurssin aikana opin, ett\u00e4 tapahtuman tuottamiseen tarvitaan aikaa ja yksityiskohtien huomioimista. Mieless\u00e4 pit\u00e4\u00e4 pit\u00e4\u00e4 niin tapahtuman tuottamiseen liittyv\u00e4t laki s\u00e4\u00e4d\u00f6kset, ett\u00e4 asiakaiksi halutun kohderyhm\u00e4n tarpeet. N\u00e4it\u00e4 ovat esimerkiksi tapahtuman saavutettavuus, informaation tavoittaminen asiakkaille ja asiakkaiden odotusten t\u00e4ytt\u00e4minen.<\/p>\n\n\n\n<p>Opin kurssin aikana my\u00f6s paljon itsest\u00e4ni. Huomasin, ett\u00e4 projektiomainen ty\u00f6 saattaisi sopia minulle ja ett\u00e4 olen k\u00e4yt\u00e4nn\u00f6nl\u00e4heinen oppija.<\/p>\n<\/div>\n<\/div>\n<\/div>\n<\/div>\n<\/div>\n\n\n\n<div class=\"wp-block-cover alignfull is-light has-parallax\" style=\"padding-top:var(--wp--preset--spacing--50);padding-right:var(--wp--preset--spacing--50);padding-bottom:var(--wp--preset--spacing--50);padding-left:var(--wp--preset--spacing--50);min-height:100vh;aspect-ratio:unset;\"><span aria-hidden=\"true\" class=\"wp-block-cover__background has-base-background-color has-background-dim-0 has-background-dim\"><\/span><div class=\"wp-block-cover__image-background wp-image-41 has-parallax\" style=\"background-position:50% 50%;background-image:url(https:\/\/blogi.savonia.fi\/viitalaida\/wp-content\/uploads\/sites\/14211\/2024\/11\/20240514_152109-scaled.jpg)\"><\/div><div class=\"wp-block-cover__inner-container has-global-padding is-layout-constrained wp-container-core-cover-is-layout-e4fd886c wp-block-cover-is-layout-constrained\">\n<div style=\"height:500px\" aria-hidden=\"true\" class=\"wp-block-spacer\"><\/div>\n<\/div><\/div>\n\n\n\n<div class=\"wp-block-group alignfull has-global-padding is-layout-constrained wp-container-core-group-is-layout-d89aad35 wp-block-group-is-layout-constrained\" style=\"margin-top:0;margin-bottom:0;padding-top:var(--wp--preset--spacing--50);padding-right:var(--wp--preset--spacing--50);padding-bottom:var(--wp--preset--spacing--50);padding-left:var(--wp--preset--spacing--50)\">\n<div class=\"wp-block-group alignwide has-global-padding is-layout-constrained wp-container-core-group-is-layout-19e250f3 wp-block-group-is-layout-constrained\">\n<div class=\"wp-block-group is-vertical is-content-justification-center is-layout-flex wp-container-core-group-is-layout-6329a8f3 wp-block-group-is-layout-flex\">\n<p><strong>ETEL\u00c4 &#8211; KOREA<\/strong><\/p>\n\n\n\n<h2 class=\"wp-block-heading\">Kielikurssi ulkomailla<\/h2>\n\n\n\n<p class=\"has-text-align-center\"><em>Opiskelijavaihto on ollut yksi rikastuttavimmista kokemuksista el\u00e4m\u00e4ss\u00e4ni. Se antoi minulle uutta n\u00e4kemyst\u00e4 matkailualan ty\u00f6markkinoista sek\u00e4 kasvatti mielenkiintoani matkailualaa kohtaan, joka meinasi jossain vaiheessa jo hieman hiipua. <\/em><\/p>\n<\/div>\n\n\n\n<div style=\"height:39px\" aria-hidden=\"true\" class=\"wp-block-spacer\"><\/div>\n\n\n\n<div class=\"wp-block-columns alignwide is-layout-flex wp-container-core-columns-is-layout-d1c656ed wp-block-columns-is-layout-flex\">\n<div class=\"wp-block-column is-vertically-aligned-center is-layout-flow wp-block-column-is-layout-flow\" style=\"flex-basis:40%\">\n<p>Etel\u00e4-Korea n\u00e4ytti minulle, ett\u00e4 vain mielikuvitus on rajana matkailualan mahdollisissa ty\u00f6paikoissa ja t\u00e4m\u00e4 valoi uskoa minuun suorittaa tutkintoni loppuun.<\/p>\n\n\n\n<p>Esimerkiksi kahvilakulttuuri on viety Etel\u00e4-Koreassa uudelle tasolle. Kahvila ei ollut siell\u00e4 pelk\u00e4st\u00e4\u00e4n paikka, josta hait juomista vaan niist\u00e4 kokonaisuudessaan oltiin tehty el\u00e4mys. Kahviloiden ulkomuotoon oli todella panostettu ja niit\u00e4 oli eri teemaisia. Usein t\u00e4ll\u00e4isessa teemakahvilassa, ostettavat herkut ja juomat olivat lis\u00e4bonus, ja itse kahvilan sis\u00e4lle p\u00e4\u00e4sy toimi asiakkkaiden k\u00e4yntimotiivina. Yhdess\u00e4 Harry Potter -teemaisessa kahvilassa eri huoneisiin p\u00e4\u00e4si tutustumaan vasta ostettuaan juoman.<\/p>\n<\/div>\n\n\n\n<div class=\"wp-block-column is-layout-flow wp-block-column-is-layout-flow\" style=\"flex-basis:50%\">\n<figure class=\"wp-block-image size-large is-style-rounded is-style-rounded--4\"><img decoding=\"async\" src=\"https:\/\/blogi.savonia.fi\/viitalaida\/wp-content\/uploads\/sites\/14211\/2024\/11\/20240614_185557-Copy-3-768x1024.jpg\" alt=\"\" class=\"wp-image-46\" \/><\/figure>\n<\/div>\n<\/div>\n\n\n\n<div style=\"height:35px\" aria-hidden=\"true\" class=\"wp-block-spacer\"><\/div>\n\n\n\n<div class=\"wp-block-columns alignwide is-layout-flex wp-container-core-columns-is-layout-d1c656ed wp-block-columns-is-layout-flex\">\n<div class=\"wp-block-column is-layout-flow wp-block-column-is-layout-flow\" style=\"flex-basis:50%\">\n<figure class=\"wp-block-image size-large is-style-rounded is-style-rounded--5\"><img loading=\"lazy\" decoding=\"async\" width=\"1024\" height=\"799\" src=\"https:\/\/blogi.savonia.fi\/viitalaida\/wp-content\/uploads\/sites\/14211\/2024\/11\/20240426_191014-scaled-e1732924119688-1024x799.jpg\" alt=\"\" class=\"wp-image-44\" srcset=\"https:\/\/blogi.savonia.fi\/viitalaida\/wp-content\/uploads\/sites\/14211\/2024\/11\/20240426_191014-scaled-e1732924119688-1024x799.jpg 1024w, https:\/\/blogi.savonia.fi\/viitalaida\/wp-content\/uploads\/sites\/14211\/2024\/11\/20240426_191014-scaled-e1732924119688-300x234.jpg 300w, https:\/\/blogi.savonia.fi\/viitalaida\/wp-content\/uploads\/sites\/14211\/2024\/11\/20240426_191014-scaled-e1732924119688-768x599.jpg 768w, https:\/\/blogi.savonia.fi\/viitalaida\/wp-content\/uploads\/sites\/14211\/2024\/11\/20240426_191014-scaled-e1732924119688-1536x1198.jpg 1536w, https:\/\/blogi.savonia.fi\/viitalaida\/wp-content\/uploads\/sites\/14211\/2024\/11\/20240426_191014-scaled-e1732924119688-2048x1597.jpg 2048w\" sizes=\"auto, (max-width: 1024px) 100vw, 1024px\" \/><\/figure>\n<\/div>\n\n\n\n<div class=\"wp-block-column is-vertically-aligned-center is-layout-flow wp-block-column-is-layout-flow\" style=\"flex-basis:40%\">\n<p>Etel\u00e4-Koreassa el\u00e4myst\u00e4 k\u00e4ytettiin my\u00f6s markkinointikeinona. Monet br\u00e4ndit j\u00e4rjestiv\u00e4t ymp\u00e4ri Seoulia Pop-up storeja, joissa markkinointiin br\u00e4ndin tuotteita. Pop-up store on v\u00e4liaikainen kauppatila, joka on rakennettu yleens\u00e4 jonkun br\u00e4ndin mainostamista varten. Pop-upeissa p\u00e4\u00e4si usein pelamaan tai osallistumaan johonkin el\u00e4mykseen, josta pystyi voittamaan alennuksia ja tuottteita Pop-upin j\u00e4rjest\u00e4neelt\u00e4 br\u00e4ndilt\u00e4. N\u00e4it\u00e4 j\u00e4rjestettiin siis VIIKOTTAIN! Pop-upit olivat mukavaa ajan vietett\u00e4 ja niiden avulla p\u00e4\u00e4si tutustumaan uusiin tuotteisiin.<\/p>\n<\/div>\n<\/div>\n\n\n\n<div style=\"height:26px\" aria-hidden=\"true\" class=\"wp-block-spacer\"><\/div>\n\n\n\n<div class=\"wp-block-columns is-layout-flex wp-container-core-columns-is-layout-28f84493 wp-block-columns-is-layout-flex\">\n<div class=\"wp-block-column is-layout-flow wp-block-column-is-layout-flow\" style=\"flex-basis:66.66%\"><\/div>\n\n\n\n<div class=\"wp-block-column is-layout-flow wp-block-column-is-layout-flow\" style=\"flex-basis:33.33%\"><\/div>\n<\/div>\n\n\n\n<div class=\"wp-block-columns alignwide is-layout-flex wp-container-core-columns-is-layout-d1c656ed wp-block-columns-is-layout-flex\">\n<div class=\"wp-block-column is-vertically-aligned-center is-layout-flow wp-block-column-is-layout-flow\" style=\"flex-basis:40%\">\n<p>Luonto n\u00e4ytti my\u00f6s olevan isona osana Etel\u00e4-Korean matkailualaa. Paikallisille oli paljon j\u00e4rjestetty luontoaiheisia el\u00e4myksi\u00e4 ja usein luksustuotteen tunnisti luontol\u00e4heisest\u00e4 l\u00e4hestymistavasta. Esimerkiksi kaikki fiinimm\u00e4t paikat oli koristeltu kasvillisuudella.<\/p>\n\n\n\n<p>Etel\u00e4-Koreassa luontoa pidettiin korkeassa arvossa ja se oli isona osana matkailualaa. T\u00e4m\u00e4 n\u00e4kyi korealaisten kulttuurissa (roskaaminen laitonta) ja paikallisille tarjolla olevista luontoon liittyvist\u00e4 el\u00e4myksi\u00e4. T\u00e4llainen oli esimerkiksi Sumsei terrarium, jossa p\u00e4\u00e4si vaeltelemaan erilaisten luontoaiheisten huoneiden l\u00e4pi, k\u00e4ytt\u00e4m\u00e4ll\u00e4 kaikkia aisteja. El\u00e4myksess\u00e4 k\u00e4veltiin paljain jaloin, jotta pystyi kokemaan huoneiden erilaiset maaper\u00e4t, kuten hiekan ja saven. Monet vierailluimmat n\u00e4ht\u00e4vyydet olivat my\u00f6s luontoaiheisia (kuten temppelit ja vaelluspolut).<\/p>\n<\/div>\n\n\n\n<div class=\"wp-block-column is-layout-flow wp-block-column-is-layout-flow\" style=\"flex-basis:50%\">\n<figure class=\"wp-block-image size-large is-resized is-style-rounded is-style-rounded--6\"><img loading=\"lazy\" decoding=\"async\" width=\"1024\" height=\"771\" src=\"https:\/\/blogi.savonia.fi\/viitalaida\/wp-content\/uploads\/sites\/14211\/2024\/11\/20240612_202711-Copy-scaled-e1732929001865-1024x771.jpg\" alt=\"\" class=\"wp-image-45\" style=\"width:492px;height:auto\" srcset=\"https:\/\/blogi.savonia.fi\/viitalaida\/wp-content\/uploads\/sites\/14211\/2024\/11\/20240612_202711-Copy-scaled-e1732929001865-1024x771.jpg 1024w, https:\/\/blogi.savonia.fi\/viitalaida\/wp-content\/uploads\/sites\/14211\/2024\/11\/20240612_202711-Copy-scaled-e1732929001865-300x226.jpg 300w, https:\/\/blogi.savonia.fi\/viitalaida\/wp-content\/uploads\/sites\/14211\/2024\/11\/20240612_202711-Copy-scaled-e1732929001865-768x578.jpg 768w, https:\/\/blogi.savonia.fi\/viitalaida\/wp-content\/uploads\/sites\/14211\/2024\/11\/20240612_202711-Copy-scaled-e1732929001865-1536x1157.jpg 1536w, https:\/\/blogi.savonia.fi\/viitalaida\/wp-content\/uploads\/sites\/14211\/2024\/11\/20240612_202711-Copy-scaled-e1732929001865.jpg 1920w\" sizes=\"auto, (max-width: 1024px) 100vw, 1024px\" \/><\/figure>\n<\/div>\n<\/div>\n<\/div>\n<\/div>\n","protected":false},"excerpt":{"rendered":"<p>Matka Barceloonaan ja destination managment -kurssi Destination managment -kurssilla analysoitiin turistikohteiden rakennetta ja opeteltiin mit\u00e4 kaikkea kuuluu turistikohteiden kehitt\u00e4miseen, markkinointiin ja br\u00e4nd\u00e4\u00e4miseen. Kurssilla opin, ett\u00e4 vaikka matkailu on positiivinen asia, joka tuo vaihtelua ja iloa monen el\u00e4m\u00e4\u00e4n, on sill\u00e4 my\u00f6s negatiivinen vaikutuspuolensa. Turistikohteiden kehitt\u00e4minen on suuressa asemassa n\u00e4iden negatiivisten vaikutusten ehk\u00e4isemiseksi. Kurssin aikana my\u00f6s konkretisoitui, [&hellip;]<\/p>\n","protected":false},"author":9047,"featured_media":11,"parent":0,"menu_order":0,"comment_status":"closed","ping_status":"closed","template":"","meta":{"footnotes":""},"class_list":["post-35","page","type-page","status-publish","has-post-thumbnail","hentry"],"_links":{"self":[{"href":"https:\/\/blogi.savonia.fi\/viitalaida\/wp-json\/wp\/v2\/pages\/35","targetHints":{"allow":["GET"]}}],"collection":[{"href":"https:\/\/blogi.savonia.fi\/viitalaida\/wp-json\/wp\/v2\/pages"}],"about":[{"href":"https:\/\/blogi.savonia.fi\/viitalaida\/wp-json\/wp\/v2\/types\/page"}],"author":[{"embeddable":true,"href":"https:\/\/blogi.savonia.fi\/viitalaida\/wp-json\/wp\/v2\/users\/9047"}],"replies":[{"embeddable":true,"href":"https:\/\/blogi.savonia.fi\/viitalaida\/wp-json\/wp\/v2\/comments?post=35"}],"version-history":[{"count":9,"href":"https:\/\/blogi.savonia.fi\/viitalaida\/wp-json\/wp\/v2\/pages\/35\/revisions"}],"predecessor-version":[{"id":136,"href":"https:\/\/blogi.savonia.fi\/viitalaida\/wp-json\/wp\/v2\/pages\/35\/revisions\/136"}],"wp:featuredmedia":[{"embeddable":true,"href":"https:\/\/blogi.savonia.fi\/viitalaida\/wp-json\/wp\/v2\/media\/11"}],"wp:attachment":[{"href":"https:\/\/blogi.savonia.fi\/viitalaida\/wp-json\/wp\/v2\/media?parent=35"}],"curies":[{"name":"wp","href":"https:\/\/api.w.org\/{rel}","templated":true}]}}