{"id":72,"date":"2024-12-02T18:15:12","date_gmt":"2024-12-02T16:15:12","guid":{"rendered":"https:\/\/blogi.savonia.fi\/viitalaida\/?page_id=72"},"modified":"2024-12-02T20:24:56","modified_gmt":"2024-12-02T18:24:56","slug":"tyokokemukseni","status":"publish","type":"page","link":"https:\/\/blogi.savonia.fi\/viitalaida\/tyokokemukseni\/","title":{"rendered":"Ty\u00f6kokemukseni"},"content":{"rendered":"\n<div class=\"wp-block-group alignfull has-global-padding is-layout-constrained wp-container-core-group-is-layout-daa29608 wp-block-group-is-layout-constrained\" style=\"margin-top:0;margin-bottom:0;padding-top:var(--wp--preset--spacing--50);padding-right:var(--wp--preset--spacing--50);padding-bottom:var(--wp--preset--spacing--50);padding-left:var(--wp--preset--spacing--50)\">\n<h1 class=\"wp-block-heading has-text-align-center has-x-large-font-size\"><em>T\u00e4\u00e4lt\u00e4 voit lukea tarkemmin ty\u00f6kokemuksestani <\/em><\/h1>\n<\/div>\n\n\n\n<div class=\"wp-block-group alignfull has-global-padding is-layout-constrained wp-container-core-group-is-layout-d89aad35 wp-block-group-is-layout-constrained\" style=\"margin-top:0;margin-bottom:0;padding-top:var(--wp--preset--spacing--50);padding-right:var(--wp--preset--spacing--50);padding-bottom:var(--wp--preset--spacing--50);padding-left:var(--wp--preset--spacing--50)\">\n<div class=\"wp-block-group alignwide has-base-2-background-color has-background has-global-padding is-layout-constrained wp-container-core-group-is-layout-39412042 wp-block-group-is-layout-constrained\" style=\"border-radius:16px;padding-top:var(--wp--preset--spacing--40);padding-right:var(--wp--preset--spacing--50);padding-bottom:var(--wp--preset--spacing--40);padding-left:var(--wp--preset--spacing--50)\">\n<div style=\"height:var(--wp--preset--spacing--10)\" aria-hidden=\"true\" class=\"wp-block-spacer\"><\/div>\n\n\n\n<h2 class=\"wp-block-heading has-text-align-center has-x-large-font-size\"><strong><em>Valmistuvan restonomin CV<\/em><\/strong><\/h2>\n\n\n\n<p class=\"has-text-align-center\">T\u00e4st\u00e4 painikkeesta voit siirty\u00e4 CV:seeni \ud83d\ude42<\/p>\n\n\n\n<div class=\"wp-block-buttons is-content-justification-center is-layout-flex wp-container-core-buttons-is-layout-a89b3969 wp-block-buttons-is-layout-flex\">\n<div class=\"wp-block-button\"><a class=\"wp-block-button__link wp-element-button\" href=\"https:\/\/blogi.savonia.fi\/viitalaida\/wp-content\/uploads\/sites\/14211\/2024\/12\/Paivitetty-CV-2024-3.pdf\">CV<\/a><\/div>\n<\/div>\n\n\n\n<div style=\"height:var(--wp--preset--spacing--10)\" aria-hidden=\"true\" class=\"wp-block-spacer\"><\/div>\n<\/div>\n<\/div>\n\n\n\n<div class=\"wp-block-group alignfull has-accent-background-color has-background has-global-padding is-layout-constrained wp-container-core-group-is-layout-669513ed wp-block-group-is-layout-constrained\" style=\"margin-top:0;margin-bottom:0;padding-top:var(--wp--preset--spacing--50);padding-right:var(--wp--preset--spacing--50);padding-bottom:var(--wp--preset--spacing--50);padding-left:var(--wp--preset--spacing--50)\">\n<div class=\"wp-block-columns alignwide is-layout-flex wp-container-core-columns-is-layout-1da03c2a wp-block-columns-is-layout-flex\">\n<div class=\"wp-block-column is-vertically-aligned-stretch is-layout-flow wp-block-column-is-layout-flow\" style=\"flex-basis:50%\">\n<div class=\"wp-block-group is-vertical is-content-justification-stretch is-layout-flex wp-container-core-group-is-layout-444d5ee8 wp-block-group-is-layout-flex\" style=\"min-height:100%\">\n<div class=\"wp-block-group has-global-padding is-layout-constrained wp-block-group-is-layout-constrained\">\n<p class=\"has-heading-font-family has-x-large-font-size\" style=\"line-height:1.2\"><strong><em>Aloitin urapolkuni kaupalliselta alalta<\/em><\/strong><\/p>\n\n\n\n<div style=\"height:49px\" aria-hidden=\"true\" class=\"wp-block-spacer\"><\/div>\n\n\n\n<p>Olen ollut t\u00f6iss\u00e4 niin kaupallisella kuin matkailu- ja ravintola-alalla. Ensimm\u00e4inen virallinen ty\u00f6paikkani oli Nilsi\u00e4n Artomarketissa. Toimin hyllytt\u00e4j\u00e4n\u00e4 kuivatarvike osastolla sek\u00e4 maitokylmi\u00f6ss\u00e4.<\/p>\n\n\n\n<p>Ty\u00f6teht\u00e4viini kuului tuotteiden purku, hyllytys ja organisointi. Asiakaspalvelu oli my\u00f6s iso-osa ty\u00f6t\u00e4ni ja p\u00e4\u00e4sin harjoittamaan monesti ongelmanratkaisu kykyj\u00e4 asiakkaiden pulmiin<\/p>\n\n\n\n<div style=\"height:92px\" aria-hidden=\"true\" class=\"wp-block-spacer\"><\/div>\n<\/div>\n<\/div>\n<\/div>\n\n\n\n<div class=\"wp-block-column is-vertically-aligned-center is-layout-flow wp-block-column-is-layout-flow\" style=\"flex-basis:50%\">\n<figure class=\"wp-block-image size-large is-resized is-style-rounded is-style-rounded--1\"><img loading=\"lazy\" decoding=\"async\" width=\"683\" height=\"1024\" src=\"https:\/\/blogi.savonia.fi\/viitalaida\/wp-content\/uploads\/sites\/14211\/2024\/12\/adb419c8-0188-4bb2-8e83-25680da7bc2b-683x1024.jpg\" alt=\"\" class=\"wp-image-120\" style=\"aspect-ratio:0.75;object-fit:cover;width:516px;height:auto\" srcset=\"https:\/\/blogi.savonia.fi\/viitalaida\/wp-content\/uploads\/sites\/14211\/2024\/12\/adb419c8-0188-4bb2-8e83-25680da7bc2b-683x1024.jpg 683w, https:\/\/blogi.savonia.fi\/viitalaida\/wp-content\/uploads\/sites\/14211\/2024\/12\/adb419c8-0188-4bb2-8e83-25680da7bc2b-200x300.jpg 200w, https:\/\/blogi.savonia.fi\/viitalaida\/wp-content\/uploads\/sites\/14211\/2024\/12\/adb419c8-0188-4bb2-8e83-25680da7bc2b-768x1152.jpg 768w, https:\/\/blogi.savonia.fi\/viitalaida\/wp-content\/uploads\/sites\/14211\/2024\/12\/adb419c8-0188-4bb2-8e83-25680da7bc2b-1024x1536.jpg 1024w, https:\/\/blogi.savonia.fi\/viitalaida\/wp-content\/uploads\/sites\/14211\/2024\/12\/adb419c8-0188-4bb2-8e83-25680da7bc2b-1365x2048.jpg 1365w, https:\/\/blogi.savonia.fi\/viitalaida\/wp-content\/uploads\/sites\/14211\/2024\/12\/adb419c8-0188-4bb2-8e83-25680da7bc2b-scaled.jpg 1707w\" sizes=\"auto, (max-width: 683px) 100vw, 683px\" \/><\/figure>\n<\/div>\n<\/div>\n<\/div>\n\n\n\n<div class=\"wp-block-group alignfull has-base-background-color has-background has-global-padding is-layout-constrained wp-container-core-group-is-layout-d89aad35 wp-block-group-is-layout-constrained\" style=\"margin-top:0;margin-bottom:0;padding-top:var(--wp--preset--spacing--50);padding-right:var(--wp--preset--spacing--50);padding-bottom:var(--wp--preset--spacing--50);padding-left:var(--wp--preset--spacing--50)\">\n<div class=\"wp-block-columns alignwide is-layout-flex wp-container-core-columns-is-layout-549b0c86 wp-block-columns-is-layout-flex\">\n<div class=\"wp-block-column is-layout-flow wp-block-column-is-layout-flow\">\n<figure class=\"wp-block-image size-full is-style-rounded is-style-rounded--2\"><img loading=\"lazy\" decoding=\"async\" width=\"1690\" height=\"1650\" src=\"https:\/\/blogi.savonia.fi\/viitalaida\/wp-content\/uploads\/sites\/14211\/2024\/12\/9a3fefe9-4b42-434a-9398-c6052a51efb1-scaled-e1733161595427.jpg\" alt=\"\" class=\"wp-image-115\" srcset=\"https:\/\/blogi.savonia.fi\/viitalaida\/wp-content\/uploads\/sites\/14211\/2024\/12\/9a3fefe9-4b42-434a-9398-c6052a51efb1-scaled-e1733161595427.jpg 1690w, https:\/\/blogi.savonia.fi\/viitalaida\/wp-content\/uploads\/sites\/14211\/2024\/12\/9a3fefe9-4b42-434a-9398-c6052a51efb1-scaled-e1733161595427-300x293.jpg 300w, https:\/\/blogi.savonia.fi\/viitalaida\/wp-content\/uploads\/sites\/14211\/2024\/12\/9a3fefe9-4b42-434a-9398-c6052a51efb1-scaled-e1733161595427-1024x1000.jpg 1024w, https:\/\/blogi.savonia.fi\/viitalaida\/wp-content\/uploads\/sites\/14211\/2024\/12\/9a3fefe9-4b42-434a-9398-c6052a51efb1-scaled-e1733161595427-768x750.jpg 768w, https:\/\/blogi.savonia.fi\/viitalaida\/wp-content\/uploads\/sites\/14211\/2024\/12\/9a3fefe9-4b42-434a-9398-c6052a51efb1-scaled-e1733161595427-1536x1500.jpg 1536w\" sizes=\"auto, (max-width: 1690px) 100vw, 1690px\" \/><\/figure>\n<\/div>\n\n\n\n<div class=\"wp-block-column is-layout-flow wp-block-column-is-layout-flow\">\n<h2 class=\"wp-block-heading\"><strong><em>Seuraavaksi jatkoin ty\u00f6skentelem\u00e4\u00e4n ravintola-alalle<\/em><\/strong><\/h2>\n\n\n\n<div style=\"height:62px\" aria-hidden=\"true\" class=\"wp-block-spacer\"><\/div>\n\n\n\n<p>Artomarketista siirryin ty\u00f6skentelem\u00e4\u00e4n Pehkubaariin Tahkolle. Toimin Pehkubaarissa tarjoilijana, mutta ty\u00f6teht\u00e4viini kuului my\u00f6s paljon muuta.<\/p>\n\n\n\n<p>Ty\u00f6teht\u00e4viini kuului blokkaaminen, astioiden peseminen, tarjoilu ja siivoaminen. Teht\u00e4v\u00e4n\u00e4ni oli my\u00f6s taata asiakkaiden viihtyvyys ja yll\u00e4pit\u00e4\u00e4 Pehkubaarin omaa tunnelmaa.<\/p>\n\n\n\n<p>Pehkubaarissa ty\u00f6skentely kiireisin\u00e4 sesonkiaikoina kehitti paljon paineensietokyky\u00e4ni ja opetti minulle ty\u00f6teht\u00e4vien priorisoinnista. <\/p>\n<\/div>\n<\/div>\n<\/div>\n\n\n\n<div class=\"wp-block-group alignfull has-accent-5-background-color has-background has-global-padding is-layout-constrained wp-container-core-group-is-layout-d89aad35 wp-block-group-is-layout-constrained\" style=\"margin-top:0;margin-bottom:0;padding-top:var(--wp--preset--spacing--50);padding-right:var(--wp--preset--spacing--50);padding-bottom:var(--wp--preset--spacing--50);padding-left:var(--wp--preset--spacing--50)\">\n<div class=\"wp-block-columns alignwide is-layout-flex wp-container-core-columns-is-layout-1da03c2a wp-block-columns-is-layout-flex\">\n<div class=\"wp-block-column is-vertically-aligned-center is-layout-flow wp-block-column-is-layout-flow\" style=\"flex-basis:60%\">\n<figure class=\"wp-block-image size-full is-style-rounded wp-duotone-unset-4 is-style-rounded--3\"><img loading=\"lazy\" decoding=\"async\" width=\"1280\" height=\"896\" src=\"https:\/\/blogi.savonia.fi\/viitalaida\/wp-content\/uploads\/sites\/14211\/2024\/12\/6bffa2f4-4a50-43bc-b34b-a0677e7a30c3.jpg\" alt=\"\" class=\"wp-image-116\" style=\"aspect-ratio:4\/3;object-fit:cover\" srcset=\"https:\/\/blogi.savonia.fi\/viitalaida\/wp-content\/uploads\/sites\/14211\/2024\/12\/6bffa2f4-4a50-43bc-b34b-a0677e7a30c3.jpg 1280w, https:\/\/blogi.savonia.fi\/viitalaida\/wp-content\/uploads\/sites\/14211\/2024\/12\/6bffa2f4-4a50-43bc-b34b-a0677e7a30c3-300x210.jpg 300w, https:\/\/blogi.savonia.fi\/viitalaida\/wp-content\/uploads\/sites\/14211\/2024\/12\/6bffa2f4-4a50-43bc-b34b-a0677e7a30c3-1024x717.jpg 1024w, https:\/\/blogi.savonia.fi\/viitalaida\/wp-content\/uploads\/sites\/14211\/2024\/12\/6bffa2f4-4a50-43bc-b34b-a0677e7a30c3-768x538.jpg 768w\" sizes=\"auto, (max-width: 1280px) 100vw, 1280px\" \/><\/figure>\n<\/div>\n\n\n\n<div class=\"wp-block-column is-layout-flow wp-block-column-is-layout-flow\" style=\"flex-basis:40%\">\n<h2 class=\"wp-block-heading\"><strong>Ravintola-alalta matkailupuolelle<\/strong><\/h2>\n\n\n\n<p>Ensimm\u00e4inen matkailupuolen ty\u00f6kokemukseni oli Tahko Spassa vastaanottovirkailijana. Vastaanottovirkailijana hoidin asiakkaiden huonevarauksia sek\u00e4 tutustutin asiakkaat yrityksen sek\u00e4 rakennuksen muihin palveluihin<\/p>\n\n\n\n<p>P\u00e4ivitt\u00e4isiin ty\u00f6teht\u00e4viini kuului asiakkaiden sis\u00e4\u00e4n ja ulos kirjaaminen, lis\u00e4palveluiden myyminen, vastaanoton kahvilan py\u00f6ritt\u00e4minen sek\u00e4 kassan laskeminen ja tilojen sulkeminen. Ajoittain hoidin my\u00f6s yrityksen keilahallipuolta<\/p>\n<\/div>\n<\/div>\n\n\n\n<div class=\"wp-block-group alignfull has-global-padding is-layout-constrained wp-container-core-group-is-layout-d89aad35 wp-block-group-is-layout-constrained\" style=\"margin-top:0;margin-bottom:0;padding-top:var(--wp--preset--spacing--50);padding-right:var(--wp--preset--spacing--50);padding-bottom:var(--wp--preset--spacing--50);padding-left:var(--wp--preset--spacing--50)\">\n<div class=\"wp-block-group alignfull has-accent-background-color has-background has-global-padding is-layout-constrained wp-container-core-group-is-layout-669513ed wp-block-group-is-layout-constrained\" style=\"margin-top:0;margin-bottom:0;padding-top:var(--wp--preset--spacing--50);padding-right:var(--wp--preset--spacing--50);padding-bottom:var(--wp--preset--spacing--50);padding-left:var(--wp--preset--spacing--50)\">\n<div class=\"wp-block-columns alignwide is-layout-flex wp-container-core-columns-is-layout-1da03c2a wp-block-columns-is-layout-flex\">\n<div class=\"wp-block-column is-vertically-aligned-stretch is-layout-flow wp-block-column-is-layout-flow\" style=\"flex-basis:50%\">\n<div class=\"wp-block-group is-vertical is-content-justification-stretch is-layout-flex wp-container-core-group-is-layout-444d5ee8 wp-block-group-is-layout-flex\" style=\"min-height:100%\">\n<div class=\"wp-block-group has-global-padding is-layout-constrained wp-block-group-is-layout-constrained\">\n<p class=\"has-heading-font-family has-x-large-font-size\" style=\"line-height:1.2\"><strong><em>Erilaista matkailupuolen kokemusta Luodosta<\/em><\/strong><\/p>\n\n\n\n<div style=\"height:13px\" aria-hidden=\"true\" class=\"wp-block-spacer\"><\/div>\n\n\n\n<p>Luodossa toimin my\u00f6s p\u00e4\u00e4asiassa vastaanotto ty\u00f6ntekij\u00e4n\u00e4, mutta hotellihuone varausten tekemisen sijaan otin vastaan asiakkaaita ja ohjasin yrityksen eri palveluihin. Ty\u00f6nkuvaani kuului my\u00f6s varauksien tekeminen yrityksen sauna\/ravintola palveluihin sek\u00e4 puhelimeen vastaaminen.<\/p>\n\n\n\n<p>Ty\u00f6teht\u00e4v\u00e4n\u00e4ni oli my\u00f6s toimia niin sanottuna jokapaikan h\u00f6yl\u00e4n\u00e4 eli avustin esimerkiksi kiireisin\u00e4 aikoina ravintolan sek\u00e4 baarin puolella.<\/p>\n\n\n\n<p>Yrityksen saunapuoli oli vastuualuettani. Saunapalvelujen maksu tapahtui respankassalta, joten operoin sit\u00e4 sek\u00e4 ohjeistin saunapalvelujemme toiminnan. Teht\u00e4v\u00e4n\u00e4ni oli my\u00f6s valvoa ja pit\u00e4\u00e4 huolta saunojen siisteydest\u00e4 sek\u00e4 myyd\u00e4 asiakkaille virvokkeita.<\/p>\n\n\n\n<div style=\"height:39px\" aria-hidden=\"true\" class=\"wp-block-spacer\"><\/div>\n<\/div>\n<\/div>\n<\/div>\n\n\n\n<div class=\"wp-block-column is-vertically-aligned-center is-layout-flow wp-block-column-is-layout-flow\" style=\"flex-basis:50%\">\n<figure class=\"wp-block-image size-large is-style-rounded is-style-rounded--5\"><img loading=\"lazy\" decoding=\"async\" width=\"1024\" height=\"1001\" src=\"https:\/\/blogi.savonia.fi\/viitalaida\/wp-content\/uploads\/sites\/14211\/2024\/12\/1a51c35f-af61-40fe-a6b6-d99bc26d6251-scaled-e1733161843513-1024x1001.jpg\" alt=\"\" class=\"wp-image-117\" srcset=\"https:\/\/blogi.savonia.fi\/viitalaida\/wp-content\/uploads\/sites\/14211\/2024\/12\/1a51c35f-af61-40fe-a6b6-d99bc26d6251-scaled-e1733161843513-1024x1001.jpg 1024w, https:\/\/blogi.savonia.fi\/viitalaida\/wp-content\/uploads\/sites\/14211\/2024\/12\/1a51c35f-af61-40fe-a6b6-d99bc26d6251-scaled-e1733161843513-300x293.jpg 300w, https:\/\/blogi.savonia.fi\/viitalaida\/wp-content\/uploads\/sites\/14211\/2024\/12\/1a51c35f-af61-40fe-a6b6-d99bc26d6251-scaled-e1733161843513-768x751.jpg 768w, https:\/\/blogi.savonia.fi\/viitalaida\/wp-content\/uploads\/sites\/14211\/2024\/12\/1a51c35f-af61-40fe-a6b6-d99bc26d6251-scaled-e1733161843513-1536x1502.jpg 1536w, https:\/\/blogi.savonia.fi\/viitalaida\/wp-content\/uploads\/sites\/14211\/2024\/12\/1a51c35f-af61-40fe-a6b6-d99bc26d6251-scaled-e1733161843513.jpg 1702w\" sizes=\"auto, (max-width: 1024px) 100vw, 1024px\" \/><\/figure>\n<\/div>\n<\/div>\n<\/div>\n\n\n\n<div class=\"wp-block-group alignwide has-base-2-background-color has-background is-layout-flow wp-block-group-is-layout-flow\" style=\"border-radius:16px;padding-top:var(--wp--preset--spacing--50);padding-right:var(--wp--preset--spacing--50);padding-bottom:var(--wp--preset--spacing--50);padding-left:var(--wp--preset--spacing--50)\">\n<p class=\"has-text-align-center\"><em><strong>Yritykset, joissa olen ty\u00f6skennellyt<\/strong><\/em><\/p>\n\n\n\n<div style=\"height:var(--wp--preset--spacing--10)\" aria-hidden=\"true\" class=\"wp-block-spacer\"><\/div>\n\n\n\n<div class=\"wp-block-group alignwide is-content-justification-center is-layout-flex wp-container-core-group-is-layout-f95ffa09 wp-block-group-is-layout-flex\" style=\"padding-top:0;padding-right:0;padding-bottom:0;padding-left:0\">\n<figure class=\"wp-block-image size-large is-resized\"><img loading=\"lazy\" decoding=\"async\" width=\"1024\" height=\"306\" src=\"https:\/\/blogi.savonia.fi\/viitalaida\/wp-content\/uploads\/sites\/14211\/2024\/12\/KSM-Artomarket-logo_Nilsia-1024x306.jpg\" alt=\"\" class=\"wp-image-80\" style=\"aspect-ratio:4\/3;object-fit:contain;width:150px\" srcset=\"https:\/\/blogi.savonia.fi\/viitalaida\/wp-content\/uploads\/sites\/14211\/2024\/12\/KSM-Artomarket-logo_Nilsia-1024x306.jpg 1024w, https:\/\/blogi.savonia.fi\/viitalaida\/wp-content\/uploads\/sites\/14211\/2024\/12\/KSM-Artomarket-logo_Nilsia-300x90.jpg 300w, https:\/\/blogi.savonia.fi\/viitalaida\/wp-content\/uploads\/sites\/14211\/2024\/12\/KSM-Artomarket-logo_Nilsia-768x229.jpg 768w, https:\/\/blogi.savonia.fi\/viitalaida\/wp-content\/uploads\/sites\/14211\/2024\/12\/KSM-Artomarket-logo_Nilsia-1536x459.jpg 1536w, https:\/\/blogi.savonia.fi\/viitalaida\/wp-content\/uploads\/sites\/14211\/2024\/12\/KSM-Artomarket-logo_Nilsia.jpg 1819w\" sizes=\"auto, (max-width: 1024px) 100vw, 1024px\" \/><\/figure>\n\n\n\n<figure class=\"wp-block-image size-full is-resized\"><img loading=\"lazy\" decoding=\"async\" width=\"225\" height=\"225\" src=\"https:\/\/blogi.savonia.fi\/viitalaida\/wp-content\/uploads\/sites\/14211\/2024\/12\/images.png\" alt=\"\" class=\"wp-image-82\" style=\"aspect-ratio:4\/3;object-fit:contain;width:150px\" srcset=\"https:\/\/blogi.savonia.fi\/viitalaida\/wp-content\/uploads\/sites\/14211\/2024\/12\/images.png 225w, https:\/\/blogi.savonia.fi\/viitalaida\/wp-content\/uploads\/sites\/14211\/2024\/12\/images-150x150.png 150w\" sizes=\"auto, (max-width: 225px) 100vw, 225px\" \/><\/figure>\n\n\n\n<figure class=\"wp-block-image size-full is-resized\"><img loading=\"lazy\" decoding=\"async\" width=\"180\" height=\"180\" src=\"https:\/\/blogi.savonia.fi\/viitalaida\/wp-content\/uploads\/sites\/14211\/2024\/12\/images.jpg\" alt=\"\" class=\"wp-image-83\" style=\"aspect-ratio:4\/3;object-fit:contain;width:150px\" srcset=\"https:\/\/blogi.savonia.fi\/viitalaida\/wp-content\/uploads\/sites\/14211\/2024\/12\/images.jpg 180w, https:\/\/blogi.savonia.fi\/viitalaida\/wp-content\/uploads\/sites\/14211\/2024\/12\/images-150x150.jpg 150w\" sizes=\"auto, (max-width: 180px) 100vw, 180px\" \/><\/figure>\n\n\n\n<figure class=\"wp-block-image size-full is-resized\"><img loading=\"lazy\" decoding=\"async\" width=\"225\" height=\"225\" src=\"https:\/\/blogi.savonia.fi\/viitalaida\/wp-content\/uploads\/sites\/14211\/2024\/12\/images-1.jpg\" alt=\"\" class=\"wp-image-84\" style=\"aspect-ratio:4\/3;object-fit:contain;width:150px\" srcset=\"https:\/\/blogi.savonia.fi\/viitalaida\/wp-content\/uploads\/sites\/14211\/2024\/12\/images-1.jpg 225w, https:\/\/blogi.savonia.fi\/viitalaida\/wp-content\/uploads\/sites\/14211\/2024\/12\/images-1-150x150.jpg 150w\" sizes=\"auto, (max-width: 225px) 100vw, 225px\" \/><\/figure>\n<\/div>\n<\/div>\n<\/div>\n<\/div>\n","protected":false},"excerpt":{"rendered":"<p>T\u00e4\u00e4lt\u00e4 voit lukea tarkemmin ty\u00f6kokemuksestani Valmistuvan restonomin CV T\u00e4st\u00e4 painikkeesta voit siirty\u00e4 CV:seeni \ud83d\ude42 Aloitin urapolkuni kaupalliselta alalta Olen ollut t\u00f6iss\u00e4 niin kaupallisella kuin matkailu- ja ravintola-alalla. Ensimm\u00e4inen virallinen ty\u00f6paikkani oli Nilsi\u00e4n Artomarketissa. Toimin hyllytt\u00e4j\u00e4n\u00e4 kuivatarvike osastolla sek\u00e4 maitokylmi\u00f6ss\u00e4. Ty\u00f6teht\u00e4viini kuului tuotteiden purku, hyllytys ja organisointi. Asiakaspalvelu oli my\u00f6s iso-osa ty\u00f6t\u00e4ni ja p\u00e4\u00e4sin harjoittamaan monesti [&hellip;]<\/p>\n","protected":false},"author":9047,"featured_media":11,"parent":0,"menu_order":0,"comment_status":"closed","ping_status":"closed","template":"","meta":{"footnotes":""},"class_list":["post-72","page","type-page","status-publish","has-post-thumbnail","hentry"],"_links":{"self":[{"href":"https:\/\/blogi.savonia.fi\/viitalaida\/wp-json\/wp\/v2\/pages\/72","targetHints":{"allow":["GET"]}}],"collection":[{"href":"https:\/\/blogi.savonia.fi\/viitalaida\/wp-json\/wp\/v2\/pages"}],"about":[{"href":"https:\/\/blogi.savonia.fi\/viitalaida\/wp-json\/wp\/v2\/types\/page"}],"author":[{"embeddable":true,"href":"https:\/\/blogi.savonia.fi\/viitalaida\/wp-json\/wp\/v2\/users\/9047"}],"replies":[{"embeddable":true,"href":"https:\/\/blogi.savonia.fi\/viitalaida\/wp-json\/wp\/v2\/comments?post=72"}],"version-history":[{"count":11,"href":"https:\/\/blogi.savonia.fi\/viitalaida\/wp-json\/wp\/v2\/pages\/72\/revisions"}],"predecessor-version":[{"id":132,"href":"https:\/\/blogi.savonia.fi\/viitalaida\/wp-json\/wp\/v2\/pages\/72\/revisions\/132"}],"wp:featuredmedia":[{"embeddable":true,"href":"https:\/\/blogi.savonia.fi\/viitalaida\/wp-json\/wp\/v2\/media\/11"}],"wp:attachment":[{"href":"https:\/\/blogi.savonia.fi\/viitalaida\/wp-json\/wp\/v2\/media?parent=72"}],"curies":[{"name":"wp","href":"https:\/\/api.w.org\/{rel}","templated":true}]}}