{"id":2,"date":"2024-11-15T10:59:28","date_gmt":"2024-11-15T08:59:28","guid":{"rendered":"https:\/\/blogi.savonia.fi\/wirella\/?page_id=2"},"modified":"2025-01-27T15:36:36","modified_gmt":"2025-01-27T13:36:36","slug":"esimerkkisivu","status":"publish","type":"page","link":"https:\/\/blogi.savonia.fi\/wirella\/esimerkkisivu\/","title":{"rendered":"Tietoa meist\u00e4"},"content":{"rendered":"\n<p><\/p>\n\n\n\n<p class=\"has-text-align-left\">Tervetuloa tutustumaan tiimiimme! Olemme joukko omistautuneita ammattilaisia, jotka ty\u00f6skentelev\u00e4t yhdess\u00e4 saavuttaaksemme yhteiset tavoitteemme ja tarjotaksemme asiakkaillemme laadukkaita tuotteita.<\/p>\n\n\n\n<figure class=\"wp-block-image size-large\"><img loading=\"lazy\" decoding=\"async\" width=\"1024\" height=\"422\" src=\"https:\/\/blogi.savonia.fi\/wirella\/wp-content\/uploads\/sites\/14167\/2024\/11\/Nayttokuva-2024-11-27-kello-11.00.24-1024x422.png\" alt=\"\" class=\"wp-image-310\" srcset=\"https:\/\/blogi.savonia.fi\/wirella\/wp-content\/uploads\/sites\/14167\/2024\/11\/Nayttokuva-2024-11-27-kello-11.00.24-1024x422.png 1024w, https:\/\/blogi.savonia.fi\/wirella\/wp-content\/uploads\/sites\/14167\/2024\/11\/Nayttokuva-2024-11-27-kello-11.00.24-300x124.png 300w, https:\/\/blogi.savonia.fi\/wirella\/wp-content\/uploads\/sites\/14167\/2024\/11\/Nayttokuva-2024-11-27-kello-11.00.24-768x316.png 768w, https:\/\/blogi.savonia.fi\/wirella\/wp-content\/uploads\/sites\/14167\/2024\/11\/Nayttokuva-2024-11-27-kello-11.00.24-700x288.png 700w, https:\/\/blogi.savonia.fi\/wirella\/wp-content\/uploads\/sites\/14167\/2024\/11\/Nayttokuva-2024-11-27-kello-11.00.24-520x214.png 520w, https:\/\/blogi.savonia.fi\/wirella\/wp-content\/uploads\/sites\/14167\/2024\/11\/Nayttokuva-2024-11-27-kello-11.00.24-360x148.png 360w, https:\/\/blogi.savonia.fi\/wirella\/wp-content\/uploads\/sites\/14167\/2024\/11\/Nayttokuva-2024-11-27-kello-11.00.24-250x103.png 250w, https:\/\/blogi.savonia.fi\/wirella\/wp-content\/uploads\/sites\/14167\/2024\/11\/Nayttokuva-2024-11-27-kello-11.00.24-100x41.png 100w, https:\/\/blogi.savonia.fi\/wirella\/wp-content\/uploads\/sites\/14167\/2024\/11\/Nayttokuva-2024-11-27-kello-11.00.24.png 1384w\" sizes=\"auto, (max-width: 1024px) 100vw, 1024px\" \/><\/figure>\n\n\n\n<figure class=\"wp-block-pullquote\"><blockquote><p><strong>Haluamme inspiroida asiakkaitamme liikkumaan ja mahdollistaa aktiivisuuden seurannan tilanteesta ja toiminnasta riippumatta.<\/strong><\/p><\/blockquote><\/figure>\n\n\n\n<p class=\"has-text-align-left\"><\/p>\n\n\n\n<p><\/p>\n\n\n\n<blockquote class=\"wp-block-quote is-style-plain is-layout-flow wp-block-quote-is-layout-flow\">\n<blockquote class=\"wp-block-quote is-layout-flow wp-block-quote-is-layout-flow\">\n<blockquote class=\"wp-block-quote is-layout-flow wp-block-quote-is-layout-flow\">\n<figure class=\"wp-block-pullquote alignleft has-text-align-left\"><blockquote><p><\/p><\/blockquote><\/figure>\n<\/blockquote>\n<\/blockquote>\n\n\n\n<p><\/p>\n<\/blockquote>\n\n\n\n<figure class=\"wp-block-gallery has-nested-images columns-default is-cropped wp-block-gallery-1 is-layout-flex wp-block-gallery-is-layout-flex\"><\/figure>\n","protected":false},"excerpt":{"rendered":"<p>Tervetuloa tutustumaan tiimiimme! Olemme joukko omistautuneita ammattilaisia, jotka ty\u00f6skentelev\u00e4t yhdess\u00e4 saavuttaaksemme yhteiset tavoitteemme ja tarjotaksemme asiakkaillemme laadukkaita tuotteita. Haluamme inspiroida asiakkaitamme liikkumaan ja mahdollistaa aktiivisuuden seurannan tilanteesta ja toiminnasta riippumatta.<\/p>\n","protected":false},"author":11720,"featured_media":0,"parent":0,"menu_order":0,"comment_status":"closed","ping_status":"open","template":"page-templates\/page_fullwidth.php","meta":{"footnotes":""},"class_list":["post-2","page","type-page","status-publish","hentry","clearfix"],"_links":{"self":[{"href":"https:\/\/blogi.savonia.fi\/wirella\/wp-json\/wp\/v2\/pages\/2","targetHints":{"allow":["GET"]}}],"collection":[{"href":"https:\/\/blogi.savonia.fi\/wirella\/wp-json\/wp\/v2\/pages"}],"about":[{"href":"https:\/\/blogi.savonia.fi\/wirella\/wp-json\/wp\/v2\/types\/page"}],"author":[{"embeddable":true,"href":"https:\/\/blogi.savonia.fi\/wirella\/wp-json\/wp\/v2\/users\/11720"}],"replies":[{"embeddable":true,"href":"https:\/\/blogi.savonia.fi\/wirella\/wp-json\/wp\/v2\/comments?post=2"}],"version-history":[{"count":26,"href":"https:\/\/blogi.savonia.fi\/wirella\/wp-json\/wp\/v2\/pages\/2\/revisions"}],"predecessor-version":[{"id":324,"href":"https:\/\/blogi.savonia.fi\/wirella\/wp-json\/wp\/v2\/pages\/2\/revisions\/324"}],"wp:attachment":[{"href":"https:\/\/blogi.savonia.fi\/wirella\/wp-json\/wp\/v2\/media?parent=2"}],"curies":[{"name":"wp","href":"https:\/\/api.w.org\/{rel}","templated":true}]}}