{"id":20,"date":"2024-11-19T09:09:22","date_gmt":"2024-11-19T07:09:22","guid":{"rendered":"https:\/\/blogi.savonia.fi\/wirella\/?page_id=20"},"modified":"2024-11-26T09:50:51","modified_gmt":"2024-11-26T07:50:51","slug":"ongelmat","status":"publish","type":"page","link":"https:\/\/blogi.savonia.fi\/wirella\/ongelmat\/","title":{"rendered":"Tarvitsetko apua?"},"content":{"rendered":"\n<pre class=\"wp-block-code\"><code><\/code><\/pre>\n\n\n\n\n<!-- iframe plugin v.6.0 wordpress.org\/plugins\/iframe\/ -->\n<iframe loading=\"lazy\" width=\"640px\" height=\"480px\" src=\"https:\/\/forms.office.com\/Pages\/ResponsePage.aspx?id=G2jVtkBKOk2OewOnDTmRtifT-lvIU9hMmU7x7uDV0wNUMk1WUE42ODg5R0s1QUlFQzRDTkFWWEVIQy4u&#038;embed=true\" frameborder=\"0\" marginwidth=\"0\" marginheight=\"0\" style=\"border: none; max-width:100%; max-height:100vh\" 0=\"allowfullscreen\" 1=\"webkitallowfullscreen\" 2=\"mozallowfullscreen\" 3=\"msallowfullscreen&gt;\" 4=\"&lt;\/iframe\" scrolling=\"yes\" class=\"iframe-class\"><\/iframe>\n\n\n\n\n<p>Voit ottaa yhteytt\u00e4 my\u00f6s s\u00e4hk\u00f6postitse wirellaoy@gmail.com<\/p>\n\n\n\n<p>Vastaamme 2-5 arkip\u00e4iv\u00e4n kuluessa<\/p>\n\n\n\n<p><\/p>\n","protected":false},"excerpt":{"rendered":"<p>Voit ottaa yhteytt\u00e4 my\u00f6s s\u00e4hk\u00f6postitse wirellaoy@gmail.com Vastaamme 2-5 arkip\u00e4iv\u00e4n kuluessa<\/p>\n","protected":false},"author":11959,"featured_media":0,"parent":0,"menu_order":0,"comment_status":"closed","ping_status":"closed","template":"page-templates\/page_fullwidth.php","meta":{"footnotes":""},"class_list":["post-20","page","type-page","status-publish","hentry","clearfix"],"_links":{"self":[{"href":"https:\/\/blogi.savonia.fi\/wirella\/wp-json\/wp\/v2\/pages\/20","targetHints":{"allow":["GET"]}}],"collection":[{"href":"https:\/\/blogi.savonia.fi\/wirella\/wp-json\/wp\/v2\/pages"}],"about":[{"href":"https:\/\/blogi.savonia.fi\/wirella\/wp-json\/wp\/v2\/types\/page"}],"author":[{"embeddable":true,"href":"https:\/\/blogi.savonia.fi\/wirella\/wp-json\/wp\/v2\/users\/11959"}],"replies":[{"embeddable":true,"href":"https:\/\/blogi.savonia.fi\/wirella\/wp-json\/wp\/v2\/comments?post=20"}],"version-history":[{"count":5,"href":"https:\/\/blogi.savonia.fi\/wirella\/wp-json\/wp\/v2\/pages\/20\/revisions"}],"predecessor-version":[{"id":239,"href":"https:\/\/blogi.savonia.fi\/wirella\/wp-json\/wp\/v2\/pages\/20\/revisions\/239"}],"wp:attachment":[{"href":"https:\/\/blogi.savonia.fi\/wirella\/wp-json\/wp\/v2\/media?parent=20"}],"curies":[{"name":"wp","href":"https:\/\/api.w.org\/{rel}","templated":true}]}}