{"id":27,"date":"2024-11-19T08:56:59","date_gmt":"2024-11-19T06:56:59","guid":{"rendered":"https:\/\/blogi.savonia.fi\/wirella\/?page_id=27"},"modified":"2024-11-26T10:48:12","modified_gmt":"2024-11-26T08:48:12","slug":"usein-kysyttya","status":"publish","type":"page","link":"https:\/\/blogi.savonia.fi\/wirella\/usein-kysyttya\/","title":{"rendered":"Usein kysytty\u00e4"},"content":{"rendered":"\n<details class=\"wp-block-details is-layout-flow wp-block-details-is-layout-flow\" open><summary>Miten puhelinsovelluksen saa toimimaan?<\/summary>\n<ul class=\"wp-block-list\">\n<li>Lataa Wire App sovelluskaupasta &amp; luo profiili korun sarjanumerolla. Ongelmatilanteissa ota yhteytt\u00e4 asiakaspalveluun.<\/li>\n<\/ul>\n<\/details>\n\n\n\n<details class=\"wp-block-details is-layout-flow wp-block-details-is-layout-flow\" open><summary>Kuinka usein korua pit\u00e4\u00e4 ladata?<\/summary>\n<ul class=\"wp-block-list\">\n<li>Noin kerran viikossa.<\/li>\n<\/ul>\n<\/details>\n\n\n\n<details class=\"wp-block-details is-layout-flow wp-block-details-is-layout-flow\" open><summary>Voiko korua pit\u00e4\u00e4 suihkussa?<\/summary>\n<ul class=\"wp-block-list\">\n<li>Korua voi k\u00e4ytt\u00e4\u00e4 suihkussa sen vedenkest\u00e4vyyden vuoksi.<\/li>\n<\/ul>\n<\/details>\n\n\n\n<details class=\"wp-block-details is-layout-flow wp-block-details-is-layout-flow\" open><summary>Miten teen palautuksen?<\/summary>\n<ul class=\"wp-block-list\">\n<li>Saat s\u00e4hk\u00f6postiisi palautuslomakkeen, t\u00e4yt\u00e4 se &amp; liimaa tilauksen mukana tullut palautustarra pakettiin.<\/li>\n<\/ul>\n<\/details>\n\n\n\n<details class=\"wp-block-details is-layout-flow wp-block-details-is-layout-flow\" open><summary>Kuinka kauan toimitus kest\u00e4\u00e4?<\/summary>\n<ul class=\"wp-block-list\">\n<li>Toimitusaika on 2-5 arkip\u00e4iv\u00e4\u00e4 tuotteen tilauksesta.<\/li>\n<\/ul>\n<\/details>\n","protected":false},"excerpt":{"rendered":"","protected":false},"author":12267,"featured_media":0,"parent":0,"menu_order":0,"comment_status":"closed","ping_status":"closed","template":"page-templates\/page_fullwidth.php","meta":{"footnotes":""},"class_list":["post-27","page","type-page","status-publish","hentry","clearfix"],"_links":{"self":[{"href":"https:\/\/blogi.savonia.fi\/wirella\/wp-json\/wp\/v2\/pages\/27","targetHints":{"allow":["GET"]}}],"collection":[{"href":"https:\/\/blogi.savonia.fi\/wirella\/wp-json\/wp\/v2\/pages"}],"about":[{"href":"https:\/\/blogi.savonia.fi\/wirella\/wp-json\/wp\/v2\/types\/page"}],"author":[{"embeddable":true,"href":"https:\/\/blogi.savonia.fi\/wirella\/wp-json\/wp\/v2\/users\/12267"}],"replies":[{"embeddable":true,"href":"https:\/\/blogi.savonia.fi\/wirella\/wp-json\/wp\/v2\/comments?post=27"}],"version-history":[{"count":15,"href":"https:\/\/blogi.savonia.fi\/wirella\/wp-json\/wp\/v2\/pages\/27\/revisions"}],"predecessor-version":[{"id":296,"href":"https:\/\/blogi.savonia.fi\/wirella\/wp-json\/wp\/v2\/pages\/27\/revisions\/296"}],"wp:attachment":[{"href":"https:\/\/blogi.savonia.fi\/wirella\/wp-json\/wp\/v2\/media?parent=27"}],"curies":[{"name":"wp","href":"https:\/\/api.w.org\/{rel}","templated":true}]}}