{"id":41,"date":"2024-11-19T09:10:37","date_gmt":"2024-11-19T07:10:37","guid":{"rendered":"https:\/\/blogi.savonia.fi\/wirella\/?page_id=41"},"modified":"2025-02-06T13:19:00","modified_gmt":"2025-02-06T11:19:00","slug":"hinnasto","status":"publish","type":"page","link":"https:\/\/blogi.savonia.fi\/wirella\/hinnasto\/","title":{"rendered":"Hinnasto"},"content":{"rendered":"\n<p><strong>Aktiivisuusnilkkakoru Wire X (sis\u00e4lt\u00e4en laturin)<\/strong><\/p>\n\n\n\n<p><\/p>\n\n\n\n<div class=\"wp-block-group\"><div class=\"wp-block-group__inner-container is-layout-constrained wp-block-group-is-layout-constrained\">\n<div class=\"wp-block-buttons is-layout-flex wp-block-buttons-is-layout-flex\">\n<div class=\"wp-block-button\"><a class=\"wp-block-button__link has-background wp-element-button\" style=\"background:linear-gradient(90deg,rgb(255,206,236) 0%,rgb(152,150,240) 0%)\">98,99 \u20ac<\/a><\/div>\n<\/div>\n\n\n\n<blockquote class=\"wp-block-quote is-layout-flow wp-block-quote-is-layout-flow\">\n<p><strong>Lis\u00e4ominaisuudet (pinnoite\/koristeet) +25-50\u20ac<\/strong><\/p>\n<\/blockquote>\n\n\n\n<p><strong>Laturi<\/strong><\/p>\n<\/div><\/div>\n\n\n\n<div class=\"wp-block-group\"><div class=\"wp-block-group__inner-container is-layout-constrained wp-block-group-is-layout-constrained\">\n<div class=\"wp-block-buttons is-layout-flex wp-block-buttons-is-layout-flex\">\n<div class=\"wp-block-button\"><a class=\"wp-block-button__link has-background wp-element-button\" style=\"border-radius:100px;background:linear-gradient(135deg,rgb(255,206,236) 0%,rgb(152,150,240) 0%)\">17,99 \u20ac<\/a><\/div>\n<\/div>\n<\/div><\/div>\n\n\n\n<p><\/p>\n\n\n\n<p><strong>Wire puhelinsovellus veloituksetta<\/strong><\/p>\n\n\n\n<p><strong>Wire+ puhelinsovellus 4,99\u20ac\/kk<\/strong><\/p>\n\n\n\n<p><strong>Toimituskulut 7,90 \u20ac<\/strong><\/p>\n\n\n\n<p>Hinnat sis\u00e4lt\u00e4v\u00e4t ALV 25,5%<\/p>\n\n\n\n<p><em>Palauta vanha Wire X aktiivisuusnilkkakoru ostaessasi uutta. Saat palautuksesta -10% alennuksen seuraavalle ostokerralle.<\/em> Palautus on ilmaista.<\/p>\n\n\n\n<p><em>Tuotteillamme on 1 vuoden takuu. <\/em><\/p>\n","protected":false},"excerpt":{"rendered":"<p>Aktiivisuusnilkkakoru Wire X (sis\u00e4lt\u00e4en laturin) Lis\u00e4ominaisuudet (pinnoite\/koristeet) +25-50\u20ac Laturi Wire puhelinsovellus veloituksetta Wire+ puhelinsovellus 4,99\u20ac\/kk Toimituskulut 7,90 \u20ac Hinnat sis\u00e4lt\u00e4v\u00e4t ALV 25,5% Palauta vanha Wire X aktiivisuusnilkkakoru ostaessasi uutta. Saat palautuksesta -10% alennuksen seuraavalle ostokerralle. Palautus on ilmaista. Tuotteillamme on [&hellip;]<\/p>\n","protected":false},"author":12267,"featured_media":0,"parent":0,"menu_order":0,"comment_status":"closed","ping_status":"closed","template":"page-templates\/page_fullwidth.php","meta":{"footnotes":""},"class_list":["post-41","page","type-page","status-publish","hentry","clearfix"],"_links":{"self":[{"href":"https:\/\/blogi.savonia.fi\/wirella\/wp-json\/wp\/v2\/pages\/41","targetHints":{"allow":["GET"]}}],"collection":[{"href":"https:\/\/blogi.savonia.fi\/wirella\/wp-json\/wp\/v2\/pages"}],"about":[{"href":"https:\/\/blogi.savonia.fi\/wirella\/wp-json\/wp\/v2\/types\/page"}],"author":[{"embeddable":true,"href":"https:\/\/blogi.savonia.fi\/wirella\/wp-json\/wp\/v2\/users\/12267"}],"replies":[{"embeddable":true,"href":"https:\/\/blogi.savonia.fi\/wirella\/wp-json\/wp\/v2\/comments?post=41"}],"version-history":[{"count":25,"href":"https:\/\/blogi.savonia.fi\/wirella\/wp-json\/wp\/v2\/pages\/41\/revisions"}],"predecessor-version":[{"id":362,"href":"https:\/\/blogi.savonia.fi\/wirella\/wp-json\/wp\/v2\/pages\/41\/revisions\/362"}],"wp:attachment":[{"href":"https:\/\/blogi.savonia.fi\/wirella\/wp-json\/wp\/v2\/media?parent=41"}],"curies":[{"name":"wp","href":"https:\/\/api.w.org\/{rel}","templated":true}]}}