{"id":44,"date":"2024-11-19T09:11:36","date_gmt":"2024-11-19T07:11:36","guid":{"rendered":"https:\/\/blogi.savonia.fi\/wirella\/?page_id=44"},"modified":"2025-02-06T13:17:59","modified_gmt":"2025-02-06T11:17:59","slug":"tuotteet","status":"publish","type":"page","link":"https:\/\/blogi.savonia.fi\/wirella\/tuotteet\/","title":{"rendered":"Tuotteet"},"content":{"rendered":"\n<p><\/p>\n\n\n\n<p class=\"has-text-align-center has-white-background-color has-background has-large-font-size\"><strong>Aktiivisuusnilkkakoru Wire X<\/strong> (98,99\u20ac)<\/p>\n\n\n<div class=\"wp-block-image is-style-rounded\">\n<figure class=\"aligncenter size-medium is-resized\"><img loading=\"lazy\" decoding=\"async\" width=\"300\" height=\"300\" src=\"https:\/\/blogi.savonia.fi\/wirella\/wp-content\/uploads\/sites\/14167\/2024\/11\/image-1-300x300.png\" alt=\"\" class=\"wp-image-235\" style=\"width:559px;height:auto\" srcset=\"https:\/\/blogi.savonia.fi\/wirella\/wp-content\/uploads\/sites\/14167\/2024\/11\/image-1-300x300.png 300w, https:\/\/blogi.savonia.fi\/wirella\/wp-content\/uploads\/sites\/14167\/2024\/11\/image-1-150x150.png 150w, https:\/\/blogi.savonia.fi\/wirella\/wp-content\/uploads\/sites\/14167\/2024\/11\/image-1-768x768.png 768w, https:\/\/blogi.savonia.fi\/wirella\/wp-content\/uploads\/sites\/14167\/2024\/11\/image-1-700x700.png 700w, https:\/\/blogi.savonia.fi\/wirella\/wp-content\/uploads\/sites\/14167\/2024\/11\/image-1-520x520.png 520w, https:\/\/blogi.savonia.fi\/wirella\/wp-content\/uploads\/sites\/14167\/2024\/11\/image-1-360x360.png 360w, https:\/\/blogi.savonia.fi\/wirella\/wp-content\/uploads\/sites\/14167\/2024\/11\/image-1-250x250.png 250w, https:\/\/blogi.savonia.fi\/wirella\/wp-content\/uploads\/sites\/14167\/2024\/11\/image-1-100x100.png 100w, https:\/\/blogi.savonia.fi\/wirella\/wp-content\/uploads\/sites\/14167\/2024\/11\/image-1.png 1024w\" sizes=\"auto, (max-width: 300px) 100vw, 300px\" \/><\/figure>\n<\/div>\n\n\n<p class=\"has-text-align-left\" style=\"font-size:21px\"><strong>Ominaisuudet:<\/strong><\/p>\n\n\n\n<ul class=\"wp-block-list\">\n<li>Hopea ja yksinkertainen<\/li>\n\n\n\n<li>Mittaa askeleet tarkasti<\/li>\n\n\n\n<li>Vedenkest\u00e4v\u00e4<\/li>\n\n\n\n<li>GPS, jonka avulla voit tallentaa reittisi<\/li>\n\n\n\n<li>Akun kesto noin 7 p\u00e4iv\u00e4\u00e4<\/li>\n\n\n\n<li>Materiaali kest\u00e4v\u00e4 ja ekologinen<\/li>\n\n\n\n<li>Toimii ilmaisen Wire sovelluksen kanssa (Play kauppa &amp; App Store)<\/li>\n\n\n\n<li>Mukana nopea laturi, (\u00bd h latausvalmis)<\/li>\n<\/ul>\n\n\n\n<p class=\"has-medium-font-size\"><strong>Lis\u00e4ominaisuudet:<\/strong><\/p>\n\n\n\n<p><em>Tee korustasi entist\u00e4 uniikimpi erilaisilla koristeilla tai pinnoitteella!<\/em><\/p>\n\n\n\n<p>Musta\/mattamusta pinnoite + 25\u20ac<\/p>\n\n\n\n<p>Kultapinnoite + 30\u20ac<\/p>\n\n\n\n<p>Timanttikoristelu + 50\u20ac<\/p>\n\n\n\n<p>Helmikoristelu +50\u20ac<\/p>\n\n\n\n<p class=\"has-text-align-center has-large-font-size\"><strong>Laturi<\/strong> (17,99\u20ac)<\/p>\n\n\n\n<p class=\"has-text-align-center\">Pikalaturi, latausaika \u00bd h<\/p>\n\n\n\n<p class=\"has-text-align-center\">(5cm x 5cm, USB-C-kaapeli)<\/p>\n\n\n<div class=\"wp-block-image is-style-rounded\">\n<figure class=\"aligncenter size-full is-resized\"><img loading=\"lazy\" decoding=\"async\" width=\"1024\" height=\"1024\" src=\"https:\/\/blogi.savonia.fi\/wirella\/wp-content\/uploads\/sites\/14167\/2024\/11\/lataa.jpg\" alt=\"\" class=\"wp-image-229\" style=\"width:559px\" srcset=\"https:\/\/blogi.savonia.fi\/wirella\/wp-content\/uploads\/sites\/14167\/2024\/11\/lataa.jpg 1024w, https:\/\/blogi.savonia.fi\/wirella\/wp-content\/uploads\/sites\/14167\/2024\/11\/lataa-300x300.jpg 300w, https:\/\/blogi.savonia.fi\/wirella\/wp-content\/uploads\/sites\/14167\/2024\/11\/lataa-150x150.jpg 150w, https:\/\/blogi.savonia.fi\/wirella\/wp-content\/uploads\/sites\/14167\/2024\/11\/lataa-768x768.jpg 768w, https:\/\/blogi.savonia.fi\/wirella\/wp-content\/uploads\/sites\/14167\/2024\/11\/lataa-700x700.jpg 700w, https:\/\/blogi.savonia.fi\/wirella\/wp-content\/uploads\/sites\/14167\/2024\/11\/lataa-520x520.jpg 520w, https:\/\/blogi.savonia.fi\/wirella\/wp-content\/uploads\/sites\/14167\/2024\/11\/lataa-360x360.jpg 360w, https:\/\/blogi.savonia.fi\/wirella\/wp-content\/uploads\/sites\/14167\/2024\/11\/lataa-250x250.jpg 250w, https:\/\/blogi.savonia.fi\/wirella\/wp-content\/uploads\/sites\/14167\/2024\/11\/lataa-100x100.jpg 100w\" sizes=\"auto, (max-width: 1024px) 100vw, 1024px\" \/><\/figure>\n<\/div>\n\n\n<p><\/p>\n\n\n\n<p class=\"has-text-align-center has-large-font-size\"><strong>Wire sovellus<\/strong><\/p>\n\n\n\n<p class=\"has-text-align-center\"><em>Lataa ilmaiseksi sovelluskaupasta<\/em><\/p>\n\n\n\n<p class=\"has-text-align-center\">Sovelluksen avulla pystyt seuraamaan p\u00e4iv\u00e4n askeleita, n\u00e4kem\u00e4\u00e4n kulkemasi reitin sek\u00e4 saat satunnaisia tsemppiviestej\u00e4.<\/p>\n\n\n\n<h2 class=\"wp-block-heading has-text-align-center\"><strong>Wire+ sovellus (4,99\u20ac\/kk)<\/strong><\/h2>\n\n\n\n<p class=\"has-text-align-center\">Premiumasiakkaiden sovelluksessa askeleiden ja kulkemasi reitin lis\u00e4ksi saat p\u00e4ivitt\u00e4in yksil\u00f6ityj\u00e4 tsemppiviestej\u00e4, voit kisailla ty\u00f6kavereittesi kanssa p\u00e4iv\u00e4n aktiivisuudesta sek\u00e4 voit halutessasi jakaa sijaintisi yst\u00e4villesi ja n\u00e4hd\u00e4 heid\u00e4n sijaintinsa.<\/p>\n\n\n\n<p class=\"has-text-align-left\"><\/p>\n\n\n<div class=\"wp-block-image is-style-rounded\">\n<figure class=\"aligncenter size-full is-resized\"><img loading=\"lazy\" decoding=\"async\" width=\"1024\" height=\"1024\" src=\"https:\/\/blogi.savonia.fi\/wirella\/wp-content\/uploads\/sites\/14167\/2024\/11\/image-2.png\" alt=\"\" class=\"wp-image-263\" style=\"width:559px\" srcset=\"https:\/\/blogi.savonia.fi\/wirella\/wp-content\/uploads\/sites\/14167\/2024\/11\/image-2.png 1024w, https:\/\/blogi.savonia.fi\/wirella\/wp-content\/uploads\/sites\/14167\/2024\/11\/image-2-300x300.png 300w, https:\/\/blogi.savonia.fi\/wirella\/wp-content\/uploads\/sites\/14167\/2024\/11\/image-2-150x150.png 150w, https:\/\/blogi.savonia.fi\/wirella\/wp-content\/uploads\/sites\/14167\/2024\/11\/image-2-768x768.png 768w, https:\/\/blogi.savonia.fi\/wirella\/wp-content\/uploads\/sites\/14167\/2024\/11\/image-2-700x700.png 700w, https:\/\/blogi.savonia.fi\/wirella\/wp-content\/uploads\/sites\/14167\/2024\/11\/image-2-520x520.png 520w, https:\/\/blogi.savonia.fi\/wirella\/wp-content\/uploads\/sites\/14167\/2024\/11\/image-2-360x360.png 360w, https:\/\/blogi.savonia.fi\/wirella\/wp-content\/uploads\/sites\/14167\/2024\/11\/image-2-250x250.png 250w, https:\/\/blogi.savonia.fi\/wirella\/wp-content\/uploads\/sites\/14167\/2024\/11\/image-2-100x100.png 100w\" sizes=\"auto, (max-width: 1024px) 100vw, 1024px\" \/><\/figure>\n<\/div>\n\n\n<p><\/p>\n\n\n\n<p class=\"has-text-align-center\"><em>Kehitteill\u00e4 uusi malli Wire Z!<\/em><\/p>\n","protected":false},"excerpt":{"rendered":"<p>Aktiivisuusnilkkakoru Wire X (98,99\u20ac) Ominaisuudet: Lis\u00e4ominaisuudet: Tee korustasi entist\u00e4 uniikimpi erilaisilla koristeilla tai pinnoitteella! Musta\/mattamusta pinnoite + 25\u20ac Kultapinnoite + 30\u20ac Timanttikoristelu + 50\u20ac Helmikoristelu +50\u20ac Laturi (17,99\u20ac) Pikalaturi, latausaika \u00bd h (5cm x 5cm, USB-C-kaapeli) Wire sovellus Lataa ilmaiseksi [&hellip;]<\/p>\n","protected":false},"author":12267,"featured_media":0,"parent":0,"menu_order":0,"comment_status":"closed","ping_status":"closed","template":"page-templates\/page_fullwidth.php","meta":{"footnotes":""},"class_list":["post-44","page","type-page","status-publish","hentry","clearfix"],"_links":{"self":[{"href":"https:\/\/blogi.savonia.fi\/wirella\/wp-json\/wp\/v2\/pages\/44","targetHints":{"allow":["GET"]}}],"collection":[{"href":"https:\/\/blogi.savonia.fi\/wirella\/wp-json\/wp\/v2\/pages"}],"about":[{"href":"https:\/\/blogi.savonia.fi\/wirella\/wp-json\/wp\/v2\/types\/page"}],"author":[{"embeddable":true,"href":"https:\/\/blogi.savonia.fi\/wirella\/wp-json\/wp\/v2\/users\/12267"}],"replies":[{"embeddable":true,"href":"https:\/\/blogi.savonia.fi\/wirella\/wp-json\/wp\/v2\/comments?post=44"}],"version-history":[{"count":44,"href":"https:\/\/blogi.savonia.fi\/wirella\/wp-json\/wp\/v2\/pages\/44\/revisions"}],"predecessor-version":[{"id":361,"href":"https:\/\/blogi.savonia.fi\/wirella\/wp-json\/wp\/v2\/pages\/44\/revisions\/361"}],"wp:attachment":[{"href":"https:\/\/blogi.savonia.fi\/wirella\/wp-json\/wp\/v2\/media?parent=44"}],"curies":[{"name":"wp","href":"https:\/\/api.w.org\/{rel}","templated":true}]}}