{"id":58,"date":"2024-11-19T09:19:00","date_gmt":"2024-11-19T07:19:00","guid":{"rendered":"https:\/\/blogi.savonia.fi\/wirella\/?page_id=58"},"modified":"2025-01-27T16:23:57","modified_gmt":"2025-01-27T14:23:57","slug":"miksi-wirella","status":"publish","type":"page","link":"https:\/\/blogi.savonia.fi\/wirella\/miksi-wirella\/","title":{"rendered":"Miksi Wire X?"},"content":{"rendered":"\n<p>Aktiivisuusnilkkakorumme auttaa sinua hahmottamaan paljonko liikut p\u00e4iv\u00e4n aikana. N\u00e4et askeleesi reaaliajassa ja n\u00e4et, miss\u00e4 olet p\u00e4iv\u00e4n aikana liikkunut. Tutkimusten mukaan p\u00e4ivitt\u00e4inen aktiivisuus laskee verenpainetta, parantaa unenlaatua sek\u00e4 parantavat ylip\u00e4\u00e4t\u00e4\u00e4n mielialaa. <\/p>\n\n\n\n<p>N\u00e4m\u00e4 asiat vaikuttavat my\u00f6s ty\u00f6hyvinvointiin sek\u00e4 sairaspoissaolojen v\u00e4henemiseen huomattavasti. Wire+ sovelluksen kisailujen avulla ty\u00f6ntekij\u00f6iden ryhm\u00e4henki kohenee ja samalla motivaatio liikkumiseen kasvaa. <\/p>\n\n\n\n<p class=\"has-medium-font-size\"><strong>Vedenkest\u00e4v\u00e4<\/strong><\/p>\n\n\n\n<ul class=\"wp-block-list\">\n<li>Wire X nilkkakoru on vedenkest\u00e4v\u00e4 ja tehty laadukkaista materiaaleista, jotka eiv\u00e4t vaurioidu esimerkiksi suihkussa<\/li>\n<\/ul>\n\n\n\n<p class=\"has-medium-font-size\"><strong>Monik\u00e4ytt\u00f6inen<\/strong><\/p>\n\n\n\n<ul class=\"wp-block-list\">\n<li>Ty\u00f6 tai harrastus ei est\u00e4 tuotteemme k\u00e4ytt\u00f6\u00e4<\/li>\n\n\n\n<li>Ratkaisu erityisesti terveys- ja ravintola-alalla ty\u00f6skenteleville <\/li>\n\n\n\n<li>S\u00e4\u00e4st\u00e4\u00e4 rahaa<\/li>\n<\/ul>\n\n\n\n<p class=\"has-medium-font-size\"><strong>Helppok\u00e4ytt\u00f6inen<\/strong><\/p>\n\n\n\n<ul class=\"wp-block-list\">\n<li>Seuraa aktiivisuuttasi helposti<\/li>\n\n\n\n<li>Yksinkertainen puhelinsovellus, joka kokoaa tiedot yhteen paikkaan<\/li>\n<\/ul>\n\n\n\n<p class=\"has-medium-font-size\"><strong>Yhteis\u00f6llisyys<\/strong><\/p>\n\n\n\n<ul class=\"wp-block-list\">\n<li>Wire+ sovellus mahdollistaa kisailun aktiivisuudesta ty\u00f6kavereiden tai perheenj\u00e4senien kanssa<\/li>\n\n\n\n<li>Voit my\u00f6s kisailla muiden kanssa ja saada uusia yst\u00e4vi\u00e4<\/li>\n<\/ul>\n\n\n\n<p class=\"has-medium-font-size\"><strong>Ulkon\u00e4k\u00f6<\/strong><\/p>\n\n\n\n<ul class=\"wp-block-list\">\n<li>Tyylik\u00e4s ja siro ulkoasu <\/li>\n\n\n\n<li>Sopii sek\u00e4 arkeen ett\u00e4 juhlaan<\/li>\n<\/ul>\n\n\n\n<p class=\"has-medium-font-size\"><strong>Kotimaisuus<\/strong><\/p>\n\n\n\n<ul class=\"wp-block-list\">\n<li>Kaikki tuotteet on valmistettu Suomessa<\/li>\n<\/ul>\n\n\n\n<p class=\"has-medium-font-size\"><strong>Sovellus<\/strong><\/p>\n\n\n\n<ul class=\"wp-block-list\">\n<li>Ohjevideot k\u00e4ytt\u00f6\u00f6n<\/li>\n\n\n\n<li>Aktiivisuuden seuranta, askeleet<\/li>\n\n\n\n<li>Tsemppiviestit<\/li>\n<\/ul>\n","protected":false},"excerpt":{"rendered":"<p>Aktiivisuusnilkkakorumme auttaa sinua hahmottamaan paljonko liikut p\u00e4iv\u00e4n aikana. N\u00e4et askeleesi reaaliajassa ja n\u00e4et, miss\u00e4 olet p\u00e4iv\u00e4n aikana liikkunut. Tutkimusten mukaan p\u00e4ivitt\u00e4inen aktiivisuus laskee verenpainetta, parantaa unenlaatua sek\u00e4 parantavat ylip\u00e4\u00e4t\u00e4\u00e4n mielialaa. N\u00e4m\u00e4 asiat vaikuttavat my\u00f6s ty\u00f6hyvinvointiin sek\u00e4 sairaspoissaolojen v\u00e4henemiseen huomattavasti. Wire+ [&hellip;]<\/p>\n","protected":false},"author":12267,"featured_media":0,"parent":0,"menu_order":0,"comment_status":"closed","ping_status":"closed","template":"page-templates\/page_fullwidth.php","meta":{"footnotes":""},"class_list":["post-58","page","type-page","status-publish","hentry","clearfix"],"_links":{"self":[{"href":"https:\/\/blogi.savonia.fi\/wirella\/wp-json\/wp\/v2\/pages\/58","targetHints":{"allow":["GET"]}}],"collection":[{"href":"https:\/\/blogi.savonia.fi\/wirella\/wp-json\/wp\/v2\/pages"}],"about":[{"href":"https:\/\/blogi.savonia.fi\/wirella\/wp-json\/wp\/v2\/types\/page"}],"author":[{"embeddable":true,"href":"https:\/\/blogi.savonia.fi\/wirella\/wp-json\/wp\/v2\/users\/12267"}],"replies":[{"embeddable":true,"href":"https:\/\/blogi.savonia.fi\/wirella\/wp-json\/wp\/v2\/comments?post=58"}],"version-history":[{"count":23,"href":"https:\/\/blogi.savonia.fi\/wirella\/wp-json\/wp\/v2\/pages\/58\/revisions"}],"predecessor-version":[{"id":343,"href":"https:\/\/blogi.savonia.fi\/wirella\/wp-json\/wp\/v2\/pages\/58\/revisions\/343"}],"wp:attachment":[{"href":"https:\/\/blogi.savonia.fi\/wirella\/wp-json\/wp\/v2\/media?parent=58"}],"curies":[{"name":"wp","href":"https:\/\/api.w.org\/{rel}","templated":true}]}}