{"id":2,"date":"2018-05-08T10:52:08","date_gmt":"2018-05-08T10:52:08","guid":{"rendered":"https:\/\/blogi.savonia.fi\/ylesharviointi\/?page_id=2"},"modified":"2018-05-08T11:25:06","modified_gmt":"2018-05-08T11:25:06","slug":"tietoa","status":"publish","type":"page","link":"https:\/\/blogi.savonia.fi\/ylesharviointi\/tietoa\/","title":{"rendered":"Tietoa blogista"},"content":{"rendered":"<p>T\u00e4ss\u00e4 blogissa kerrotaan Savonian koordinoiman hankkeen etenemisest\u00e4.<\/p>\n<p>Blogin toimituskunta:<\/p>\n<p>Pirjo Kinnunen<br \/>\nlehtori<br \/>\nSavonia-ammattikorkeakoulu<\/p>\n<p>Anna Laukkanen<br \/>\nviestint\u00e4p\u00e4\u00e4llikk\u00f6<br \/>\nSavonia-ammattikorkeakoulu<\/p>\n<p>&nbsp;<\/p>\n","protected":false},"excerpt":{"rendered":"<p>T\u00e4ss\u00e4 blogissa kerrotaan Savonian koordinoiman hankkeen etenemisest\u00e4. Blogin toimituskunta: Pirjo Kinnunen lehtori Savonia-ammattikorkeakoulu Anna Laukkanen viestint\u00e4p\u00e4\u00e4llikk\u00f6 Savonia-ammattikorkeakoulu &nbsp;<\/p>\n","protected":false},"author":476,"featured_media":0,"parent":0,"menu_order":0,"comment_status":"closed","ping_status":"open","template":"","meta":{"footnotes":""},"class_list":["post-2","page","type-page","status-publish","hentry"],"_links":{"self":[{"href":"https:\/\/blogi.savonia.fi\/ylesharviointi\/wp-json\/wp\/v2\/pages\/2","targetHints":{"allow":["GET"]}}],"collection":[{"href":"https:\/\/blogi.savonia.fi\/ylesharviointi\/wp-json\/wp\/v2\/pages"}],"about":[{"href":"https:\/\/blogi.savonia.fi\/ylesharviointi\/wp-json\/wp\/v2\/types\/page"}],"author":[{"embeddable":true,"href":"https:\/\/blogi.savonia.fi\/ylesharviointi\/wp-json\/wp\/v2\/users\/476"}],"replies":[{"embeddable":true,"href":"https:\/\/blogi.savonia.fi\/ylesharviointi\/wp-json\/wp\/v2\/comments?post=2"}],"version-history":[{"count":2,"href":"https:\/\/blogi.savonia.fi\/ylesharviointi\/wp-json\/wp\/v2\/pages\/2\/revisions"}],"predecessor-version":[{"id":19,"href":"https:\/\/blogi.savonia.fi\/ylesharviointi\/wp-json\/wp\/v2\/pages\/2\/revisions\/19"}],"wp:attachment":[{"href":"https:\/\/blogi.savonia.fi\/ylesharviointi\/wp-json\/wp\/v2\/media?parent=2"}],"curies":[{"name":"wp","href":"https:\/\/api.w.org\/{rel}","templated":true}]}}