{"id":25,"date":"2018-05-18T04:00:26","date_gmt":"2018-05-18T04:00:26","guid":{"rendered":"https:\/\/blogi.savonia.fi\/ylesharviointi\/?page_id=25"},"modified":"2018-06-04T06:46:19","modified_gmt":"2018-06-04T06:46:19","slug":"tyopaketit","status":"publish","type":"page","link":"https:\/\/blogi.savonia.fi\/ylesharviointi\/tyopaketit\/","title":{"rendered":"Tuotokset ja ty\u00f6paketit"},"content":{"rendered":"<p><span style=\"color: #000000;font-family: Tahoma\">Hankkeessa kehitet\u00e4\u00e4n kahta p\u00e4\u00e4tuotetta: Sairaanhoitajan kliinisen osaamisen ohjauksen ja arvioinnin menetelm\u00e4t ja Yleissairaanhoitajan 180 op ammatillisen perusosaamisen arviointimenetelm\u00e4t (valtakunnallinen koe). Hankkeessa kehitetyt ohjaus- ja arviointimenetelm\u00e4t suunnitellaan ja toteutetaan p\u00e4\u00e4osin verkkopohjaisina ja digitaalisesti. <\/span><\/p>\n<p><span style=\"font-family: Tahoma\"><span style=\"color: #000000\">Sairaanhoitajan kliinisen osaamisen ohjauksen ja arvioinnin menetelmi\u00e4 voidaan k\u00e4ytt\u00e4\u00e4 koulutuksen ajan ohjaamaan opiskelijan osaamisen kehittymist\u00e4 eri oppimisymp\u00e4rist\u00f6iss\u00e4 mm. taitopajoissa, simulaatioissa, verkkoymp\u00e4rist\u00f6iss\u00e4 ja harjoittelussa. Menetelm\u00e4t mahdollistavat opiskelijan opintojen nopeuttamisen edistymisen mukaan ja kliinisen osaamisen tunnistamiseen esimerkiksi aiemman koulutuksen ja ty\u00f6kokemuksen kautta. Uudet menetelm\u00e4t <\/span>tukevat monimuotoista oppimista, joka voi tapahtua esimerkiksi kes\u00e4ll\u00e4 ja kv-vaihdossa. <\/span><\/p>\n<p><span style=\"color: #000000;font-family: Tahoma\">Yleissairaanhoitajan 180 op ammatillisen perusosaamisen arviointimenetelm\u00e4t (valtakunnallinen koe) varmentaa sairaanhoitajan tutkinnon edellytt\u00e4m\u00e4n perusosaamisen ja mahdollisesti nopeuttaa opiskelijan etenemist\u00e4 opinnoissaan. Arviointimallia voidaan my\u00f6s soveltaa ulkomailla tutkinnon suorittaneiden sairaanhoitajien ja kotimaisten ty\u00f6el\u00e4m\u00e4st\u00e4 poissa olleiden ammattilaisten osaamisen arviointiin ja lis\u00e4koulutuksen r\u00e4\u00e4t\u00e4l\u00f6ityyn kohdentamiseen. <\/span><\/p>\n<p><span style=\"font-family: Tahoma\">Hanke toteutuu kahdeksana\u00a0ty\u00f6pakettina, joista jokaisesta vastaa yksi ammattikorkeakoulu yhteisty\u00f6ss\u00e4\u00a0taulukossa 1. kerrottujen toteuttajien kanssa. <\/span><\/p>\n<p>&nbsp;<\/p>\n<p><span style=\"font-family: Tahoma\">Taulukko 1. Ty\u00f6paketit, osallistujat ja etenemisaikataulu<\/span><\/p>\n<table width=\"0\">\n<tbody>\n<tr>\n<td width=\"199\"><strong>TY\u00d6PAKETTI<\/strong><\/td>\n<td width=\"132\"><strong>VASTUU AMK JA HENKIL\u00d6<\/strong><\/td>\n<td width=\"208\"><strong>TOISET TOTEUTTAJAT AMK JA HENKIL\u00d6<\/strong><\/td>\n<td width=\"170\"><strong>AIKATAULU<\/strong><\/td>\n<\/tr>\n<tr>\n<td width=\"199\"><strong>Ty\u00f6paketti 1<\/strong>:<\/p>\n<p>Yleissairaanhoitajan (180 op) osaamisvaatimusten m\u00e4\u00e4ritt\u00e4minen<\/td>\n<td width=\"132\">Savonia<\/p>\n<p>Satu Kajander-Unkuri<\/td>\n<td width=\"208\">SAMK<\/p>\n<p>Saimia<\/p>\n<p>VAMK<\/p>\n<p>&nbsp;<\/td>\n<td width=\"170\">16.4-30.9.2018<\/p>\n<p>&nbsp;<\/td>\n<\/tr>\n<tr>\n<td width=\"199\"><strong>Ty\u00f6paketti 2<\/strong>:<\/p>\n<p>Sairaanhoitaja-<\/p>\n<p>opiskelijan kliinisen osaamisen ohjauksen ja arvioinnin menetelmien tuottaminen<\/td>\n<td width=\"132\">Turku AMK<\/p>\n<p>Tiina Nurmela<\/p>\n<p>&nbsp;<\/td>\n<td width=\"208\">HAMK<\/p>\n<p>Karelia<\/p>\n<p>Lapin AMK<\/p>\n<p>Laurea<\/p>\n<p>Metropolia<\/p>\n<p>SeAMK<\/td>\n<td width=\"170\">1.5-30.9.2018<\/p>\n<p>&nbsp;<\/p>\n<p>&nbsp;<\/p>\n<p>&nbsp;<\/td>\n<\/tr>\n<tr>\n<td width=\"199\"><strong>Ty\u00f6paketti 3<\/strong>: Sairaanhoitajaopiskelijan kliinisen osaamisen ohjauksen ja arvioinnin menetelmien tekninen toteutus<\/td>\n<td width=\"132\">Metropolia<\/p>\n<p>Jukka Kes\u00e4nen<\/p>\n<p>&nbsp;<\/p>\n<p>&nbsp;<\/td>\n<td width=\"208\">Arcada<\/p>\n<p>JAMK<\/p>\n<p>Novia<\/p>\n<p>Turku AMK<\/p>\n<p>Metropolia<\/td>\n<td width=\"170\">1.8.2018-31.3.2020<\/td>\n<\/tr>\n<tr>\n<td width=\"199\"><strong>Ty\u00f6paketti 4<\/strong>: Sairaanhoitaja-<\/p>\n<p>opiskelijan kliinisen osaamisen ohjauksen ja arvioinnin menetelmien pilotointi<\/p>\n<p>&nbsp;<\/td>\n<td width=\"132\">Laurea<\/p>\n<p>Sanna Partamies<\/p>\n<p>Mika Alastalo<\/p>\n<p>&nbsp;<\/td>\n<td width=\"208\">Centria<\/p>\n<p>DIAK<\/p>\n<p>HAMK<\/p>\n<p>JAMK<\/p>\n<p>KAMK<\/p>\n<p>LAMK<\/p>\n<p>Lapin AMK<\/p>\n<p>SeAMK<\/p>\n<p>Savonia<\/td>\n<td width=\"170\">1.11.2018 -31.10.2019<\/p>\n<p><u>I vaihe<\/u>. 1.11-31.12.2018.<\/p>\n<p><u>II vaihe<\/u>. 1.1-28.3.2019..<\/p>\n<p><u>III vaihe<\/u>. 1.3-31.11.2019.<\/td>\n<\/tr>\n<tr>\n<td width=\"199\"><strong>Ty\u00f6paketti 5<\/strong>: Yleissairaanhoitajan (180 op) osaamisen arvioinnin menetelmien valinta ja sis\u00e4ll\u00f6n tuottaminen (valtakunnallinen koe)<\/td>\n<td width=\"132\">XAMK<\/p>\n<p>Paula M\u00e4kel\u00e4inen<\/p>\n<p>Tarja Turtiainen<\/p>\n<p>Anneli Airola<\/p>\n<p>Hannele Saunders<\/p>\n<p>&nbsp;<\/td>\n<td width=\"208\">Centria<\/p>\n<p>Karelia<\/p>\n<p>Metropolia<\/p>\n<p>SAMK<\/p>\n<p>Turku AMK<\/td>\n<td width=\"170\">1.5.2018 \u2013 30.11.2018<\/p>\n<p>&nbsp;<\/td>\n<\/tr>\n<tr>\n<td width=\"199\"><strong>Ty\u00f6paketti 6<\/strong>: Yleissairaanhoitajan (180 op) osaamisen arvioinnin s\u00e4hk\u00f6isen ty\u00f6alustan tekninen toteutus (valtakunnallinen koe)<\/td>\n<td width=\"132\">TAMK<\/p>\n<p>Rami Yli-Villamo<\/p>\n<p>&nbsp;<\/td>\n<td width=\"208\">Arcada<\/p>\n<p>Metropolia<\/p>\n<p>JAMK<\/p>\n<p>Novia<\/p>\n<p>&nbsp;<\/p>\n<p>&nbsp;<\/td>\n<td width=\"170\">1.8.2018-31.9.2019<\/p>\n<p><u>I vaihe:<\/u> 1.8.2018 &#8211; 31.10.2018<\/p>\n<p><u>II vaihe<\/u>: 1.11.2018 &#8211; 28.2.2019<\/p>\n<p><u>III vaihe<\/u>: 1.3.2019 &#8211; 31.9.2019.<\/td>\n<\/tr>\n<tr>\n<td width=\"199\"><strong>Ty\u00f6paketti 7<\/strong>: Yleissairaanhoitajan (180 op) osaamisen arviointimenetelmien pilotointi (valtakunnallinen koe)<\/p>\n<p>&nbsp;<\/td>\n<td width=\"132\">OAMK<\/p>\n<p>Kaisa Koivisto<\/p>\n<p>&nbsp;<\/td>\n<td width=\"208\">Arcada<\/p>\n<p>DIAK<\/p>\n<p>JAMK<\/p>\n<p>KAMK<\/p>\n<p>LAMK<\/p>\n<p>Novia<\/p>\n<p>Saimia<\/p>\n<p>SAMK<\/p>\n<p>SeAMK<\/p>\n<p>TAMK<\/p>\n<p>VAMK<\/p>\n<p>Savonia<\/td>\n<td width=\"170\">1.3.2019 -31.8.2020.<\/p>\n<p>&nbsp;<\/td>\n<\/tr>\n<tr>\n<td width=\"199\"><strong>Ty\u00f6paketti 8:<\/strong> Hallinnointi ja koordinointi<\/td>\n<td width=\"132\">Savonia<\/p>\n<p>Marja Sil\u00e9n-Lipponen<\/td>\n<td width=\"208\">Savonia<\/p>\n<p>Turku<\/p>\n<p>Metropolia<\/p>\n<p>Laurea<\/p>\n<p>XAMK<\/p>\n<p>TAMK<\/p>\n<p>OAMK<\/td>\n<td width=\"170\">5.4.2018 &#8211; 31.12.2020<\/td>\n<\/tr>\n<\/tbody>\n<\/table>\n<p>&nbsp;<\/p>\n","protected":false},"excerpt":{"rendered":"<p>Hankkeessa kehitet\u00e4\u00e4n kahta p\u00e4\u00e4tuotetta: Sairaanhoitajan kliinisen osaamisen ohjauksen ja arvioinnin menetelm\u00e4t ja Yleissairaanhoitajan 180 op ammatillisen perusosaamisen arviointimenetelm\u00e4t (valtakunnallinen koe). Hankkeessa kehitetyt ohjaus- ja arviointimenetelm\u00e4t suunnitellaan ja toteutetaan p\u00e4\u00e4osin verkkopohjaisina ja digitaalisesti. Sairaanhoitajan kliinisen osaamisen ohjauksen ja arvioinnin menetelmi\u00e4 voidaan<\/p>\n","protected":false},"author":4291,"featured_media":0,"parent":0,"menu_order":0,"comment_status":"closed","ping_status":"closed","template":"","meta":{"footnotes":""},"class_list":["post-25","page","type-page","status-publish","hentry"],"_links":{"self":[{"href":"https:\/\/blogi.savonia.fi\/ylesharviointi\/wp-json\/wp\/v2\/pages\/25","targetHints":{"allow":["GET"]}}],"collection":[{"href":"https:\/\/blogi.savonia.fi\/ylesharviointi\/wp-json\/wp\/v2\/pages"}],"about":[{"href":"https:\/\/blogi.savonia.fi\/ylesharviointi\/wp-json\/wp\/v2\/types\/page"}],"author":[{"embeddable":true,"href":"https:\/\/blogi.savonia.fi\/ylesharviointi\/wp-json\/wp\/v2\/users\/4291"}],"replies":[{"embeddable":true,"href":"https:\/\/blogi.savonia.fi\/ylesharviointi\/wp-json\/wp\/v2\/comments?post=25"}],"version-history":[{"count":1,"href":"https:\/\/blogi.savonia.fi\/ylesharviointi\/wp-json\/wp\/v2\/pages\/25\/revisions"}],"predecessor-version":[{"id":26,"href":"https:\/\/blogi.savonia.fi\/ylesharviointi\/wp-json\/wp\/v2\/pages\/25\/revisions\/26"}],"wp:attachment":[{"href":"https:\/\/blogi.savonia.fi\/ylesharviointi\/wp-json\/wp\/v2\/media?parent=25"}],"curies":[{"name":"wp","href":"https:\/\/api.w.org\/{rel}","templated":true}]}}