{"id":27,"date":"2018-05-18T04:00:46","date_gmt":"2018-05-18T04:00:46","guid":{"rendered":"https:\/\/blogi.savonia.fi\/ylesharviointi\/?page_id=27"},"modified":"2018-05-18T10:28:33","modified_gmt":"2018-05-18T10:28:33","slug":"yhteystiedot","status":"publish","type":"page","link":"https:\/\/blogi.savonia.fi\/ylesharviointi\/yhteystiedot\/","title":{"rendered":"Yhteystiedot ja toimijat"},"content":{"rendered":"<p>Hanketta koordinoi Savonia AMK\u00a0ja hankeen projektip\u00e4\u00e4llikk\u00f6 on Yliopettaja Marja Sil\u00e9n-Lipponen<br \/>\np. 044 785 6489,\u00a0marja.silen-lipponen@savonia.fi<\/p>\n<p>Hankkeessa ovat mukana Suomen kaikki 21 ammattikorkeakoulua, joissa on sairaanhoitajan tutkintoon johtavaa koulutusta: Ammattikorkeakoulu Arcada (Arcada), Centria-ammattikorkeakoulu (Centria), Diakonia-ammattikorkeakoulu (Diak), H\u00e4meen ammattikorkeakoulu (HAMK), Jyv\u00e4skyl\u00e4n ammattikorkeakoulu (JAMK), Kaakkois-Suomen ammattikorkeakoulu (Xamk), Kajaanin ammattikorkeakoulu (KAMK), Karelia ammattikorkeakoulu (Karelia), Lahden ammattikorkeakoulu (LAMK), Lapin ammattikorkeakoulu (Lapin AMK), Laurea-ammattikorkeakoulu (Laurea), Metropolia Ammattikorkeakoulu (Metropolia), Ammattikorkeakoulu Novia (Novia), Oulun ammattikorkeakoulu (OAMK), Saimaan ammattikorkeakoulu (Saimia), Satakunnan ammattikorkeakoulu (SAMK), Savonia ammattikorkeakoulu (Savonia), Sein\u00e4joen ammattikorkeakoulu (SeAMK), Tampereen ammattikorkeakoulu (TAMK), Turun ammattikorkeakoulu (Turku AMK) ja Vaasan ammattikorkeakoulu (VAMK).<\/p>\n<p>Keskeisi\u00e4 yhteisty\u00f6kumppaneita ovat Suomen sairaanhoitajaliitto ry ja sen kautta European Federation of Nursing Associations, Tehy ry, L\u00e4\u00e4kehoidon opetuksen kehitt\u00e4misen kansallinen asiantuntijaryhm\u00e4 (LOKKA), Hallintoylihoitajien verkosto ja mukana olevien ammattikorkeakoulujen ty\u00f6el\u00e4m\u00e4kumppanit ja kolmannen sektorin toimijat sek\u00e4 toisen asteen oppilaitokset l\u00e4hihoitajakoulutuksen osalta, STM, OKM sek\u00e4 lausunnon antajina Fimean koordinoima valtakunnallinen l\u00e4\u00e4keinformaatioverkosto ja Valvira.<\/p>\n<p>&nbsp;<\/p>\n<p>&nbsp;<\/p>\n","protected":false},"excerpt":{"rendered":"<p>Hanketta koordinoi Savonia AMK\u00a0ja hankeen projektip\u00e4\u00e4llikk\u00f6 on Yliopettaja Marja Sil\u00e9n-Lipponen p. 044 785 6489,\u00a0marja.silen-lipponen@savonia.fi Hankkeessa ovat mukana Suomen kaikki 21 ammattikorkeakoulua, joissa on sairaanhoitajan tutkintoon johtavaa koulutusta: Ammattikorkeakoulu Arcada (Arcada), Centria-ammattikorkeakoulu (Centria), Diakonia-ammattikorkeakoulu (Diak), H\u00e4meen ammattikorkeakoulu (HAMK), Jyv\u00e4skyl\u00e4n ammattikorkeakoulu (JAMK),<\/p>\n","protected":false},"author":4291,"featured_media":0,"parent":0,"menu_order":0,"comment_status":"closed","ping_status":"closed","template":"","meta":{"footnotes":""},"class_list":["post-27","page","type-page","status-publish","hentry"],"_links":{"self":[{"href":"https:\/\/blogi.savonia.fi\/ylesharviointi\/wp-json\/wp\/v2\/pages\/27","targetHints":{"allow":["GET"]}}],"collection":[{"href":"https:\/\/blogi.savonia.fi\/ylesharviointi\/wp-json\/wp\/v2\/pages"}],"about":[{"href":"https:\/\/blogi.savonia.fi\/ylesharviointi\/wp-json\/wp\/v2\/types\/page"}],"author":[{"embeddable":true,"href":"https:\/\/blogi.savonia.fi\/ylesharviointi\/wp-json\/wp\/v2\/users\/4291"}],"replies":[{"embeddable":true,"href":"https:\/\/blogi.savonia.fi\/ylesharviointi\/wp-json\/wp\/v2\/comments?post=27"}],"version-history":[{"count":3,"href":"https:\/\/blogi.savonia.fi\/ylesharviointi\/wp-json\/wp\/v2\/pages\/27\/revisions"}],"predecessor-version":[{"id":30,"href":"https:\/\/blogi.savonia.fi\/ylesharviointi\/wp-json\/wp\/v2\/pages\/27\/revisions\/30"}],"wp:attachment":[{"href":"https:\/\/blogi.savonia.fi\/ylesharviointi\/wp-json\/wp\/v2\/media?parent=27"}],"curies":[{"name":"wp","href":"https:\/\/api.w.org\/{rel}","templated":true}]}}