{"id":100,"date":"2024-11-06T21:32:57","date_gmt":"2024-11-06T19:32:57","guid":{"rendered":"https:\/\/blogi.savonia.fi\/yritysesittely\/?page_id=100"},"modified":"2024-11-08T20:31:48","modified_gmt":"2024-11-08T18:31:48","slug":"ylakerta-ja-cocktail-tilat","status":"publish","type":"page","link":"https:\/\/blogi.savonia.fi\/yritysesittely\/ylakerta-ja-cocktail-tilat\/","title":{"rendered":"Yl\u00e4kerta ja Cocktail-tilat"},"content":{"rendered":"<div class=\"wp-block-image\">\n<figure class=\"aligncenter size-full is-resized\"><img loading=\"lazy\" decoding=\"async\" width=\"1024\" height=\"924\" src=\"https:\/\/blogi.savonia.fi\/yritysesittely\/wp-content\/uploads\/sites\/14069\/2024\/11\/cocktailbaari2.jpg\" alt=\"\" class=\"wp-image-164\" style=\"width:357px;height:auto\" srcset=\"https:\/\/blogi.savonia.fi\/yritysesittely\/wp-content\/uploads\/sites\/14069\/2024\/11\/cocktailbaari2.jpg 1024w, https:\/\/blogi.savonia.fi\/yritysesittely\/wp-content\/uploads\/sites\/14069\/2024\/11\/cocktailbaari2-300x271.jpg 300w, https:\/\/blogi.savonia.fi\/yritysesittely\/wp-content\/uploads\/sites\/14069\/2024\/11\/cocktailbaari2-768x693.jpg 768w, https:\/\/blogi.savonia.fi\/yritysesittely\/wp-content\/uploads\/sites\/14069\/2024\/11\/cocktailbaari2-700x632.jpg 700w, https:\/\/blogi.savonia.fi\/yritysesittely\/wp-content\/uploads\/sites\/14069\/2024\/11\/cocktailbaari2-520x469.jpg 520w, https:\/\/blogi.savonia.fi\/yritysesittely\/wp-content\/uploads\/sites\/14069\/2024\/11\/cocktailbaari2-360x325.jpg 360w, https:\/\/blogi.savonia.fi\/yritysesittely\/wp-content\/uploads\/sites\/14069\/2024\/11\/cocktailbaari2-250x226.jpg 250w, https:\/\/blogi.savonia.fi\/yritysesittely\/wp-content\/uploads\/sites\/14069\/2024\/11\/cocktailbaari2-100x90.jpg 100w\" sizes=\"auto, (max-width: 1024px) 100vw, 1024px\" \/><\/figure>\n<\/div>\n\n\n<p><\/p>\n\n\n\n<p class=\"has-text-align-center\">Yl\u00e4kertamme on suunniteltu niille, jotka arvostavat esteettisi\u00e4 cocktaileja ja syv\u00e4llisi\u00e4 keskusteluja. <\/p>\n\n\n\n<p class=\"has-text-align-center\">Juomissamme k\u00e4yt\u00e4mme p\u00e4\u00e4s\u00e4\u00e4nt\u00f6isesti laadukkaita, kotimaisia ainesosia, kuten marjoja. Kehit\u00e4mme jokaiselle kaudelle uuden menun, jolla pyrimme mullistamaan mielesi ammattitaitoisella luovuudella ja osaamisella.<\/p>\n\n\n\n<p class=\"has-text-align-center\"><strong>P\u00e4\u00e4set yl\u00e4kertaamme my\u00f6s rakennuksen oikealta puolelta, portaita pitkin.<\/strong><\/p>\n\n\n\n<p class=\"has-text-align-center\"><em>Cocktailmenu marraskuu 2024<\/em><\/p>\n\n\n<div class=\"wp-block-image\">\n<figure class=\"aligncenter size-large is-resized\"><img loading=\"lazy\" decoding=\"async\" width=\"943\" height=\"943\" src=\"https:\/\/blogi.savonia.fi\/yritysesittely\/wp-content\/uploads\/sites\/14069\/2024\/11\/HINNASTO-1-edited.png\" alt=\"\" class=\"wp-image-162\" style=\"width:511px;height:auto\" srcset=\"https:\/\/blogi.savonia.fi\/yritysesittely\/wp-content\/uploads\/sites\/14069\/2024\/11\/HINNASTO-1-edited.png 943w, https:\/\/blogi.savonia.fi\/yritysesittely\/wp-content\/uploads\/sites\/14069\/2024\/11\/HINNASTO-1-edited-300x300.png 300w, https:\/\/blogi.savonia.fi\/yritysesittely\/wp-content\/uploads\/sites\/14069\/2024\/11\/HINNASTO-1-edited-150x150.png 150w, https:\/\/blogi.savonia.fi\/yritysesittely\/wp-content\/uploads\/sites\/14069\/2024\/11\/HINNASTO-1-edited-768x768.png 768w, https:\/\/blogi.savonia.fi\/yritysesittely\/wp-content\/uploads\/sites\/14069\/2024\/11\/HINNASTO-1-edited-700x700.png 700w, https:\/\/blogi.savonia.fi\/yritysesittely\/wp-content\/uploads\/sites\/14069\/2024\/11\/HINNASTO-1-edited-520x520.png 520w, https:\/\/blogi.savonia.fi\/yritysesittely\/wp-content\/uploads\/sites\/14069\/2024\/11\/HINNASTO-1-edited-360x360.png 360w, https:\/\/blogi.savonia.fi\/yritysesittely\/wp-content\/uploads\/sites\/14069\/2024\/11\/HINNASTO-1-edited-250x250.png 250w, https:\/\/blogi.savonia.fi\/yritysesittely\/wp-content\/uploads\/sites\/14069\/2024\/11\/HINNASTO-1-edited-100x100.png 100w\" sizes=\"auto, (max-width: 943px) 100vw, 943px\" \/><\/figure>\n<\/div>","protected":false},"excerpt":{"rendered":"<p>Yl\u00e4kertamme on suunniteltu niille, jotka arvostavat esteettisi\u00e4 cocktaileja ja syv\u00e4llisi\u00e4 keskusteluja. Juomissamme k\u00e4yt\u00e4mme p\u00e4\u00e4s\u00e4\u00e4nt\u00f6isesti laadukkaita, kotimaisia ainesosia, kuten marjoja. Kehit\u00e4mme jokaiselle kaudelle uuden menun, jolla pyrimme mullistamaan mielesi ammattitaitoisella luovuudella ja osaamisella. P\u00e4\u00e4set yl\u00e4kertaamme my\u00f6s rakennuksen oikealta puolelta, portaita pitkin. Cocktailmenu marraskuu 2024<\/p>\n","protected":false},"author":12200,"featured_media":0,"parent":0,"menu_order":0,"comment_status":"closed","ping_status":"closed","template":"","meta":{"footnotes":""},"class_list":["post-100","page","type-page","status-publish","hentry","clearfix"],"_links":{"self":[{"href":"https:\/\/blogi.savonia.fi\/yritysesittely\/wp-json\/wp\/v2\/pages\/100","targetHints":{"allow":["GET"]}}],"collection":[{"href":"https:\/\/blogi.savonia.fi\/yritysesittely\/wp-json\/wp\/v2\/pages"}],"about":[{"href":"https:\/\/blogi.savonia.fi\/yritysesittely\/wp-json\/wp\/v2\/types\/page"}],"author":[{"embeddable":true,"href":"https:\/\/blogi.savonia.fi\/yritysesittely\/wp-json\/wp\/v2\/users\/12200"}],"replies":[{"embeddable":true,"href":"https:\/\/blogi.savonia.fi\/yritysesittely\/wp-json\/wp\/v2\/comments?post=100"}],"version-history":[{"count":8,"href":"https:\/\/blogi.savonia.fi\/yritysesittely\/wp-json\/wp\/v2\/pages\/100\/revisions"}],"predecessor-version":[{"id":168,"href":"https:\/\/blogi.savonia.fi\/yritysesittely\/wp-json\/wp\/v2\/pages\/100\/revisions\/168"}],"wp:attachment":[{"href":"https:\/\/blogi.savonia.fi\/yritysesittely\/wp-json\/wp\/v2\/media?parent=100"}],"curies":[{"name":"wp","href":"https:\/\/api.w.org\/{rel}","templated":true}]}}