{"id":102,"date":"2024-11-06T21:33:13","date_gmt":"2024-11-06T19:33:13","guid":{"rendered":"https:\/\/blogi.savonia.fi\/yritysesittely\/?page_id=102"},"modified":"2024-12-02T11:39:46","modified_gmt":"2024-12-02T09:39:46","slug":"alakerta","status":"publish","type":"page","link":"https:\/\/blogi.savonia.fi\/yritysesittely\/alakerta\/","title":{"rendered":"Alakerta"},"content":{"rendered":"\n<p class=\"has-text-align-center\"><strong>Baarin keskikerros eli alakerta on Kotihiiren syd\u00e4n<\/strong><\/p>\n\n\n\n<p class=\"has-text-align-center\">Alakerta tarjoaa runsaimmat palvelut ja paljon tekemist\u00e4 juuri sinulle, joka kaipaa menoa ja perinteit\u00e4 kotibileiden tuntua. Keskikerroksesta l\u00f6yd\u00e4t kaksi t\u00e4ysin erilaista olohuonetta, VIP-huoneen ovikoodilla, kaikille avoimen karaokehuoneen, wc-tilat, sek\u00e4 talon vilkkaimman tiskin, joka tarjoaa laajan perinteisen valikoiman lis\u00e4ksi valittuja paikallisten pienpanimoiden tuotteita. <\/p>\n\n\n\n<p class=\"has-text-align-center\">Jos keskikerroksen meno alkaa tuntua uuvuttavalta, suuntaa yl\u00e4kertaan kokeilemaan sesonkicocktailejamme tai k\u00e4perry vilttiin kellarikerroksen rentoutumishuoneessa.<\/p>\n\n\n\n<p><\/p>\n","protected":false},"excerpt":{"rendered":"<p>Baarin keskikerros eli alakerta on Kotihiiren syd\u00e4n Alakerta tarjoaa runsaimmat palvelut ja paljon tekemist\u00e4 juuri sinulle, joka kaipaa menoa ja perinteit\u00e4 kotibileiden tuntua. Keskikerroksesta l\u00f6yd\u00e4t kaksi t\u00e4ysin erilaista olohuonetta, VIP-huoneen ovikoodilla, kaikille avoimen karaokehuoneen, wc-tilat, sek\u00e4 talon vilkkaimman tiskin, joka tarjoaa laajan perinteisen valikoiman lis\u00e4ksi valittuja paikallisten pienpanimoiden tuotteita. Jos [&hellip;]<\/p>\n","protected":false},"author":12200,"featured_media":0,"parent":0,"menu_order":0,"comment_status":"closed","ping_status":"closed","template":"","meta":{"footnotes":""},"class_list":["post-102","page","type-page","status-publish","hentry","clearfix"],"_links":{"self":[{"href":"https:\/\/blogi.savonia.fi\/yritysesittely\/wp-json\/wp\/v2\/pages\/102","targetHints":{"allow":["GET"]}}],"collection":[{"href":"https:\/\/blogi.savonia.fi\/yritysesittely\/wp-json\/wp\/v2\/pages"}],"about":[{"href":"https:\/\/blogi.savonia.fi\/yritysesittely\/wp-json\/wp\/v2\/types\/page"}],"author":[{"embeddable":true,"href":"https:\/\/blogi.savonia.fi\/yritysesittely\/wp-json\/wp\/v2\/users\/12200"}],"replies":[{"embeddable":true,"href":"https:\/\/blogi.savonia.fi\/yritysesittely\/wp-json\/wp\/v2\/comments?post=102"}],"version-history":[{"count":3,"href":"https:\/\/blogi.savonia.fi\/yritysesittely\/wp-json\/wp\/v2\/pages\/102\/revisions"}],"predecessor-version":[{"id":250,"href":"https:\/\/blogi.savonia.fi\/yritysesittely\/wp-json\/wp\/v2\/pages\/102\/revisions\/250"}],"wp:attachment":[{"href":"https:\/\/blogi.savonia.fi\/yritysesittely\/wp-json\/wp\/v2\/media?parent=102"}],"curies":[{"name":"wp","href":"https:\/\/api.w.org\/{rel}","templated":true}]}}