{"id":126,"date":"2024-11-06T22:14:46","date_gmt":"2024-11-06T20:14:46","guid":{"rendered":"https:\/\/blogi.savonia.fi\/yritysesittely\/?page_id=126"},"modified":"2024-11-08T19:53:08","modified_gmt":"2024-11-08T17:53:08","slug":"rentoutushuone","status":"publish","type":"page","link":"https:\/\/blogi.savonia.fi\/yritysesittely\/rentoutushuone\/","title":{"rendered":"Rentoutushuone"},"content":{"rendered":"\n<p class=\"has-text-align-center\">Hiljaisuutta keskell\u00e4 iltaa<\/p>\n\n\n<div class=\"wp-block-image\">\n<figure class=\"aligncenter size-full is-resized\"><img loading=\"lazy\" decoding=\"async\" width=\"1024\" height=\"1024\" src=\"https:\/\/blogi.savonia.fi\/yritysesittely\/wp-content\/uploads\/sites\/14069\/2024\/11\/magicstudio-art.jpg\" alt=\"\" class=\"wp-image-139\" style=\"width:490px;height:auto\" srcset=\"https:\/\/blogi.savonia.fi\/yritysesittely\/wp-content\/uploads\/sites\/14069\/2024\/11\/magicstudio-art.jpg 1024w, https:\/\/blogi.savonia.fi\/yritysesittely\/wp-content\/uploads\/sites\/14069\/2024\/11\/magicstudio-art-300x300.jpg 300w, https:\/\/blogi.savonia.fi\/yritysesittely\/wp-content\/uploads\/sites\/14069\/2024\/11\/magicstudio-art-150x150.jpg 150w, https:\/\/blogi.savonia.fi\/yritysesittely\/wp-content\/uploads\/sites\/14069\/2024\/11\/magicstudio-art-768x768.jpg 768w, https:\/\/blogi.savonia.fi\/yritysesittely\/wp-content\/uploads\/sites\/14069\/2024\/11\/magicstudio-art-700x700.jpg 700w, https:\/\/blogi.savonia.fi\/yritysesittely\/wp-content\/uploads\/sites\/14069\/2024\/11\/magicstudio-art-520x520.jpg 520w, https:\/\/blogi.savonia.fi\/yritysesittely\/wp-content\/uploads\/sites\/14069\/2024\/11\/magicstudio-art-360x360.jpg 360w, https:\/\/blogi.savonia.fi\/yritysesittely\/wp-content\/uploads\/sites\/14069\/2024\/11\/magicstudio-art-250x250.jpg 250w, https:\/\/blogi.savonia.fi\/yritysesittely\/wp-content\/uploads\/sites\/14069\/2024\/11\/magicstudio-art-100x100.jpg 100w\" sizes=\"auto, (max-width: 1024px) 100vw, 1024px\" \/><\/figure>\n<\/div>\n\n\n<p><\/p>\n\n\n\n<p class=\"has-text-align-center\">Onko koskaan kesken illan tuntunut silt\u00e4, ett\u00e4 haluaisit vain l\u00f6h\u00f6ilem\u00e4\u00e4n omalle kotisohvallesi? Nappaa lempijuomasi ja tule kellarikerroksen pieneen rentoutushuoneeseen, josta l\u00f6yd\u00e4t istumatilaa, miellytt\u00e4v\u00e4\u00e4 musiikkia ja tunnelmallisen valaistuksen. Jos mukanasi sattuu olemaan kuulokkeet, voit tulla nauttimaan my\u00f6s omasta musiikista, samalla kun yl\u00e4kerrasta kuuluu vaimeaa basson\u00e4\u00e4nt\u00e4. <\/p>\n\n\n\n<p class=\"has-text-align-center\">Rentoutushuone on avoinna aina ja sielt\u00e4 l\u00f6yd\u00e4t vesipisteen ja laturikaapin.<\/p>\n\n\n\n<p class=\"has-text-align-center\">Huomioithan muut k\u00e4vij\u00e4t vieraillessasi huoneessa.<\/p>\n\n\n\n<p><\/p>\n","protected":false},"excerpt":{"rendered":"<p>Hiljaisuutta keskell\u00e4 iltaa Onko koskaan kesken illan tuntunut silt\u00e4, ett\u00e4 haluaisit vain l\u00f6h\u00f6ilem\u00e4\u00e4n omalle kotisohvallesi? Nappaa lempijuomasi ja tule kellarikerroksen pieneen rentoutushuoneeseen, josta l\u00f6yd\u00e4t istumatilaa, miellytt\u00e4v\u00e4\u00e4 musiikkia ja tunnelmallisen valaistuksen. Jos mukanasi sattuu olemaan kuulokkeet, voit tulla nauttimaan my\u00f6s omasta musiikista, samalla kun yl\u00e4kerrasta kuuluu vaimeaa basson\u00e4\u00e4nt\u00e4. Rentoutushuone on avoinna [&hellip;]<\/p>\n","protected":false},"author":12200,"featured_media":0,"parent":0,"menu_order":0,"comment_status":"closed","ping_status":"closed","template":"","meta":{"footnotes":""},"class_list":["post-126","page","type-page","status-publish","hentry","clearfix"],"_links":{"self":[{"href":"https:\/\/blogi.savonia.fi\/yritysesittely\/wp-json\/wp\/v2\/pages\/126","targetHints":{"allow":["GET"]}}],"collection":[{"href":"https:\/\/blogi.savonia.fi\/yritysesittely\/wp-json\/wp\/v2\/pages"}],"about":[{"href":"https:\/\/blogi.savonia.fi\/yritysesittely\/wp-json\/wp\/v2\/types\/page"}],"author":[{"embeddable":true,"href":"https:\/\/blogi.savonia.fi\/yritysesittely\/wp-json\/wp\/v2\/users\/12200"}],"replies":[{"embeddable":true,"href":"https:\/\/blogi.savonia.fi\/yritysesittely\/wp-json\/wp\/v2\/comments?post=126"}],"version-history":[{"count":6,"href":"https:\/\/blogi.savonia.fi\/yritysesittely\/wp-json\/wp\/v2\/pages\/126\/revisions"}],"predecessor-version":[{"id":144,"href":"https:\/\/blogi.savonia.fi\/yritysesittely\/wp-json\/wp\/v2\/pages\/126\/revisions\/144"}],"wp:attachment":[{"href":"https:\/\/blogi.savonia.fi\/yritysesittely\/wp-json\/wp\/v2\/media?parent=126"}],"curies":[{"name":"wp","href":"https:\/\/api.w.org\/{rel}","templated":true}]}}