{"id":79,"date":"2024-11-06T21:07:22","date_gmt":"2024-11-06T19:07:22","guid":{"rendered":"https:\/\/blogi.savonia.fi\/yritysesittely\/?page_id=79"},"modified":"2024-11-08T20:18:40","modified_gmt":"2024-11-08T18:18:40","slug":"vip-huone","status":"publish","type":"page","link":"https:\/\/blogi.savonia.fi\/yritysesittely\/vip-huone\/","title":{"rendered":"VIP-huone"},"content":{"rendered":"\n<p class=\"has-text-align-center\"><strong>VIP-huone tarjoaa laadukkaan ja ikimuistoisen illan Kotihiiress\u00e4.<\/strong><\/p>\n\n\n\n<p class=\"has-text-align-center\">Tarjoamme teille tilavan, \u00e4\u00e4nieristetyn huoneen omalla yksityisyydell\u00e4 ja laadukkaalla \u00e4\u00e4nentoistolla. Kotihiiren VIP-huone tarjoaa mahdollisuuden omaan musiikkiin, karaokeen, valojen s\u00e4\u00e4t\u00e4miseen ja juomien tilaamiseen helposti tabletin kautta suoraan huoneeseen. Pyrimme toteuttamaan varauksessa mainittuja toiveita mahdollisimman laajasti, jotta takaamme kaikille el\u00e4myksellisen illan.<\/p>\n\n\n\n<p class=\"has-text-align-center\">Soveltuu 4-15 henkil\u00f6lle hintaan 250\u20ac\/ilta. Saat ovikoodin maksun suoritettua s\u00e4hk\u00f6postiisi. <\/p>\n\n\n\n<p class=\"has-text-align-center\"><em>\u00c4l\u00e4 jaa ovikoodia ulkopuoliselle, sill\u00e4 huone on tarkoitettu vain henkil\u00f6ille, jotka ovat ilmoittautuneet lomakkeessa.<\/em>  <\/p>\n\n\n<div class=\"wp-block-image\">\n<figure class=\"aligncenter size-full is-resized\"><img loading=\"lazy\" decoding=\"async\" width=\"1024\" height=\"944\" src=\"https:\/\/blogi.savonia.fi\/yritysesittely\/wp-content\/uploads\/sites\/14069\/2024\/11\/viphuone1.jpg\" alt=\"\" class=\"wp-image-151\" style=\"width:473px;height:auto\" srcset=\"https:\/\/blogi.savonia.fi\/yritysesittely\/wp-content\/uploads\/sites\/14069\/2024\/11\/viphuone1.jpg 1024w, https:\/\/blogi.savonia.fi\/yritysesittely\/wp-content\/uploads\/sites\/14069\/2024\/11\/viphuone1-300x277.jpg 300w, https:\/\/blogi.savonia.fi\/yritysesittely\/wp-content\/uploads\/sites\/14069\/2024\/11\/viphuone1-768x708.jpg 768w, https:\/\/blogi.savonia.fi\/yritysesittely\/wp-content\/uploads\/sites\/14069\/2024\/11\/viphuone1-700x645.jpg 700w, https:\/\/blogi.savonia.fi\/yritysesittely\/wp-content\/uploads\/sites\/14069\/2024\/11\/viphuone1-520x479.jpg 520w, https:\/\/blogi.savonia.fi\/yritysesittely\/wp-content\/uploads\/sites\/14069\/2024\/11\/viphuone1-360x332.jpg 360w, https:\/\/blogi.savonia.fi\/yritysesittely\/wp-content\/uploads\/sites\/14069\/2024\/11\/viphuone1-250x230.jpg 250w, https:\/\/blogi.savonia.fi\/yritysesittely\/wp-content\/uploads\/sites\/14069\/2024\/11\/viphuone1-100x92.jpg 100w\" sizes=\"auto, (max-width: 1024px) 100vw, 1024px\" \/><\/figure>\n<\/div>\n\n\n<p><\/p>\n\n\n\n<p><\/p>\n\n\n\n<p class=\"has-text-align-center\"><\/p>\n\n\n\n<div class=\"wp-block-buttons is-content-justification-center is-layout-flex wp-container-core-buttons-is-layout-16018d1d wp-block-buttons-is-layout-flex\">\n<div class=\"wp-block-button\"><a class=\"wp-block-button__link wp-element-button\" href=\"https:\/\/forms.gle\/VRperpi5ZXmmELT79\">Varaa t\u00e4st\u00e4<\/a><\/div>\n<\/div>\n","protected":false},"excerpt":{"rendered":"<p>VIP-huone tarjoaa laadukkaan ja ikimuistoisen illan Kotihiiress\u00e4. Tarjoamme teille tilavan, \u00e4\u00e4nieristetyn huoneen omalla yksityisyydell\u00e4 ja laadukkaalla \u00e4\u00e4nentoistolla. Kotihiiren VIP-huone tarjoaa mahdollisuuden omaan musiikkiin, karaokeen, valojen s\u00e4\u00e4t\u00e4miseen ja juomien tilaamiseen helposti tabletin kautta suoraan huoneeseen. Pyrimme toteuttamaan varauksessa mainittuja toiveita mahdollisimman laajasti, jotta takaamme kaikille el\u00e4myksellisen illan. Soveltuu 4-15 henkil\u00f6lle hintaan [&hellip;]<\/p>\n","protected":false},"author":12200,"featured_media":0,"parent":0,"menu_order":0,"comment_status":"closed","ping_status":"closed","template":"","meta":{"footnotes":""},"class_list":["post-79","page","type-page","status-publish","hentry","clearfix"],"_links":{"self":[{"href":"https:\/\/blogi.savonia.fi\/yritysesittely\/wp-json\/wp\/v2\/pages\/79","targetHints":{"allow":["GET"]}}],"collection":[{"href":"https:\/\/blogi.savonia.fi\/yritysesittely\/wp-json\/wp\/v2\/pages"}],"about":[{"href":"https:\/\/blogi.savonia.fi\/yritysesittely\/wp-json\/wp\/v2\/types\/page"}],"author":[{"embeddable":true,"href":"https:\/\/blogi.savonia.fi\/yritysesittely\/wp-json\/wp\/v2\/users\/12200"}],"replies":[{"embeddable":true,"href":"https:\/\/blogi.savonia.fi\/yritysesittely\/wp-json\/wp\/v2\/comments?post=79"}],"version-history":[{"count":11,"href":"https:\/\/blogi.savonia.fi\/yritysesittely\/wp-json\/wp\/v2\/pages\/79\/revisions"}],"predecessor-version":[{"id":161,"href":"https:\/\/blogi.savonia.fi\/yritysesittely\/wp-json\/wp\/v2\/pages\/79\/revisions\/161"}],"wp:attachment":[{"href":"https:\/\/blogi.savonia.fi\/yritysesittely\/wp-json\/wp\/v2\/media?parent=79"}],"curies":[{"name":"wp","href":"https:\/\/api.w.org\/{rel}","templated":true}]}}