{"id":86,"date":"2024-11-06T21:28:11","date_gmt":"2024-11-06T19:28:11","guid":{"rendered":"https:\/\/blogi.savonia.fi\/yritysesittely\/?page_id=86"},"modified":"2024-11-30T19:53:37","modified_gmt":"2024-11-30T17:53:37","slug":"huoneet","status":"publish","type":"page","link":"https:\/\/blogi.savonia.fi\/yritysesittely\/huoneet\/","title":{"rendered":"HUONEET"},"content":{"rendered":"\n<figure class=\"wp-block-gallery has-nested-images columns-default is-cropped wp-block-gallery-1 is-layout-flex wp-block-gallery-is-layout-flex\">\n<figure class=\"wp-block-image size-large\"><img loading=\"lazy\" decoding=\"async\" width=\"702\" height=\"405\" data-id=\"176\" src=\"https:\/\/blogi.savonia.fi\/yritysesittely\/wp-content\/uploads\/sites\/14069\/2024\/11\/pohjae.png\" alt=\"\" class=\"wp-image-176\" srcset=\"https:\/\/blogi.savonia.fi\/yritysesittely\/wp-content\/uploads\/sites\/14069\/2024\/11\/pohjae.png 702w, https:\/\/blogi.savonia.fi\/yritysesittely\/wp-content\/uploads\/sites\/14069\/2024\/11\/pohjae-300x173.png 300w, https:\/\/blogi.savonia.fi\/yritysesittely\/wp-content\/uploads\/sites\/14069\/2024\/11\/pohjae-700x404.png 700w, https:\/\/blogi.savonia.fi\/yritysesittely\/wp-content\/uploads\/sites\/14069\/2024\/11\/pohjae-520x300.png 520w, https:\/\/blogi.savonia.fi\/yritysesittely\/wp-content\/uploads\/sites\/14069\/2024\/11\/pohjae-360x208.png 360w, https:\/\/blogi.savonia.fi\/yritysesittely\/wp-content\/uploads\/sites\/14069\/2024\/11\/pohjae-250x144.png 250w, https:\/\/blogi.savonia.fi\/yritysesittely\/wp-content\/uploads\/sites\/14069\/2024\/11\/pohjae-100x58.png 100w\" sizes=\"auto, (max-width: 702px) 100vw, 702px\" \/><\/figure>\n\n\n\n<figure class=\"wp-block-image size-large\"><img loading=\"lazy\" decoding=\"async\" width=\"673\" height=\"406\" data-id=\"177\" src=\"https:\/\/blogi.savonia.fi\/yritysesittely\/wp-content\/uploads\/sites\/14069\/2024\/11\/kuva_2024-11-08_210725560.png\" alt=\"\" class=\"wp-image-177\" srcset=\"https:\/\/blogi.savonia.fi\/yritysesittely\/wp-content\/uploads\/sites\/14069\/2024\/11\/kuva_2024-11-08_210725560.png 673w, https:\/\/blogi.savonia.fi\/yritysesittely\/wp-content\/uploads\/sites\/14069\/2024\/11\/kuva_2024-11-08_210725560-300x181.png 300w, https:\/\/blogi.savonia.fi\/yritysesittely\/wp-content\/uploads\/sites\/14069\/2024\/11\/kuva_2024-11-08_210725560-520x314.png 520w, https:\/\/blogi.savonia.fi\/yritysesittely\/wp-content\/uploads\/sites\/14069\/2024\/11\/kuva_2024-11-08_210725560-360x217.png 360w, https:\/\/blogi.savonia.fi\/yritysesittely\/wp-content\/uploads\/sites\/14069\/2024\/11\/kuva_2024-11-08_210725560-250x151.png 250w, https:\/\/blogi.savonia.fi\/yritysesittely\/wp-content\/uploads\/sites\/14069\/2024\/11\/kuva_2024-11-08_210725560-100x60.png 100w\" sizes=\"auto, (max-width: 673px) 100vw, 673px\" \/><\/figure>\n<\/figure>\n\n\n\n<p><\/p>\n\n\n\n<p><\/p>\n\n\n\n<p class=\"has-text-align-center\">Kotihiiri tarjoaa laajat tilat juuri sinun tarpeittesi mukaan. T\u00e4ss\u00e4 baarissa jokainen kerros vie sinut omaan maailmaansa niiden omien ominaisuuksien kautta. <\/p>\n\n\n\n<p class=\"has-text-align-center\"><strong>Kolmikerroksinen baari, sinun iltasi, sinun el\u00e4myksesi!<\/strong><br>Nyt on aika kokea, miten jokainen kerros tuo jotain uutta ja erilaista iltaasi. Tule yksin, yst\u00e4vien kanssa tai j\u00e4rjest\u00e4 unohtumattomat juhlat \u2013 me huolehdimme lopusta! Kerrokset eroavat toisistaan tunnelmaltaan, sek\u00e4 tarjonnan suhteen. Kellarikerros tarjoaa rennon ja vapaan tunnelman, kuten pelej\u00e4 ja rentoutumishuoneen. Keskikerros on varattu bilehiirille sek\u00e4 karaokea rakastaville. Viimeisen\u00e4 erikoisuutena yl\u00e4kerta, joka keskittyy ylellisemp\u00e4\u00e4n tunnelmaan.<\/p>\n\n\n\n<p><\/p>\n","protected":false},"excerpt":{"rendered":"<p>Kotihiiri tarjoaa laajat tilat juuri sinun tarpeittesi mukaan. T\u00e4ss\u00e4 baarissa jokainen kerros vie sinut omaan maailmaansa niiden omien ominaisuuksien kautta. Kolmikerroksinen baari, sinun iltasi, sinun el\u00e4myksesi!Nyt on aika kokea, miten jokainen kerros tuo jotain uutta ja erilaista iltaasi. Tule yksin, yst\u00e4vien kanssa tai j\u00e4rjest\u00e4 unohtumattomat juhlat \u2013 me huolehdimme lopusta! [&hellip;]<\/p>\n","protected":false},"author":12200,"featured_media":0,"parent":0,"menu_order":0,"comment_status":"closed","ping_status":"closed","template":"","meta":{"footnotes":""},"class_list":["post-86","page","type-page","status-publish","hentry","clearfix"],"_links":{"self":[{"href":"https:\/\/blogi.savonia.fi\/yritysesittely\/wp-json\/wp\/v2\/pages\/86","targetHints":{"allow":["GET"]}}],"collection":[{"href":"https:\/\/blogi.savonia.fi\/yritysesittely\/wp-json\/wp\/v2\/pages"}],"about":[{"href":"https:\/\/blogi.savonia.fi\/yritysesittely\/wp-json\/wp\/v2\/types\/page"}],"author":[{"embeddable":true,"href":"https:\/\/blogi.savonia.fi\/yritysesittely\/wp-json\/wp\/v2\/users\/12200"}],"replies":[{"embeddable":true,"href":"https:\/\/blogi.savonia.fi\/yritysesittely\/wp-json\/wp\/v2\/comments?post=86"}],"version-history":[{"count":5,"href":"https:\/\/blogi.savonia.fi\/yritysesittely\/wp-json\/wp\/v2\/pages\/86\/revisions"}],"predecessor-version":[{"id":232,"href":"https:\/\/blogi.savonia.fi\/yritysesittely\/wp-json\/wp\/v2\/pages\/86\/revisions\/232"}],"wp:attachment":[{"href":"https:\/\/blogi.savonia.fi\/yritysesittely\/wp-json\/wp\/v2\/media?parent=86"}],"curies":[{"name":"wp","href":"https:\/\/api.w.org\/{rel}","templated":true}]}}