{"id":94,"date":"2024-11-06T21:32:08","date_gmt":"2024-11-06T19:32:08","guid":{"rendered":"https:\/\/blogi.savonia.fi\/yritysesittely\/?page_id=94"},"modified":"2024-12-01T14:05:11","modified_gmt":"2024-12-01T12:05:11","slug":"karaoke-huone","status":"publish","type":"page","link":"https:\/\/blogi.savonia.fi\/yritysesittely\/karaoke-huone\/","title":{"rendered":"Karaoke-huone"},"content":{"rendered":"\n<p class=\"has-text-align-center\">Karaoke-huone sijaitsee olohuoneiden v\u00e4liss\u00e4 ja on avoinna kaikille Kotihiiress\u00e4 vieraileville. Tarjoamme laajan biisivalikoiman ja lavan juuri sinulle ja yst\u00e4villesi.<\/p>\n\n\n<div class=\"wp-block-image\">\n<figure class=\"aligncenter size-large is-resized\"><img loading=\"lazy\" decoding=\"async\" width=\"1024\" height=\"669\" src=\"https:\/\/blogi.savonia.fi\/yritysesittely\/wp-content\/uploads\/sites\/14069\/2024\/11\/Karaokehuone-1024x669.jpg\" alt=\"\" class=\"wp-image-237\" style=\"width:683px;height:auto\" srcset=\"https:\/\/blogi.savonia.fi\/yritysesittely\/wp-content\/uploads\/sites\/14069\/2024\/11\/Karaokehuone-1024x669.jpg 1024w, https:\/\/blogi.savonia.fi\/yritysesittely\/wp-content\/uploads\/sites\/14069\/2024\/11\/Karaokehuone-300x196.jpg 300w, https:\/\/blogi.savonia.fi\/yritysesittely\/wp-content\/uploads\/sites\/14069\/2024\/11\/Karaokehuone-768x502.jpg 768w, https:\/\/blogi.savonia.fi\/yritysesittely\/wp-content\/uploads\/sites\/14069\/2024\/11\/Karaokehuone-700x458.jpg 700w, https:\/\/blogi.savonia.fi\/yritysesittely\/wp-content\/uploads\/sites\/14069\/2024\/11\/Karaokehuone-520x340.jpg 520w, https:\/\/blogi.savonia.fi\/yritysesittely\/wp-content\/uploads\/sites\/14069\/2024\/11\/Karaokehuone-360x235.jpg 360w, https:\/\/blogi.savonia.fi\/yritysesittely\/wp-content\/uploads\/sites\/14069\/2024\/11\/Karaokehuone-250x163.jpg 250w, https:\/\/blogi.savonia.fi\/yritysesittely\/wp-content\/uploads\/sites\/14069\/2024\/11\/Karaokehuone-100x65.jpg 100w, https:\/\/blogi.savonia.fi\/yritysesittely\/wp-content\/uploads\/sites\/14069\/2024\/11\/Karaokehuone.jpg 1325w\" sizes=\"auto, (max-width: 1024px) 100vw, 1024px\" \/><\/figure>\n<\/div>\n\n\n<p><\/p>\n\n\n\n<p><\/p>\n\n\n\n<p><\/p>\n\n\n\n<p class=\"has-text-align-center\">Haluatko laulaa syd\u00e4mesi kyllyydest\u00e4 tai kokea el\u00e4myksellisi\u00e4 hetki\u00e4 yst\u00e4vien kanssa? Olohuoneen erillinen karaokehuone on t\u00e4ydellinen paikka irrotella ja nauttia musiikista! Meid\u00e4n huoneessa ei ole vain mikrofoneja ja biisilistaa, vaan my\u00f6s hauskaa ja rentoa tunnelmaa, joka vie sinut lavalle kuin ammattilaisen. Olitpa sitten hiljainen karaokeharrastaja tai t\u00e4ysill\u00e4 esiintyv\u00e4 t\u00e4hdenkiilto, t\u00e4\u00e4ll\u00e4 kaikki voivat nauttia. Tarjolla on laaja juomavalikoima ja yst\u00e4v\u00e4llinen henkil\u00f6kunta, joka huolehtii siit\u00e4, ett\u00e4 ilta on t\u00e4ynn\u00e4 naurua ja onnistuneita esityksi\u00e4. <\/p>\n\n\n\n<p class=\"has-text-align-center\">Tule ja anna \u00e4\u00e4neni kaikua, sill\u00e4 meill\u00e4 on tila ja tunnelma valmiina!<\/p>\n","protected":false},"excerpt":{"rendered":"<p>Karaoke-huone sijaitsee olohuoneiden v\u00e4liss\u00e4 ja on avoinna kaikille Kotihiiress\u00e4 vieraileville. Tarjoamme laajan biisivalikoiman ja lavan juuri sinulle ja yst\u00e4villesi. Haluatko laulaa syd\u00e4mesi kyllyydest\u00e4 tai kokea el\u00e4myksellisi\u00e4 hetki\u00e4 yst\u00e4vien kanssa? Olohuoneen erillinen karaokehuone on t\u00e4ydellinen paikka irrotella ja nauttia musiikista! Meid\u00e4n huoneessa ei ole vain mikrofoneja ja biisilistaa, vaan my\u00f6s hauskaa [&hellip;]<\/p>\n","protected":false},"author":12200,"featured_media":0,"parent":0,"menu_order":0,"comment_status":"closed","ping_status":"closed","template":"","meta":{"footnotes":""},"class_list":["post-94","page","type-page","status-publish","hentry","clearfix"],"_links":{"self":[{"href":"https:\/\/blogi.savonia.fi\/yritysesittely\/wp-json\/wp\/v2\/pages\/94","targetHints":{"allow":["GET"]}}],"collection":[{"href":"https:\/\/blogi.savonia.fi\/yritysesittely\/wp-json\/wp\/v2\/pages"}],"about":[{"href":"https:\/\/blogi.savonia.fi\/yritysesittely\/wp-json\/wp\/v2\/types\/page"}],"author":[{"embeddable":true,"href":"https:\/\/blogi.savonia.fi\/yritysesittely\/wp-json\/wp\/v2\/users\/12200"}],"replies":[{"embeddable":true,"href":"https:\/\/blogi.savonia.fi\/yritysesittely\/wp-json\/wp\/v2\/comments?post=94"}],"version-history":[{"count":7,"href":"https:\/\/blogi.savonia.fi\/yritysesittely\/wp-json\/wp\/v2\/pages\/94\/revisions"}],"predecessor-version":[{"id":248,"href":"https:\/\/blogi.savonia.fi\/yritysesittely\/wp-json\/wp\/v2\/pages\/94\/revisions\/248"}],"wp:attachment":[{"href":"https:\/\/blogi.savonia.fi\/yritysesittely\/wp-json\/wp\/v2\/media?parent=94"}],"curies":[{"name":"wp","href":"https:\/\/api.w.org\/{rel}","templated":true}]}}