{"id":98,"date":"2024-11-06T21:32:37","date_gmt":"2024-11-06T19:32:37","guid":{"rendered":"https:\/\/blogi.savonia.fi\/yritysesittely\/?page_id=98"},"modified":"2024-11-08T19:58:27","modified_gmt":"2024-11-08T17:58:27","slug":"kellari","status":"publish","type":"page","link":"https:\/\/blogi.savonia.fi\/yritysesittely\/kellari\/","title":{"rendered":"Kellari"},"content":{"rendered":"\n<p class=\"has-text-align-center\">Maan alle rakennetusta kellarista l\u00f6yd\u00e4t biljardip\u00f6yd\u00e4n, tikkataulun ja erilaisia lauta- ja korttipelej\u00e4. Kellari on rakennettu yhdeksi alueeksi, joka soveltuu parhaiten rentouttavaan peli-illanviettoon tai sohvalla rentoutumiseen. Kellarista l\u00f6ytyy my\u00f6s hiljainen rentoutumishuone, jossa pystyt nauttimaan lempijuomastasi rentoutuen ja katsoen takkatulta. Tuo mukaan vaikka omat kuulokkeet ja nappaa villasukat mukaasi!<\/p>\n\n\n<div class=\"wp-block-image\">\n<figure class=\"aligncenter size-full is-resized\"><img loading=\"lazy\" decoding=\"async\" width=\"1024\" height=\"968\" src=\"https:\/\/blogi.savonia.fi\/yritysesittely\/wp-content\/uploads\/sites\/14069\/2024\/11\/cellar.jpg\" alt=\"\" class=\"wp-image-149\" style=\"width:499px;height:auto\" srcset=\"https:\/\/blogi.savonia.fi\/yritysesittely\/wp-content\/uploads\/sites\/14069\/2024\/11\/cellar.jpg 1024w, https:\/\/blogi.savonia.fi\/yritysesittely\/wp-content\/uploads\/sites\/14069\/2024\/11\/cellar-300x284.jpg 300w, https:\/\/blogi.savonia.fi\/yritysesittely\/wp-content\/uploads\/sites\/14069\/2024\/11\/cellar-768x726.jpg 768w, https:\/\/blogi.savonia.fi\/yritysesittely\/wp-content\/uploads\/sites\/14069\/2024\/11\/cellar-700x662.jpg 700w, https:\/\/blogi.savonia.fi\/yritysesittely\/wp-content\/uploads\/sites\/14069\/2024\/11\/cellar-520x492.jpg 520w, https:\/\/blogi.savonia.fi\/yritysesittely\/wp-content\/uploads\/sites\/14069\/2024\/11\/cellar-360x340.jpg 360w, https:\/\/blogi.savonia.fi\/yritysesittely\/wp-content\/uploads\/sites\/14069\/2024\/11\/cellar-250x236.jpg 250w, https:\/\/blogi.savonia.fi\/yritysesittely\/wp-content\/uploads\/sites\/14069\/2024\/11\/cellar-100x95.jpg 100w\" sizes=\"auto, (max-width: 1024px) 100vw, 1024px\" \/><\/figure>\n<\/div>","protected":false},"excerpt":{"rendered":"<p>Maan alle rakennetusta kellarista l\u00f6yd\u00e4t biljardip\u00f6yd\u00e4n, tikkataulun ja erilaisia lauta- ja korttipelej\u00e4. Kellari on rakennettu yhdeksi alueeksi, joka soveltuu parhaiten rentouttavaan peli-illanviettoon tai sohvalla rentoutumiseen. Kellarista l\u00f6ytyy my\u00f6s hiljainen rentoutumishuone, jossa pystyt nauttimaan lempijuomastasi rentoutuen ja katsoen takkatulta. Tuo mukaan vaikka omat kuulokkeet ja nappaa villasukat mukaasi!<\/p>\n","protected":false},"author":12200,"featured_media":0,"parent":0,"menu_order":0,"comment_status":"closed","ping_status":"closed","template":"","meta":{"footnotes":""},"class_list":["post-98","page","type-page","status-publish","hentry","clearfix"],"_links":{"self":[{"href":"https:\/\/blogi.savonia.fi\/yritysesittely\/wp-json\/wp\/v2\/pages\/98","targetHints":{"allow":["GET"]}}],"collection":[{"href":"https:\/\/blogi.savonia.fi\/yritysesittely\/wp-json\/wp\/v2\/pages"}],"about":[{"href":"https:\/\/blogi.savonia.fi\/yritysesittely\/wp-json\/wp\/v2\/types\/page"}],"author":[{"embeddable":true,"href":"https:\/\/blogi.savonia.fi\/yritysesittely\/wp-json\/wp\/v2\/users\/12200"}],"replies":[{"embeddable":true,"href":"https:\/\/blogi.savonia.fi\/yritysesittely\/wp-json\/wp\/v2\/comments?post=98"}],"version-history":[{"count":6,"href":"https:\/\/blogi.savonia.fi\/yritysesittely\/wp-json\/wp\/v2\/pages\/98\/revisions"}],"predecessor-version":[{"id":150,"href":"https:\/\/blogi.savonia.fi\/yritysesittely\/wp-json\/wp\/v2\/pages\/98\/revisions\/150"}],"wp:attachment":[{"href":"https:\/\/blogi.savonia.fi\/yritysesittely\/wp-json\/wp\/v2\/media?parent=98"}],"curies":[{"name":"wp","href":"https:\/\/api.w.org\/{rel}","templated":true}]}}